{"id":166,"date":"2015-02-04T10:46:03","date_gmt":"2015-02-04T10:46:03","guid":{"rendered":"http:\/\/narodnimuzejnis.rs\/?page_id=166"},"modified":"2023-02-23T11:29:45","modified_gmt":"2023-02-23T10:29:45","slug":"memorijalni-kompleks-12-februar","status":"publish","type":"page","link":"https:\/\/narodnimuzejnis.rs\/fr\/o-muzeju\/objekti\/memorijalni-kompleks-12-februar\/","title":{"rendered":"Le Complexe M\u00e9morial \u00ab 12 F\u00e9vrier \u00bb"},"content":{"rendered":"<p><\/p>\n\n\n\n<p>Le Camp de concentration Croix-Rouge \u00e0 Ni\u0161 a \u00e9t\u00e9 \u00e9tabli par les Allemands en septembre 1941. Dans le camp \u00e9tait d\u00e9tenu des patriotes, sans prendre en compte les tendances politiques, comme un grand nombre de Juifs et Roms. De plus de 30.000 personnes d\u00e9tenues dans le camp, plus de 10.000 furent ex\u00e9cut\u00e9es \u00e0 Bubanj, et un grand nombre intern\u00e9s en Autriche, Allemagne, Pologne et Norv\u00e8ge o\u00f9 ils furent en travail forc\u00e9. Les tortures, abus, ex\u00e9cutions et conditions de s\u00e9jour intol\u00e9rables, le froid, la famine ont \u00e9t\u00e9 syst\u00e9matiquement et statistiquement appliqu\u00e9s contre les gens ordinaires dont la plus grande faute fut celle d\u2019\u00eatre Serbe, Juif ou Rom. Mais, ni la grande torture ne peut d\u00e9truire l\u2019esprit humain et le d\u00e9sir de la libert\u00e9. Un groupe de 147 d\u00e9tenus attaqu\u00e8rent mains nues le 12 f\u00e9vrier 1942 les gardes et essay\u00e8rent une perc\u00e9e du camp. 105 y ont r\u00e9ussi dans cet essai, alors que 42 laiss\u00e8rent leur vie sur les fils du camp. Ceci fut la premi\u00e8re \u00e9vasion organis\u00e9e d\u2019un camp dans l\u2019Europe asservie.<\/p>\n\n\n\n<p>Les Allemands intensifi\u00e8rent la terreur dans le camp ce qui leur servaient pour les id\u00e9es les plus sombres que l\u2019esprit humain pouvait concevoir jusqu\u2019au 14 septembre 1944, quand, un mois apr\u00e8s la lib\u00e9ration de Ni\u0161, ils quitt\u00e8rent le camp.<\/p>\n\n\n\n<p>Apr\u00e8s la guerre, un mat\u00e9riel volumineux a \u00e9t\u00e9 rassembl\u00e9 qui comprend des documents, papiers d\u2019identit\u00e9, armes, objets personnels et photographies des d\u00e9tenus. Dans le b\u00e2timent du camp, au 25\u00e8me anniversaire de l\u2019\u00e9vasion de d\u00e9tenus, le 12 f\u00e9vrier 1967, fut ouvert le Mus\u00e9e M\u00e9morial \u00ab\u00a012 F\u00e9vrier\u00a0\u00bb, comme une m\u00e9moire \u00e9ternelle de la\u00a0souffrance et de la r\u00e9sistance h\u00e9ro\u00efque. Les crimes ne doivent jamais \u00eatre oubli\u00e9s.<\/p>\n\n\n\n<p><\/p>","protected":false},"excerpt":{"rendered":"<p>Le Camp de concentration Croix-Rouge \u00e0 Ni\u0161 a \u00e9t\u00e9 \u00e9tabli par les Allemands en septembre 1941. Dans le camp \u00e9tait d\u00e9tenu des patriotes, sans prendre &hellip;<\/p>\n","protected":false},"author":1,"featured_media":0,"parent":45,"menu_order":3,"comment_status":"closed","ping_status":"closed","template":"","meta":{"ngg_post_thumbnail":0,"_links_to":"","_links_to_target":""},"_links":{"self":[{"href":"https:\/\/narodnimuzejnis.rs\/fr\/wp-json\/wp\/v2\/pages\/166"}],"collection":[{"href":"https:\/\/narodnimuzejnis.rs\/fr\/wp-json\/wp\/v2\/pages"}],"about":[{"href":"https:\/\/narodnimuzejnis.rs\/fr\/wp-json\/wp\/v2\/types\/page"}],"author":[{"embeddable":true,"href":"https:\/\/narodnimuzejnis.rs\/fr\/wp-json\/wp\/v2\/users\/1"}],"replies":[{"embeddable":true,"href":"https:\/\/narodnimuzejnis.rs\/fr\/wp-json\/wp\/v2\/comments?post=166"}],"version-history":[{"count":6,"href":"https:\/\/narodnimuzejnis.rs\/fr\/wp-json\/wp\/v2\/pages\/166\/revisions"}],"predecessor-version":[{"id":7560,"href":"https:\/\/narodnimuzejnis.rs\/fr\/wp-json\/wp\/v2\/pages\/166\/revisions\/7560"}],"up":[{"embeddable":true,"href":"https:\/\/narodnimuzejnis.rs\/fr\/wp-json\/wp\/v2\/pages\/45"}],"wp:attachment":[{"href":"https:\/\/narodnimuzejnis.rs\/fr\/wp-json\/wp\/v2\/media?parent=166"}],"curies":[{"name":"wp","href":"https:\/\/api.w.org\/{rel}","templated":true}]}}