{"id":7925,"date":"2023-07-13T11:37:04","date_gmt":"2023-07-13T09:37:04","guid":{"rendered":"http:\/\/narodnimuzejnis.rs\/?page_id=7925"},"modified":"2023-09-12T14:24:41","modified_gmt":"2023-09-12T12:24:41","slug":"%d1%98%d0%b0%d0%b2%d0%bd%d0%b5-%d0%bd%d0%b0%d0%b1%d0%b0%d0%b2%d0%ba%d0%b5-2023","status":"publish","type":"page","link":"https:\/\/narodnimuzejnis.rs\/RS\/o-muzeju\/%d0%b4%d0%be%d0%ba%d1%83%d0%bc%d0%b5%d0%bd%d1%82%d0%b0\/%d1%98%d0%b0%d0%b2%d0%bd%d0%b5-%d0%bd%d0%b0%d0%b1%d0%b2%d0%ba%d0%b5\/%d1%98%d0%b0%d0%b2%d0%bd%d0%b5-%d0%bd%d0%b0%d0%b1%d0%b0%d0%b2%d0%ba%d0%b5-2023\/","title":{"rendered":"Javne nabavke 2023"},"content":{"rendered":"<p><\/p>\n\n\n\n<p><a href=\"http:\/\/narodnimuzejnis.rs\/o-muzeju\/%d0%b4%d0%be%d0%ba%d1%83%d0%bc%d0%b5%d0%bd%d1%82%d0%b0\/%d1%98%d0%b0%d0%b2%d0%bd%d0%b5-%d0%bd%d0%b0%d0%b1%d0%b2%d0%ba%d0%b5\/%d1%98%d0%b0%d0%b2%d0%bd%d0%b5-%d0%bd%d0%b0%d0%b1%d0%b0%d0%b2%d0%ba%d0%b5-2023\/%d1%98%d0%b0%d0%b2%d0%bd%d0%b0-%d0%bd%d0%b0%d0%b1%d0%b0%d0%b2%d0%ba%d0%b0-%d0%b1%d1%80-1-%d0%b0%d1%80%d1%85%d0%b5%d0%be%d0%bb%d0%be%d1%88%d0%ba%d0%b0-%d0%b8%d1%81%d0%ba%d0%be%d0%bf%d0%b0%d0%b2%d0%b0\/\">Javna nabavka br.1 &#8211; Arheolo\u0161ka iskopavanja na lokalitetima Velika Humska \u010cuka i Medijana<\/a><\/p>\n\n\n\n<p><a href=\"http:\/\/narodnimuzejnis.rs\/o-muzeju\/%d0%b4%d0%be%d0%ba%d1%83%d0%bc%d0%b5%d0%bd%d1%82%d0%b0\/%d1%98%d0%b0%d0%b2%d0%bd%d0%b5-%d0%bd%d0%b0%d0%b1%d0%b2%d0%ba%d0%b5\/%d1%98%d0%b0%d0%b2%d0%bd%d0%b5-%d0%bd%d0%b0%d0%b1%d0%b0%d0%b2%d0%ba%d0%b5-2023\/%d1%98%d0%b0%d0%b2%d0%bd%d0%b0-%d0%bd%d0%b0%d0%b1%d0%b0%d0%b2%d0%ba%d0%b0-%d0%b1%d1%80-2-%d0%b8%d0%b7%d0%b2%d0%be%d1%92%d0%b5%d1%9a%d0%b5-%d1%80%d0%b0%d0%b4%d0%be%d0%b2%d0%b0-%d0%bd%d0%b0-%d0%b3\/\">Javna nabavka br.2 &#8211; Izvo\u0111emje radova na Galeriji Sinagoga popravka krova i fasade<\/a><\/p>\n\n\n\n<p><\/p>","protected":false},"excerpt":{"rendered":"<p>Javna nabavka br.1 &#8211; Arheolo\u0161ka iskopavanja na lokalitetima Velika Humska \u010cuka i Medijana Javna nabavka br.2 &#8211; Izvo\u0111emje radova na Galeriji Sinagoga popravka krova i &hellip;<\/p>\n","protected":false},"author":1,"featured_media":0,"parent":2031,"menu_order":0,"comment_status":"closed","ping_status":"closed","template":"","meta":{"ngg_post_thumbnail":0,"_links_to":"","_links_to_target":""},"_links":{"self":[{"href":"https:\/\/narodnimuzejnis.rs\/RS\/wp-json\/wp\/v2\/pages\/7925"}],"collection":[{"href":"https:\/\/narodnimuzejnis.rs\/RS\/wp-json\/wp\/v2\/pages"}],"about":[{"href":"https:\/\/narodnimuzejnis.rs\/RS\/wp-json\/wp\/v2\/types\/page"}],"author":[{"embeddable":true,"href":"https:\/\/narodnimuzejnis.rs\/RS\/wp-json\/wp\/v2\/users\/1"}],"replies":[{"embeddable":true,"href":"https:\/\/narodnimuzejnis.rs\/RS\/wp-json\/wp\/v2\/comments?post=7925"}],"version-history":[{"count":5,"href":"https:\/\/narodnimuzejnis.rs\/RS\/wp-json\/wp\/v2\/pages\/7925\/revisions"}],"predecessor-version":[{"id":8014,"href":"https:\/\/narodnimuzejnis.rs\/RS\/wp-json\/wp\/v2\/pages\/7925\/revisions\/8014"}],"up":[{"embeddable":true,"href":"https:\/\/narodnimuzejnis.rs\/RS\/wp-json\/wp\/v2\/pages\/2031"}],"wp:attachment":[{"href":"https:\/\/narodnimuzejnis.rs\/RS\/wp-json\/wp\/v2\/media?parent=7925"}],"curies":[{"name":"wp","href":"https:\/\/api.w.org\/{rel}","templated":true}]}}