{"id":75,"date":"2015-02-04T10:04:19","date_gmt":"2015-02-04T10:04:19","guid":{"rendered":"http:\/\/narodnimuzejnis.rs\/?page_id=75"},"modified":"2026-04-06T09:41:53","modified_gmt":"2026-04-06T07:41:53","slug":"aktuelne-izlozbe","status":"publish","type":"page","link":"https:\/\/narodnimuzejnis.rs\/RS\/izlozbe\/aktuelne-izlozbe\/","title":{"rendered":"Aktuelne izlo\u017ebe"},"content":{"rendered":"<p><\/p>\n\n\n\n<p><strong>Izlo\u017eba \u201e Ispit zrelosti \u2013 Maturanti vojvo\u0111anskih gimnazija od polovine 19. veka do 60-tih godina 20. veka\u201c<\/strong><\/p>\n\n\n\n<p>U Galeriji Sinagoga sve\u010dano je otvorena izlo\u017eba \u201e Ispit zrelosti \u2013 Maturanti vojvo\u0111anskih gimnazija od polovine 19. veka do 60-tih godina 20. veka\u201c.<\/p>\n\n\n\n<p>Autorke izlo\u017ebe su direktorka Muzeja Vojvodine, \u010carna Milinkovi\u0107 i muzejki savetnik u penziji Ljubica Oti\u0107.<\/p>\n\n\n\n<p>&nbsp;Prisutne je pozdravila direktorka Narodnog muzeja Ni\u0161, Marina Vlaisavljevi\u0107.<\/p>\n\n\n\n<p>Izlo\u017ebi je prisustvovao pomo\u0107nik Gradona\u010delnika Grada Ni\u0161a Boban Man\u010dev, a istu je otvorila ve\u0107nica za kulturu Ivana Cvetkovi\u0107.<\/p>\n\n\n\n<p>Izlo\u017eba se bavi temom gimnazijskog obrazovanja, odrastanja, polaganja i proslave mature. Kroz autenti\u010dne predmete i pri\u010de, posetioci \u0107e imati priliku da zavire u svet maturanata vojvo\u0107anskih gimnazija kroz istoriju.<\/p>\n\n\n\n<p>Ovom izlo\u017ebom &nbsp;Narodni muzej Ni\u0161 obele\u017eio je zna\u010dajan jubilej, 93 godine od osnivanja muzeja.<\/p>\n\n\n\n<p>Izlo\u017eba za posetioce bi\u0107e otvorena do 31. maja 2026. godine.<\/p>\n\n\n\n<p><\/p>\n\n\n\n<!-- index.php -->\n<div\n\tclass=\"ngg-galleryoverview ngg-ajax-pagination-none\"\n\tid=\"ngg-gallery-f82a1b1245af51b97e10b940e0899c73-1\">\n\n    \t\t<!-- Thumbnails -->\n\t\t\t\t<div id=\"ngg-image-0\" class=\"ngg-gallery-thumbnail-box\" >\n\t\t\t\t        <div class=\"ngg-gallery-thumbnail\">\n            <a href=\"https:\/\/narodnimuzejnis.rs\/wp-content\/gallery\/ispit-zrelosti-2026\/slika1.jpg\"\n               title=\"\"\n               data-src=\"https:\/\/narodnimuzejnis.rs\/wp-content\/gallery\/ispit-zrelosti-2026\/slika1.jpg\"\n               data-thumbnail=\"https:\/\/narodnimuzejnis.rs\/wp-content\/gallery\/ispit-zrelosti-2026\/thumbs\/thumbs_slika1.jpg\"\n               data-image-id=\"1816\"\n               data-title=\"slika1\"\n               data-description=\"\"\n               data-image-slug=\"slika1-26\"\n               class=\"ngg-fancybox\" rel=\"f82a1b1245af51b97e10b940e0899c73\">\n                <img\n                    title=\"slika1\"\n                    alt=\"slika1\"\n                    src=\"https:\/\/narodnimuzejnis.rs\/wp-content\/gallery\/ispit-zrelosti-2026\/cache\/slika1.jpg-nggid041816-ngg0dyn-220x165x100-00f0w010c011r110f110r010t010.jpg\"\n                    width=\"220\"\n                    height=\"165\"\n                    style=\"max-width:100%;\"\n                \/>\n            <\/a>\n        <\/div>\n\t\t\t\t\t\t\t<\/div> \n\t\t\t\n        \n\t\t\t\t<div id=\"ngg-image-1\" class=\"ngg-gallery-thumbnail-box\" >\n\t\t\t\t        <div class=\"ngg-gallery-thumbnail\">\n            <a href=\"https:\/\/narodnimuzejnis.rs\/wp-content\/gallery\/ispit-zrelosti-2026\/slika5.jpg\"\n               title=\"\"\n               data-src=\"https:\/\/narodnimuzejnis.rs\/wp-content\/gallery\/ispit-zrelosti-2026\/slika5.jpg\"\n               data-thumbnail=\"https:\/\/narodnimuzejnis.rs\/wp-content\/gallery\/ispit-zrelosti-2026\/thumbs\/thumbs_slika5.jpg\"\n               data-image-id=\"1817\"\n               data-title=\"slika5\"\n               data-description=\"\"\n               data-image-slug=\"slika5-25\"\n               class=\"ngg-fancybox\" rel=\"f82a1b1245af51b97e10b940e0899c73\">\n                <img\n                    title=\"slika5\"\n                    alt=\"slika5\"\n                    src=\"https:\/\/narodnimuzejnis.rs\/wp-content\/gallery\/ispit-zrelosti-2026\/cache\/slika5.jpg-nggid041817-ngg0dyn-220x165x100-00f0w010c011r110f110r010t010.jpg\"\n                    width=\"220\"\n                    height=\"165\"\n                    style=\"max-width:100%;\"\n                \/>\n            <\/a>\n        <\/div>\n\t\t\t\t\t\t\t<\/div> \n\t\t\t\n        \n\t\t\t\t<div id=\"ngg-image-2\" class=\"ngg-gallery-thumbnail-box\" >\n\t\t\t\t        <div class=\"ngg-gallery-thumbnail\">\n            <a href=\"https:\/\/narodnimuzejnis.rs\/wp-content\/gallery\/ispit-zrelosti-2026\/slika2.jpg\"\n               title=\"\"\n               data-src=\"https:\/\/narodnimuzejnis.rs\/wp-content\/gallery\/ispit-zrelosti-2026\/slika2.jpg\"\n               data-thumbnail=\"https:\/\/narodnimuzejnis.rs\/wp-content\/gallery\/ispit-zrelosti-2026\/thumbs\/thumbs_slika2.jpg\"\n               data-image-id=\"1818\"\n               data-title=\"slika2\"\n               data-description=\"\"\n               data-image-slug=\"slika2-26\"\n               class=\"ngg-fancybox\" rel=\"f82a1b1245af51b97e10b940e0899c73\">\n                <img\n                    title=\"slika2\"\n                    alt=\"slika2\"\n                    src=\"https:\/\/narodnimuzejnis.rs\/wp-content\/gallery\/ispit-zrelosti-2026\/cache\/slika2.jpg-nggid041818-ngg0dyn-220x165x100-00f0w010c011r110f110r010t010.jpg\"\n                    width=\"220\"\n                    height=\"165\"\n                    style=\"max-width:100%;\"\n                \/>\n            <\/a>\n        <\/div>\n\t\t\t\t\t\t\t<\/div> \n\t\t\t\n        \n\t\t\t\t<div id=\"ngg-image-3\" class=\"ngg-gallery-thumbnail-box\" style=\"display: none;\">\n\t\t\t\t        <div class=\"ngg-gallery-thumbnail\">\n            <a href=\"https:\/\/narodnimuzejnis.rs\/wp-content\/gallery\/ispit-zrelosti-2026\/slika4.jpg\"\n               title=\"\"\n               data-src=\"https:\/\/narodnimuzejnis.rs\/wp-content\/gallery\/ispit-zrelosti-2026\/slika4.jpg\"\n               data-thumbnail=\"https:\/\/narodnimuzejnis.rs\/wp-content\/gallery\/ispit-zrelosti-2026\/thumbs\/thumbs_slika4.jpg\"\n               data-image-id=\"1819\"\n               data-title=\"slika4\"\n               data-description=\"\"\n               data-image-slug=\"slika4-25\"\n               class=\"ngg-fancybox\" rel=\"f82a1b1245af51b97e10b940e0899c73\">\n                <img\n                    title=\"slika4\"\n                    alt=\"slika4\"\n                    src=\"https:\/\/narodnimuzejnis.rs\/wp-content\/gallery\/ispit-zrelosti-2026\/cache\/slika4.jpg-nggid041819-ngg0dyn-220x165x100-00f0w010c011r110f110r010t010.jpg\"\n                    width=\"220\"\n                    height=\"165\"\n                    style=\"max-width:100%;\"\n                \/>\n            <\/a>\n        <\/div>\n\t\t\t\t\t\t\t<\/div> \n\t\t\t\n        \n\t\t\t\t<div id=\"ngg-image-4\" class=\"ngg-gallery-thumbnail-box\" style=\"display: none;\">\n\t\t\t\t        <div class=\"ngg-gallery-thumbnail\">\n            <a href=\"https:\/\/narodnimuzejnis.rs\/wp-content\/gallery\/ispit-zrelosti-2026\/slika6.jpg\"\n               title=\"\"\n               data-src=\"https:\/\/narodnimuzejnis.rs\/wp-content\/gallery\/ispit-zrelosti-2026\/slika6.jpg\"\n               data-thumbnail=\"https:\/\/narodnimuzejnis.rs\/wp-content\/gallery\/ispit-zrelosti-2026\/thumbs\/thumbs_slika6.jpg\"\n               data-image-id=\"1820\"\n               data-title=\"slika6\"\n               data-description=\"\"\n               data-image-slug=\"slika6-9\"\n               class=\"ngg-fancybox\" rel=\"f82a1b1245af51b97e10b940e0899c73\">\n                <img\n                    title=\"slika6\"\n                    alt=\"slika6\"\n                    src=\"https:\/\/narodnimuzejnis.rs\/wp-content\/gallery\/ispit-zrelosti-2026\/cache\/slika6.jpg-nggid041820-ngg0dyn-220x165x100-00f0w010c011r110f110r010t010.jpg\"\n                    width=\"220\"\n                    height=\"165\"\n                    style=\"max-width:100%;\"\n                \/>\n            <\/a>\n        <\/div>\n\t\t\t\t\t\t\t<\/div> \n\t\t\t\n        \n\t\t\t\t<div id=\"ngg-image-5\" class=\"ngg-gallery-thumbnail-box\" style=\"display: none;\">\n\t\t\t\t        <div class=\"ngg-gallery-thumbnail\">\n            <a href=\"https:\/\/narodnimuzejnis.rs\/wp-content\/gallery\/ispit-zrelosti-2026\/slika3.jpg\"\n               title=\"\"\n               data-src=\"https:\/\/narodnimuzejnis.rs\/wp-content\/gallery\/ispit-zrelosti-2026\/slika3.jpg\"\n               data-thumbnail=\"https:\/\/narodnimuzejnis.rs\/wp-content\/gallery\/ispit-zrelosti-2026\/thumbs\/thumbs_slika3.jpg\"\n               data-image-id=\"1821\"\n               data-title=\"slika3\"\n               data-description=\"\"\n               data-image-slug=\"slika3-26\"\n               class=\"ngg-fancybox\" rel=\"f82a1b1245af51b97e10b940e0899c73\">\n                <img\n                    title=\"slika3\"\n                    alt=\"slika3\"\n                    src=\"https:\/\/narodnimuzejnis.rs\/wp-content\/gallery\/ispit-zrelosti-2026\/cache\/slika3.jpg-nggid041821-ngg0dyn-220x165x100-00f0w010c011r110f110r010t010.jpg\"\n                    width=\"220\"\n                    height=\"165\"\n                    style=\"max-width:100%;\"\n                \/>\n            <\/a>\n        <\/div>\n\t\t\t\t\t\t\t<\/div> \n\t\t\t\n        \n\t\t\t\t<div id=\"ngg-image-6\" class=\"ngg-gallery-thumbnail-box\" style=\"display: none;\">\n\t\t\t\t        <div class=\"ngg-gallery-thumbnail\">\n            <a href=\"https:\/\/narodnimuzejnis.rs\/wp-content\/gallery\/ispit-zrelosti-2026\/slika7.jpg\"\n               title=\"\"\n               data-src=\"https:\/\/narodnimuzejnis.rs\/wp-content\/gallery\/ispit-zrelosti-2026\/slika7.jpg\"\n               data-thumbnail=\"https:\/\/narodnimuzejnis.rs\/wp-content\/gallery\/ispit-zrelosti-2026\/thumbs\/thumbs_slika7.jpg\"\n               data-image-id=\"1822\"\n               data-title=\"slika7\"\n               data-description=\"\"\n               data-image-slug=\"slika7-7\"\n               class=\"ngg-fancybox\" rel=\"f82a1b1245af51b97e10b940e0899c73\">\n                <img\n                    title=\"slika7\"\n                    alt=\"slika7\"\n                    src=\"https:\/\/narodnimuzejnis.rs\/wp-content\/gallery\/ispit-zrelosti-2026\/cache\/slika7.jpg-nggid041822-ngg0dyn-220x165x100-00f0w010c011r110f110r010t010.jpg\"\n                    width=\"220\"\n                    height=\"165\"\n                    style=\"max-width:100%;\"\n                \/>\n            <\/a>\n        <\/div>\n\t\t\t\t\t\t\t<\/div> \n\t\t\t\n        \n\t\t\t\t<div id=\"ngg-image-7\" class=\"ngg-gallery-thumbnail-box\" style=\"display: none;\">\n\t\t\t\t        <div class=\"ngg-gallery-thumbnail\">\n            <a href=\"https:\/\/narodnimuzejnis.rs\/wp-content\/gallery\/ispit-zrelosti-2026\/slika8.jpg\"\n               title=\"\"\n               data-src=\"https:\/\/narodnimuzejnis.rs\/wp-content\/gallery\/ispit-zrelosti-2026\/slika8.jpg\"\n               data-thumbnail=\"https:\/\/narodnimuzejnis.rs\/wp-content\/gallery\/ispit-zrelosti-2026\/thumbs\/thumbs_slika8.jpg\"\n               data-image-id=\"1823\"\n               data-title=\"slika8\"\n               data-description=\"\"\n               data-image-slug=\"slika8-5\"\n               class=\"ngg-fancybox\" rel=\"f82a1b1245af51b97e10b940e0899c73\">\n                <img\n                    title=\"slika8\"\n                    alt=\"slika8\"\n                    src=\"https:\/\/narodnimuzejnis.rs\/wp-content\/gallery\/ispit-zrelosti-2026\/cache\/slika8.jpg-nggid041823-ngg0dyn-220x165x100-00f0w010c011r110f110r010t010.jpg\"\n                    width=\"220\"\n                    height=\"165\"\n                    style=\"max-width:100%;\"\n                \/>\n            <\/a>\n        <\/div>\n\t\t\t\t\t\t\t<\/div> \n\t\t\t\n        \n\t\t\t\t<div id=\"ngg-image-8\" class=\"ngg-gallery-thumbnail-box\" style=\"display: none;\">\n\t\t\t\t        <div class=\"ngg-gallery-thumbnail\">\n            <a href=\"https:\/\/narodnimuzejnis.rs\/wp-content\/gallery\/ispit-zrelosti-2026\/slika9.jpg\"\n               title=\"\"\n               data-src=\"https:\/\/narodnimuzejnis.rs\/wp-content\/gallery\/ispit-zrelosti-2026\/slika9.jpg\"\n               data-thumbnail=\"https:\/\/narodnimuzejnis.rs\/wp-content\/gallery\/ispit-zrelosti-2026\/thumbs\/thumbs_slika9.jpg\"\n               data-image-id=\"1824\"\n               data-title=\"slika9\"\n               data-description=\"\"\n               data-image-slug=\"slika9-3\"\n               class=\"ngg-fancybox\" rel=\"f82a1b1245af51b97e10b940e0899c73\">\n                <img\n                    title=\"slika9\"\n                    alt=\"slika9\"\n                    src=\"https:\/\/narodnimuzejnis.rs\/wp-content\/gallery\/ispit-zrelosti-2026\/cache\/slika9.jpg-nggid041824-ngg0dyn-220x165x100-00f0w010c011r110f110r010t010.jpg\"\n                    width=\"220\"\n                    height=\"165\"\n                    style=\"max-width:100%;\"\n                \/>\n            <\/a>\n        <\/div>\n\t\t\t\t\t\t\t<\/div> \n\t\t\t\n        \n\t\t\t\t<div id=\"ngg-image-9\" class=\"ngg-gallery-thumbnail-box\" style=\"display: none;\">\n\t\t\t\t        <div class=\"ngg-gallery-thumbnail\">\n            <a href=\"https:\/\/narodnimuzejnis.rs\/wp-content\/gallery\/ispit-zrelosti-2026\/slika10.jpg\"\n               title=\"\"\n               data-src=\"https:\/\/narodnimuzejnis.rs\/wp-content\/gallery\/ispit-zrelosti-2026\/slika10.jpg\"\n               data-thumbnail=\"https:\/\/narodnimuzejnis.rs\/wp-content\/gallery\/ispit-zrelosti-2026\/thumbs\/thumbs_slika10.jpg\"\n               data-image-id=\"1825\"\n               data-title=\"slika10\"\n               data-description=\"\"\n               data-image-slug=\"slika10-2\"\n               class=\"ngg-fancybox\" rel=\"f82a1b1245af51b97e10b940e0899c73\">\n                <img\n                    title=\"slika10\"\n                    alt=\"slika10\"\n                    src=\"https:\/\/narodnimuzejnis.rs\/wp-content\/gallery\/ispit-zrelosti-2026\/cache\/slika10.jpg-nggid041825-ngg0dyn-220x165x100-00f0w010c011r110f110r010t010.jpg\"\n                    width=\"220\"\n                    height=\"165\"\n                    style=\"max-width:100%;\"\n                \/>\n            <\/a>\n        <\/div>\n\t\t\t\t\t\t\t<\/div> \n\t\t\t\n        \n\t\t\n\t\t<!-- Pagination -->\n\t<div class='ngg-navigation'><span class='current'>1<\/span>\n<a class='page-numbers' data-pageid='2' href='https:\/\/narodnimuzejnis.rs\/RS\/izlozbe\/aktuelne-izlozbe\/nggallery\/page\/2'>2<\/a>\n<span class='ellipsis'>...<\/span>\n<a class='page-numbers' data-pageid='4' href='https:\/\/narodnimuzejnis.rs\/RS\/izlozbe\/aktuelne-izlozbe\/nggallery\/page\/4'>4<\/a>\n<a class='prev' href='https:\/\/narodnimuzejnis.rs\/RS\/izlozbe\/aktuelne-izlozbe\/nggallery\/page\/2' data-pageid=2>&#9658;<\/a><\/div>\t<\/div>\n","protected":false},"excerpt":{"rendered":"<p>Izlo\u017eba \u201e Ispit zrelosti \u2013 Maturanti vojvo\u0111anskih gimnazija od polovine 19. veka do 60-tih godina 20. veka\u201c U Galeriji Sinagoga sve\u010dano je otvorena izlo\u017eba \u201e &hellip;<\/p>\n","protected":false},"author":1,"featured_media":0,"parent":33,"menu_order":2,"comment_status":"closed","ping_status":"closed","template":"","meta":{"ngg_post_thumbnail":0,"_links_to":"","_links_to_target":""},"_links":{"self":[{"href":"https:\/\/narodnimuzejnis.rs\/RS\/wp-json\/wp\/v2\/pages\/75"}],"collection":[{"href":"https:\/\/narodnimuzejnis.rs\/RS\/wp-json\/wp\/v2\/pages"}],"about":[{"href":"https:\/\/narodnimuzejnis.rs\/RS\/wp-json\/wp\/v2\/types\/page"}],"author":[{"embeddable":true,"href":"https:\/\/narodnimuzejnis.rs\/RS\/wp-json\/wp\/v2\/users\/1"}],"replies":[{"embeddable":true,"href":"https:\/\/narodnimuzejnis.rs\/RS\/wp-json\/wp\/v2\/comments?post=75"}],"version-history":[{"count":134,"href":"https:\/\/narodnimuzejnis.rs\/RS\/wp-json\/wp\/v2\/pages\/75\/revisions"}],"predecessor-version":[{"id":8848,"href":"https:\/\/narodnimuzejnis.rs\/RS\/wp-json\/wp\/v2\/pages\/75\/revisions\/8848"}],"up":[{"embeddable":true,"href":"https:\/\/narodnimuzejnis.rs\/RS\/wp-json\/wp\/v2\/pages\/33"}],"wp:attachment":[{"href":"https:\/\/narodnimuzejnis.rs\/RS\/wp-json\/wp\/v2\/media?parent=75"}],"curies":[{"name":"wp","href":"https:\/\/api.w.org\/{rel}","templated":true}]}}