{"id":69,"date":"2015-02-04T10:02:57","date_gmt":"2015-02-04T10:02:57","guid":{"rendered":"http:\/\/narodnimuzejnis.rs\/?page_id=69"},"modified":"2023-02-27T12:25:40","modified_gmt":"2023-02-27T11:25:40","slug":"odeljenje-za-dokumentaciju","status":"publish","type":"page","link":"https:\/\/narodnimuzejnis.rs\/RS\/o-muzeju\/odeljenja\/odeljenje-za-dokumentaciju\/","title":{"rendered":"Odeljenje za dokumentaciju sa fotoslu\u017ebom i bibliotekom"},"content":{"rendered":"<p><\/p>\n\n\n\n<p>Odeljenje za dokumentaciju formirano je 2000. godine, kao posebno muzejsko odeljenje. Do tada su pojedini kustosi pored svojih zbirki obra\u0111ivali i vodili dokumentaciju, a zatim taj posao preuzima kustos dokumentarista. Odeljenju pripadaju i fotolaboratorija sa hemerotekom i biblioteka.&nbsp; Savremene tendencije podrazumevaju da se materijal druga\u010dije \u010duva i obra\u0111uje, pa je tako&nbsp;sa ciljem unapre\u0111enja stru\u010dnog rada i promovisanja muzejskog fonda Odeljenje dokumentacije uvelo primenu 3D skenera u formiranju digitalne dokumentacije. Realizacijom implementacije jedinstvenog informacionog sistema u muzejima Srbije od 2018. godine po\u010dinje digitalizacija kompletnih muzejskih zbirki.<\/p>\n\n\n\n<!-- index.php -->\n<div\n\tclass=\"ngg-galleryoverview ngg-ajax-pagination-none\"\n\tid=\"ngg-gallery-6f9c41c31440954734835a53c7c0c974-1\">\n\n    \t\t<!-- Thumbnails -->\n\t\t\t\t<div id=\"ngg-image-0\" class=\"ngg-gallery-thumbnail-box\" >\n\t\t\t\t        <div class=\"ngg-gallery-thumbnail\">\n            <a href=\"https:\/\/narodnimuzejnis.rs\/wp-content\/gallery\/dokumentacija\/2.fw_.png\"\n               title=\"\"\n               data-src=\"https:\/\/narodnimuzejnis.rs\/wp-content\/gallery\/dokumentacija\/2.fw_.png\"\n               data-thumbnail=\"https:\/\/narodnimuzejnis.rs\/wp-content\/gallery\/dokumentacija\/thumbs\/thumbs_2.fw_.png\"\n               data-image-id=\"1285\"\n               data-title=\"2.fw_\"\n               data-description=\"\"\n               data-image-slug=\"2-fw_\"\n               class=\"ngg-fancybox\" rel=\"6f9c41c31440954734835a53c7c0c974\">\n                <img\n                    title=\"2.fw_\"\n                    alt=\"2.fw_\"\n                    src=\"https:\/\/narodnimuzejnis.rs\/wp-content\/gallery\/dokumentacija\/cache\/2.fw_.png-nggid041285-ngg0dyn-220x165x100-00f0w010c011r110f110r010t010.png\"\n                    width=\"220\"\n                    height=\"165\"\n                    style=\"max-width:100%;\"\n                \/>\n            <\/a>\n        <\/div>\n\t\t\t\t\t\t\t<\/div> \n\t\t\t\n        \n\t\t\t\t<div id=\"ngg-image-1\" class=\"ngg-gallery-thumbnail-box\" >\n\t\t\t\t        <div class=\"ngg-gallery-thumbnail\">\n            <a href=\"https:\/\/narodnimuzejnis.rs\/wp-content\/gallery\/dokumentacija\/3.fw_.png\"\n               title=\"\"\n               data-src=\"https:\/\/narodnimuzejnis.rs\/wp-content\/gallery\/dokumentacija\/3.fw_.png\"\n               data-thumbnail=\"https:\/\/narodnimuzejnis.rs\/wp-content\/gallery\/dokumentacija\/thumbs\/thumbs_3.fw_.png\"\n               data-image-id=\"1286\"\n               data-title=\"3.fw_\"\n               data-description=\"\"\n               data-image-slug=\"3-fw_\"\n               class=\"ngg-fancybox\" rel=\"6f9c41c31440954734835a53c7c0c974\">\n                <img\n                    title=\"3.fw_\"\n                    alt=\"3.fw_\"\n                    src=\"https:\/\/narodnimuzejnis.rs\/wp-content\/gallery\/dokumentacija\/cache\/3.fw_.png-nggid041286-ngg0dyn-220x165x100-00f0w010c011r110f110r010t010.png\"\n                    width=\"220\"\n                    height=\"165\"\n                    style=\"max-width:100%;\"\n                \/>\n            <\/a>\n        <\/div>\n\t\t\t\t\t\t\t<\/div> \n\t\t\t\n        \n\t\t\t\t<div id=\"ngg-image-2\" class=\"ngg-gallery-thumbnail-box\" >\n\t\t\t\t        <div class=\"ngg-gallery-thumbnail\">\n            <a href=\"https:\/\/narodnimuzejnis.rs\/wp-content\/gallery\/dokumentacija\/1.fw_.png\"\n               title=\"\"\n               data-src=\"https:\/\/narodnimuzejnis.rs\/wp-content\/gallery\/dokumentacija\/1.fw_.png\"\n               data-thumbnail=\"https:\/\/narodnimuzejnis.rs\/wp-content\/gallery\/dokumentacija\/thumbs\/thumbs_1.fw_.png\"\n               data-image-id=\"1287\"\n               data-title=\"1.fw_\"\n               data-description=\"\"\n               data-image-slug=\"1-fw_-2\"\n               class=\"ngg-fancybox\" rel=\"6f9c41c31440954734835a53c7c0c974\">\n                <img\n                    title=\"1.fw_\"\n                    alt=\"1.fw_\"\n                    src=\"https:\/\/narodnimuzejnis.rs\/wp-content\/gallery\/dokumentacija\/cache\/1.fw_.png-nggid041287-ngg0dyn-220x165x100-00f0w010c011r110f110r010t010.png\"\n                    width=\"220\"\n                    height=\"165\"\n                    style=\"max-width:100%;\"\n                \/>\n            <\/a>\n        <\/div>\n\t\t\t\t\t\t\t<\/div> \n\t\t\t\n        \n\t\t\n\t\t<!-- Pagination -->\n\t<div class='ngg-clear'><\/div>\t<\/div>\n\n\n\n\n<p>Bibliote\u010dki fond poseduje preko 15.000 monografskih i serijskih publikacija. Sadr\u017eaj fonda je raznovrstan, a u najve\u0107em broju prati delatnost Muzeja. Bogatstvo biblioteke \u010dini oko 700 starih i retkih knjiga iz perioda od 18. do 20. veka.\u00a0\u00a0<\/p>\n\n\n\n<!-- index.php -->\n<div\n\tclass=\"ngg-galleryoverview ngg-ajax-pagination-none\"\n\tid=\"ngg-gallery-3887bbf390dea6bcdac2f63afb8c2773-1\">\n\n    \t\t<!-- Thumbnails -->\n\t\t\t\t<div id=\"ngg-image-0\" class=\"ngg-gallery-thumbnail-box\" >\n\t\t\t\t        <div class=\"ngg-gallery-thumbnail\">\n            <a href=\"https:\/\/narodnimuzejnis.rs\/wp-content\/gallery\/biblioteka\/053a.fw_.png\"\n               title=\"\"\n               data-src=\"https:\/\/narodnimuzejnis.rs\/wp-content\/gallery\/biblioteka\/053a.fw_.png\"\n               data-thumbnail=\"https:\/\/narodnimuzejnis.rs\/wp-content\/gallery\/biblioteka\/thumbs\/thumbs_053a.fw_.png\"\n               data-image-id=\"1118\"\n               data-title=\"053a.fw_\"\n               data-description=\"\"\n               data-image-slug=\"053a-fw_\"\n               class=\"ngg-fancybox\" rel=\"3887bbf390dea6bcdac2f63afb8c2773\">\n                <img\n                    title=\"053a.fw_\"\n                    alt=\"053a.fw_\"\n                    src=\"https:\/\/narodnimuzejnis.rs\/wp-content\/gallery\/biblioteka\/cache\/053a.fw_.png-nggid041118-ngg0dyn-220x165x100-00f0w010c011r110f110r010t010.png\"\n                    width=\"220\"\n                    height=\"165\"\n                    style=\"max-width:100%;\"\n                \/>\n            <\/a>\n        <\/div>\n\t\t\t\t\t\t\t<\/div> \n\t\t\t\n        \n\t\t\t\t<div id=\"ngg-image-1\" class=\"ngg-gallery-thumbnail-box\" >\n\t\t\t\t        <div class=\"ngg-gallery-thumbnail\">\n            <a href=\"https:\/\/narodnimuzejnis.rs\/wp-content\/gallery\/biblioteka\/201.fw_.png\"\n               title=\"\"\n               data-src=\"https:\/\/narodnimuzejnis.rs\/wp-content\/gallery\/biblioteka\/201.fw_.png\"\n               data-thumbnail=\"https:\/\/narodnimuzejnis.rs\/wp-content\/gallery\/biblioteka\/thumbs\/thumbs_201.fw_.png\"\n               data-image-id=\"1119\"\n               data-title=\"201.fw_\"\n               data-description=\"\"\n               data-image-slug=\"201-fw_\"\n               class=\"ngg-fancybox\" rel=\"3887bbf390dea6bcdac2f63afb8c2773\">\n                <img\n                    title=\"201.fw_\"\n                    alt=\"201.fw_\"\n                    src=\"https:\/\/narodnimuzejnis.rs\/wp-content\/gallery\/biblioteka\/cache\/201.fw_.png-nggid041119-ngg0dyn-220x165x100-00f0w010c011r110f110r010t010.png\"\n                    width=\"220\"\n                    height=\"165\"\n                    style=\"max-width:100%;\"\n                \/>\n            <\/a>\n        <\/div>\n\t\t\t\t\t\t\t<\/div> \n\t\t\t\n        \n\t\t\t\t<div id=\"ngg-image-2\" class=\"ngg-gallery-thumbnail-box\" >\n\t\t\t\t        <div class=\"ngg-gallery-thumbnail\">\n            <a href=\"https:\/\/narodnimuzejnis.rs\/wp-content\/gallery\/biblioteka\/054a.fw_.png\"\n               title=\"\"\n               data-src=\"https:\/\/narodnimuzejnis.rs\/wp-content\/gallery\/biblioteka\/054a.fw_.png\"\n               data-thumbnail=\"https:\/\/narodnimuzejnis.rs\/wp-content\/gallery\/biblioteka\/thumbs\/thumbs_054a.fw_.png\"\n               data-image-id=\"1120\"\n               data-title=\"054a.fw_\"\n               data-description=\"\"\n               data-image-slug=\"054a-fw_\"\n               class=\"ngg-fancybox\" rel=\"3887bbf390dea6bcdac2f63afb8c2773\">\n                <img\n                    title=\"054a.fw_\"\n                    alt=\"054a.fw_\"\n                    src=\"https:\/\/narodnimuzejnis.rs\/wp-content\/gallery\/biblioteka\/cache\/054a.fw_.png-nggid041120-ngg0dyn-220x165x100-00f0w010c011r110f110r010t010.png\"\n                    width=\"220\"\n                    height=\"165\"\n                    style=\"max-width:100%;\"\n                \/>\n            <\/a>\n        <\/div>\n\t\t\t\t\t\t\t<\/div> \n\t\t\t\n        \n\t\t\t\t<div id=\"ngg-image-3\" class=\"ngg-gallery-thumbnail-box\" style=\"display: none;\">\n\t\t\t\t        <div class=\"ngg-gallery-thumbnail\">\n            <a href=\"https:\/\/narodnimuzejnis.rs\/wp-content\/gallery\/biblioteka\/BOZ_0172.fw_.png\"\n               title=\"\"\n               data-src=\"https:\/\/narodnimuzejnis.rs\/wp-content\/gallery\/biblioteka\/BOZ_0172.fw_.png\"\n               data-thumbnail=\"https:\/\/narodnimuzejnis.rs\/wp-content\/gallery\/biblioteka\/thumbs\/thumbs_BOZ_0172.fw_.png\"\n               data-image-id=\"1121\"\n               data-title=\"BOZ_0172.fw_\"\n               data-description=\"\"\n               data-image-slug=\"boz_0172-fw_\"\n               class=\"ngg-fancybox\" rel=\"3887bbf390dea6bcdac2f63afb8c2773\">\n                <img\n                    title=\"BOZ_0172.fw_\"\n                    alt=\"BOZ_0172.fw_\"\n                    src=\"https:\/\/narodnimuzejnis.rs\/wp-content\/gallery\/biblioteka\/cache\/BOZ_0172.fw_.png-nggid041121-ngg0dyn-220x165x100-00f0w010c011r110f110r010t010.png\"\n                    width=\"220\"\n                    height=\"165\"\n                    style=\"max-width:100%;\"\n                \/>\n            <\/a>\n        <\/div>\n\t\t\t\t\t\t\t<\/div> \n\t\t\t\n        \n\t\t\t\t<div id=\"ngg-image-4\" class=\"ngg-gallery-thumbnail-box\" style=\"display: none;\">\n\t\t\t\t        <div class=\"ngg-gallery-thumbnail\">\n            <a href=\"https:\/\/narodnimuzejnis.rs\/wp-content\/gallery\/biblioteka\/202.fw_.png\"\n               title=\"\"\n               data-src=\"https:\/\/narodnimuzejnis.rs\/wp-content\/gallery\/biblioteka\/202.fw_.png\"\n               data-thumbnail=\"https:\/\/narodnimuzejnis.rs\/wp-content\/gallery\/biblioteka\/thumbs\/thumbs_202.fw_.png\"\n               data-image-id=\"1122\"\n               data-title=\"202.fw_\"\n               data-description=\"\"\n               data-image-slug=\"202-fw_\"\n               class=\"ngg-fancybox\" rel=\"3887bbf390dea6bcdac2f63afb8c2773\">\n                <img\n                    title=\"202.fw_\"\n                    alt=\"202.fw_\"\n                    src=\"https:\/\/narodnimuzejnis.rs\/wp-content\/gallery\/biblioteka\/cache\/202.fw_.png-nggid041122-ngg0dyn-220x165x100-00f0w010c011r110f110r010t010.png\"\n                    width=\"220\"\n                    height=\"165\"\n                    style=\"max-width:100%;\"\n                \/>\n            <\/a>\n        <\/div>\n\t\t\t\t\t\t\t<\/div> \n\t\t\t\n        \n\t\t\t\t<div id=\"ngg-image-5\" class=\"ngg-gallery-thumbnail-box\" style=\"display: none;\">\n\t\t\t\t        <div class=\"ngg-gallery-thumbnail\">\n            <a href=\"https:\/\/narodnimuzejnis.rs\/wp-content\/gallery\/biblioteka\/BOZ_0171.fw_.png\"\n               title=\"\"\n               data-src=\"https:\/\/narodnimuzejnis.rs\/wp-content\/gallery\/biblioteka\/BOZ_0171.fw_.png\"\n               data-thumbnail=\"https:\/\/narodnimuzejnis.rs\/wp-content\/gallery\/biblioteka\/thumbs\/thumbs_BOZ_0171.fw_.png\"\n               data-image-id=\"1123\"\n               data-title=\"BOZ_0171.fw_\"\n               data-description=\"\"\n               data-image-slug=\"boz_0171-fw_\"\n               class=\"ngg-fancybox\" rel=\"3887bbf390dea6bcdac2f63afb8c2773\">\n                <img\n                    title=\"BOZ_0171.fw_\"\n                    alt=\"BOZ_0171.fw_\"\n                    src=\"https:\/\/narodnimuzejnis.rs\/wp-content\/gallery\/biblioteka\/cache\/BOZ_0171.fw_.png-nggid041123-ngg0dyn-220x165x100-00f0w010c011r110f110r010t010.png\"\n                    width=\"220\"\n                    height=\"165\"\n                    style=\"max-width:100%;\"\n                \/>\n            <\/a>\n        <\/div>\n\t\t\t\t\t\t\t<\/div> \n\t\t\t\n        \n\t\t\t\t<div id=\"ngg-image-6\" class=\"ngg-gallery-thumbnail-box\" style=\"display: none;\">\n\t\t\t\t        <div class=\"ngg-gallery-thumbnail\">\n            <a href=\"https:\/\/narodnimuzejnis.rs\/wp-content\/gallery\/biblioteka\/BOZ_0176.fw_.png\"\n               title=\"\"\n               data-src=\"https:\/\/narodnimuzejnis.rs\/wp-content\/gallery\/biblioteka\/BOZ_0176.fw_.png\"\n               data-thumbnail=\"https:\/\/narodnimuzejnis.rs\/wp-content\/gallery\/biblioteka\/thumbs\/thumbs_BOZ_0176.fw_.png\"\n               data-image-id=\"1124\"\n               data-title=\"BOZ_0176.fw_\"\n               data-description=\"\"\n               data-image-slug=\"boz_0176-fw_\"\n               class=\"ngg-fancybox\" rel=\"3887bbf390dea6bcdac2f63afb8c2773\">\n                <img\n                    title=\"BOZ_0176.fw_\"\n                    alt=\"BOZ_0176.fw_\"\n                    src=\"https:\/\/narodnimuzejnis.rs\/wp-content\/gallery\/biblioteka\/cache\/BOZ_0176.fw_.png-nggid041124-ngg0dyn-220x165x100-00f0w010c011r110f110r010t010.png\"\n                    width=\"220\"\n                    height=\"165\"\n                    style=\"max-width:100%;\"\n                \/>\n            <\/a>\n        <\/div>\n\t\t\t\t\t\t\t<\/div> \n\t\t\t\n        \n\t\t\t\t<div id=\"ngg-image-7\" class=\"ngg-gallery-thumbnail-box\" style=\"display: none;\">\n\t\t\t\t        <div class=\"ngg-gallery-thumbnail\">\n            <a href=\"https:\/\/narodnimuzejnis.rs\/wp-content\/gallery\/biblioteka\/BOZ_0180.fw_.png\"\n               title=\"\"\n               data-src=\"https:\/\/narodnimuzejnis.rs\/wp-content\/gallery\/biblioteka\/BOZ_0180.fw_.png\"\n               data-thumbnail=\"https:\/\/narodnimuzejnis.rs\/wp-content\/gallery\/biblioteka\/thumbs\/thumbs_BOZ_0180.fw_.png\"\n               data-image-id=\"1125\"\n               data-title=\"BOZ_0180.fw_\"\n               data-description=\"\"\n               data-image-slug=\"boz_0180-fw_\"\n               class=\"ngg-fancybox\" rel=\"3887bbf390dea6bcdac2f63afb8c2773\">\n                <img\n                    title=\"BOZ_0180.fw_\"\n                    alt=\"BOZ_0180.fw_\"\n                    src=\"https:\/\/narodnimuzejnis.rs\/wp-content\/gallery\/biblioteka\/cache\/BOZ_0180.fw_.png-nggid041125-ngg0dyn-220x165x100-00f0w010c011r110f110r010t010.png\"\n                    width=\"220\"\n                    height=\"165\"\n                    style=\"max-width:100%;\"\n                \/>\n            <\/a>\n        <\/div>\n\t\t\t\t\t\t\t<\/div> \n\t\t\t\n        \n\t\t\t\t<div id=\"ngg-image-8\" class=\"ngg-gallery-thumbnail-box\" style=\"display: none;\">\n\t\t\t\t        <div class=\"ngg-gallery-thumbnail\">\n            <a href=\"https:\/\/narodnimuzejnis.rs\/wp-content\/gallery\/biblioteka\/medijana.fw_.png\"\n               title=\"\"\n               data-src=\"https:\/\/narodnimuzejnis.rs\/wp-content\/gallery\/biblioteka\/medijana.fw_.png\"\n               data-thumbnail=\"https:\/\/narodnimuzejnis.rs\/wp-content\/gallery\/biblioteka\/thumbs\/thumbs_medijana.fw_.png\"\n               data-image-id=\"1126\"\n               data-title=\"medijana.fw_\"\n               data-description=\"\"\n               data-image-slug=\"medijana-fw_\"\n               class=\"ngg-fancybox\" rel=\"3887bbf390dea6bcdac2f63afb8c2773\">\n                <img\n                    title=\"medijana.fw_\"\n                    alt=\"medijana.fw_\"\n                    src=\"https:\/\/narodnimuzejnis.rs\/wp-content\/gallery\/biblioteka\/cache\/medijana.fw_.png-nggid041126-ngg0dyn-220x165x100-00f0w010c011r110f110r010t010.png\"\n                    width=\"220\"\n                    height=\"165\"\n                    style=\"max-width:100%;\"\n                \/>\n            <\/a>\n        <\/div>\n\t\t\t\t\t\t\t<\/div> \n\t\t\t\n        \n\t\t\t\t<div id=\"ngg-image-9\" class=\"ngg-gallery-thumbnail-box\" style=\"display: none;\">\n\t\t\t\t        <div class=\"ngg-gallery-thumbnail\">\n            <a href=\"https:\/\/narodnimuzejnis.rs\/wp-content\/gallery\/biblioteka\/Nove-akvizicije-1.fw_.png\"\n               title=\"\"\n               data-src=\"https:\/\/narodnimuzejnis.rs\/wp-content\/gallery\/biblioteka\/Nove-akvizicije-1.fw_.png\"\n               data-thumbnail=\"https:\/\/narodnimuzejnis.rs\/wp-content\/gallery\/biblioteka\/thumbs\/thumbs_Nove-akvizicije-1.fw_.png\"\n               data-image-id=\"1127\"\n               data-title=\"Nove-akvizicije-1.fw_\"\n               data-description=\"\"\n               data-image-slug=\"nove-akvizicije-1-fw_\"\n               class=\"ngg-fancybox\" rel=\"3887bbf390dea6bcdac2f63afb8c2773\">\n                <img\n                    title=\"Nove-akvizicije-1.fw_\"\n                    alt=\"Nove-akvizicije-1.fw_\"\n                    src=\"https:\/\/narodnimuzejnis.rs\/wp-content\/gallery\/biblioteka\/cache\/Nove-akvizicije-1.fw_.png-nggid041127-ngg0dyn-220x165x100-00f0w010c011r110f110r010t010.png\"\n                    width=\"220\"\n                    height=\"165\"\n                    style=\"max-width:100%;\"\n                \/>\n            <\/a>\n        <\/div>\n\t\t\t\t\t\t\t<\/div> \n\t\t\t\n        \n\t\t\t\t<div id=\"ngg-image-10\" class=\"ngg-gallery-thumbnail-box\" style=\"display: none;\">\n\t\t\t\t        <div class=\"ngg-gallery-thumbnail\">\n            <a href=\"https:\/\/narodnimuzejnis.rs\/wp-content\/gallery\/biblioteka\/Nis-u-Prvom-sv.fw_.png\"\n               title=\"\"\n               data-src=\"https:\/\/narodnimuzejnis.rs\/wp-content\/gallery\/biblioteka\/Nis-u-Prvom-sv.fw_.png\"\n               data-thumbnail=\"https:\/\/narodnimuzejnis.rs\/wp-content\/gallery\/biblioteka\/thumbs\/thumbs_Nis-u-Prvom-sv.fw_.png\"\n               data-image-id=\"1128\"\n               data-title=\"Nis-u-Prvom-sv.fw_\"\n               data-description=\"\"\n               data-image-slug=\"nis-u-prvom-sv-fw_\"\n               class=\"ngg-fancybox\" rel=\"3887bbf390dea6bcdac2f63afb8c2773\">\n                <img\n                    title=\"Nis-u-Prvom-sv.fw_\"\n                    alt=\"Nis-u-Prvom-sv.fw_\"\n                    src=\"https:\/\/narodnimuzejnis.rs\/wp-content\/gallery\/biblioteka\/cache\/Nis-u-Prvom-sv.fw_.png-nggid041128-ngg0dyn-220x165x100-00f0w010c011r110f110r010t010.png\"\n                    width=\"220\"\n                    height=\"165\"\n                    style=\"max-width:100%;\"\n                \/>\n            <\/a>\n        <\/div>\n\t\t\t\t\t\t\t<\/div> \n\t\t\t\n        \n\t\t\t\t<div id=\"ngg-image-11\" class=\"ngg-gallery-thumbnail-box\" style=\"display: none;\">\n\t\t\t\t        <div class=\"ngg-gallery-thumbnail\">\n            <a href=\"https:\/\/narodnimuzejnis.rs\/wp-content\/gallery\/biblioteka\/Zivot-za-narod-nauku-i-istinu-87.fw_.png\"\n               title=\"\"\n               data-src=\"https:\/\/narodnimuzejnis.rs\/wp-content\/gallery\/biblioteka\/Zivot-za-narod-nauku-i-istinu-87.fw_.png\"\n               data-thumbnail=\"https:\/\/narodnimuzejnis.rs\/wp-content\/gallery\/biblioteka\/thumbs\/thumbs_Zivot-za-narod-nauku-i-istinu-87.fw_.png\"\n               data-image-id=\"1129\"\n               data-title=\"Zivot-za-narod-nauku-i-istinu-87.fw_\"\n               data-description=\"\"\n               data-image-slug=\"zivot-za-narod-nauku-i-istinu-87-fw_\"\n               class=\"ngg-fancybox\" rel=\"3887bbf390dea6bcdac2f63afb8c2773\">\n                <img\n                    title=\"Zivot-za-narod-nauku-i-istinu-87.fw_\"\n                    alt=\"Zivot-za-narod-nauku-i-istinu-87.fw_\"\n                    src=\"https:\/\/narodnimuzejnis.rs\/wp-content\/gallery\/biblioteka\/cache\/Zivot-za-narod-nauku-i-istinu-87.fw_.png-nggid041129-ngg0dyn-220x165x100-00f0w010c011r110f110r010t010.png\"\n                    width=\"220\"\n                    height=\"165\"\n                    style=\"max-width:100%;\"\n                \/>\n            <\/a>\n        <\/div>\n\t\t\t\t\t\t\t<\/div> \n\t\t\t\n        \n\t\t\n\t\t<!-- Pagination -->\n\t<div class='ngg-navigation'><span class='current'>1<\/span>\n<a class='page-numbers' data-pageid='2' href='https:\/\/narodnimuzejnis.rs\/RS\/o-muzeju\/odeljenja\/odeljenje-za-dokumentaciju\/nggallery\/page\/2'>2<\/a>\n<span class='ellipsis'>...<\/span>\n<a class='page-numbers' data-pageid='4' href='https:\/\/narodnimuzejnis.rs\/RS\/o-muzeju\/odeljenja\/odeljenje-za-dokumentaciju\/nggallery\/page\/4'>4<\/a>\n<a class='prev' href='https:\/\/narodnimuzejnis.rs\/RS\/o-muzeju\/odeljenja\/odeljenje-za-dokumentaciju\/nggallery\/page\/2' data-pageid=2>&#9658;<\/a><\/div>\t<\/div>\n\n\n\n\n<p><\/p>","protected":false},"excerpt":{"rendered":"<p>Odeljenje za dokumentaciju formirano je 2000. godine, kao posebno muzejsko odeljenje. Do tada su pojedini kustosi pored svojih zbirki obra\u0111ivali i vodili dokumentaciju, a zatim &hellip;<\/p>\n","protected":false},"author":1,"featured_media":0,"parent":47,"menu_order":8,"comment_status":"closed","ping_status":"closed","template":"","meta":{"ngg_post_thumbnail":0,"_links_to":"","_links_to_target":""},"_links":{"self":[{"href":"https:\/\/narodnimuzejnis.rs\/RS\/wp-json\/wp\/v2\/pages\/69"}],"collection":[{"href":"https:\/\/narodnimuzejnis.rs\/RS\/wp-json\/wp\/v2\/pages"}],"about":[{"href":"https:\/\/narodnimuzejnis.rs\/RS\/wp-json\/wp\/v2\/types\/page"}],"author":[{"embeddable":true,"href":"https:\/\/narodnimuzejnis.rs\/RS\/wp-json\/wp\/v2\/users\/1"}],"replies":[{"embeddable":true,"href":"https:\/\/narodnimuzejnis.rs\/RS\/wp-json\/wp\/v2\/comments?post=69"}],"version-history":[{"count":21,"href":"https:\/\/narodnimuzejnis.rs\/RS\/wp-json\/wp\/v2\/pages\/69\/revisions"}],"predecessor-version":[{"id":7709,"href":"https:\/\/narodnimuzejnis.rs\/RS\/wp-json\/wp\/v2\/pages\/69\/revisions\/7709"}],"up":[{"embeddable":true,"href":"https:\/\/narodnimuzejnis.rs\/RS\/wp-json\/wp\/v2\/pages\/47"}],"wp:attachment":[{"href":"https:\/\/narodnimuzejnis.rs\/RS\/wp-json\/wp\/v2\/media?parent=69"}],"curies":[{"name":"wp","href":"https:\/\/api.w.org\/{rel}","templated":true}]}}