{"id":5760,"date":"2020-09-14T09:45:48","date_gmt":"2020-09-14T07:45:48","guid":{"rendered":"http:\/\/narodnimuzejnis.rs\/?page_id=5760"},"modified":"2020-09-14T12:09:58","modified_gmt":"2020-09-14T10:09:58","slug":"%d1%84%d0%b8%d0%bd%d0%b0%d0%bd%d1%81%d0%b8%d1%98%d1%81%d0%ba%d0%b0-%d0%b4%d0%be%d0%ba%d1%83%d0%bc%d0%b5%d0%bd%d1%82%d0%b0-%d0%b7%d0%b0-2019-%d0%b3%d0%be%d0%b4%d0%b8%d0%bd%d1%83","status":"publish","type":"page","link":"https:\/\/narodnimuzejnis.rs\/RS\/o-muzeju\/%d0%b4%d0%be%d0%ba%d1%83%d0%bc%d0%b5%d0%bd%d1%82%d0%b0\/%d1%84%d0%b8%d0%bd%d0%b0%d0%bd%d1%81%d0%b8%d1%98%d1%81%d0%ba%d0%b0-%d0%b4%d0%be%d0%ba%d1%83%d0%bc%d0%b5%d0%bd%d1%82%d0%b0\/%d1%84%d0%b8%d0%bd%d0%b0%d0%bd%d1%81%d0%b8%d1%98%d1%81%d0%ba%d0%b0-%d0%b4%d0%be%d0%ba%d1%83%d0%bc%d0%b5%d0%bd%d1%82%d0%b0-%d0%b7%d0%b0-2019-%d0%b3%d0%be%d0%b4%d0%b8%d0%bd%d1%83\/","title":{"rendered":"Finansijska dokumenta za 2019. godinu"},"content":{"rendered":"<p><\/p>\n\n\n\n<p><a href=\"http:\/\/narodnimuzejnis.rs\/wp-content\/uploads\/2020\/09\/\u0411\u0438\u043b\u0430\u043d\u0441-\u0441\u0442\u0430\u045a\u0430.xlsx\">Bilans stanja<\/a><\/p>\n\n\n\n<p><a href=\"http:\/\/narodnimuzejnis.rs\/wp-content\/uploads\/2020\/09\/\u0411\u0438\u043b\u0430\u043d\u0441-\u0443\u0441\u043f\u0435\u0445\u0430.xlsx\">Bilans uspeha<\/a><\/p>\n\n\n\n<p><a href=\"http:\/\/narodnimuzejnis.rs\/wp-content\/uploads\/2020\/09\/\u0418\u0437\u0432\u0435\u0448\u0442\u0430\u0458-\u043e-\u0438\u0437\u0432\u0440\u0448\u0435\u045a\u0443-\u0431\u0443\u045f\u0435\u0442\u0430.xlsx\">Izve\u0161taj o izvr\u0161enju bud\u017eeta<\/a><\/p>\n\n\n\n<p><a href=\"http:\/\/narodnimuzejnis.rs\/wp-content\/uploads\/2020\/09\/\u0418\u0437\u0432\u0435\u0448\u0442\u0430\u0458-\u043e-\u043a\u0430\u043f\u0438\u0442\u0430\u043b\u043d\u0438\u043c-\u0438\u0437\u0434\u0430\u0446\u0438\u043c\u0430-\u0438-\u043f\u0440\u0438\u043c\u0430\u045a\u0438\u043c\u0430.xlsx\">Izve\u0161taj o kapitalnim izdacima i primanjima<\/a><\/p>\n\n\n\n<p><a href=\"http:\/\/narodnimuzejnis.rs\/wp-content\/uploads\/2020\/09\/\u0418\u0437\u0432\u0435\u0448\u0442\u0430\u0458-\u043e-\u043d\u043e\u0432\u0447\u0430\u043d\u0438\u043c-\u0442\u043e\u043a\u043e\u0432\u0438\u043c\u0430.xlsx\">Izve\u0161taj o nov\u010danim tokovima<\/a><\/p>\n\n\n\n<p><a href=\"http:\/\/narodnimuzejnis.rs\/wp-content\/uploads\/2020\/09\/\u0418\u0437\u0432\u0435\u0448\u0442\u0430\u0458-\u043e-\u043f\u043e\u0441\u043b\u043e\u0432\u0430\u045a\u0443-\u0437\u0430-2019.-\u0433\u043e\u0434\u0438\u043d\u0443.doc\">Izve\u0161taj o poslovanju za&nbsp; 2019. godinu<\/a><\/p>\n\n\n\n<p><a href=\"http:\/\/narodnimuzejnis.rs\/wp-content\/uploads\/2020\/09\/\u0418\u0417\u0412\u0415\u0428\u0422\u0410\u0408-\u041e-\u0420\u0410\u0414\u0423-2019.doc\">IZVE\u0160TAJ O RADU 2019<\/a><\/p>\n\n\n\n<p><a href=\"http:\/\/narodnimuzejnis.rs\/wp-content\/uploads\/2020\/09\/pregled-izlozbene-delatnosti-u-2019.docx\">Pregled izlo\u017ebene delatnosti u 2019. godini<\/a><\/p>\n\n\n\n<p><\/p>","protected":false},"excerpt":{"rendered":"<p>Bilans stanja Bilans uspeha Izve\u0161taj o izvr\u0161enju bud\u017eeta Izve\u0161taj o kapitalnim izdacima i primanjima Izve\u0161taj o nov\u010danim tokovima Izve\u0161taj o poslovanju za&nbsp; 2019. godinu IZVE\u0160TAJ &hellip;<\/p>\n","protected":false},"author":1,"featured_media":0,"parent":5755,"menu_order":1,"comment_status":"closed","ping_status":"closed","template":"","meta":{"ngg_post_thumbnail":0,"_links_to":"","_links_to_target":""},"_links":{"self":[{"href":"https:\/\/narodnimuzejnis.rs\/RS\/wp-json\/wp\/v2\/pages\/5760"}],"collection":[{"href":"https:\/\/narodnimuzejnis.rs\/RS\/wp-json\/wp\/v2\/pages"}],"about":[{"href":"https:\/\/narodnimuzejnis.rs\/RS\/wp-json\/wp\/v2\/types\/page"}],"author":[{"embeddable":true,"href":"https:\/\/narodnimuzejnis.rs\/RS\/wp-json\/wp\/v2\/users\/1"}],"replies":[{"embeddable":true,"href":"https:\/\/narodnimuzejnis.rs\/RS\/wp-json\/wp\/v2\/comments?post=5760"}],"version-history":[{"count":22,"href":"https:\/\/narodnimuzejnis.rs\/RS\/wp-json\/wp\/v2\/pages\/5760\/revisions"}],"predecessor-version":[{"id":5793,"href":"https:\/\/narodnimuzejnis.rs\/RS\/wp-json\/wp\/v2\/pages\/5760\/revisions\/5793"}],"up":[{"embeddable":true,"href":"https:\/\/narodnimuzejnis.rs\/RS\/wp-json\/wp\/v2\/pages\/5755"}],"wp:attachment":[{"href":"https:\/\/narodnimuzejnis.rs\/RS\/wp-json\/wp\/v2\/media?parent=5760"}],"curies":[{"name":"wp","href":"https:\/\/api.w.org\/{rel}","templated":true}]}}