{"id":55,"date":"2015-02-04T09:57:21","date_gmt":"2015-02-04T09:57:21","guid":{"rendered":"http:\/\/narodnimuzejnis.rs\/?page_id=55"},"modified":"2023-02-23T14:03:49","modified_gmt":"2023-02-23T13:03:49","slug":"odsek-srednji-vek","status":"publish","type":"page","link":"https:\/\/narodnimuzejnis.rs\/RS\/o-muzeju\/odeljenja\/odeljenje-arheologije\/odsek-srednji-vek\/","title":{"rendered":"Srednji vek"},"content":{"rendered":"<p><\/p>\n\n\n\n\n\n<div class=\"ngg-galleryoverview ngg-slideshow\"\n\t id=\"ngg-slideshow-45ace8f34e35495d9fed7cf9122c736d-3958003190\"\n     data-gallery-id=\"45ace8f34e35495d9fed7cf9122c736d\"\n     style=\"max-width: 600px; max-height: 400px;\">\n\n \t<div id=\"ngg-image-0\" class=\"ngg-gallery-slideshow-image\" style=\"height:400px\">\n\n        <a href=\"https:\/\/narodnimuzejnis.rs\/wp-content\/gallery\/srednji-vek\/IMG_2921.fw_.png\"\n           title=\"\"\n           data-src=\"https:\/\/narodnimuzejnis.rs\/wp-content\/gallery\/srednji-vek\/IMG_2921.fw_.png\"\n           data-thumbnail=\"https:\/\/narodnimuzejnis.rs\/wp-content\/gallery\/srednji-vek\/thumbs\/thumbs_IMG_2921.fw_.png\"\n           data-image-id=\"1159\"\n           data-title=\"IMG_2921.fw_\"\n           data-description=\"\"\n           class=\"ngg-fancybox\" rel=\"45ace8f34e35495d9fed7cf9122c736d\">\n\n            <img data-image-id='1159'\n                 title=\"\"\n                 alt=\"IMG_2921.fw_\"\n                 src=\"https:\/\/narodnimuzejnis.rs\/wp-content\/gallery\/srednji-vek\/IMG_2921.fw_.png\"\n                 style=\"max-height: 380px;\"\/>\n        <\/a>\n\n        <\/div> \n<div id=\"ngg-image-1\" class=\"ngg-gallery-slideshow-image\" style=\"height:400px\">\n\n        <a href=\"https:\/\/narodnimuzejnis.rs\/wp-content\/gallery\/srednji-vek\/IMG_2923.fw_.png\"\n           title=\"\"\n           data-src=\"https:\/\/narodnimuzejnis.rs\/wp-content\/gallery\/srednji-vek\/IMG_2923.fw_.png\"\n           data-thumbnail=\"https:\/\/narodnimuzejnis.rs\/wp-content\/gallery\/srednji-vek\/thumbs\/thumbs_IMG_2923.fw_.png\"\n           data-image-id=\"1160\"\n           data-title=\"IMG_2923.fw_\"\n           data-description=\"\"\n           class=\"ngg-fancybox\" rel=\"45ace8f34e35495d9fed7cf9122c736d\">\n\n            <img data-image-id='1160'\n                 title=\"\"\n                 alt=\"IMG_2923.fw_\"\n                 src=\"https:\/\/narodnimuzejnis.rs\/wp-content\/gallery\/srednji-vek\/IMG_2923.fw_.png\"\n                 style=\"max-height: 380px;\"\/>\n        <\/a>\n\n        <\/div> \n<div id=\"ngg-image-2\" class=\"ngg-gallery-slideshow-image\" style=\"height:400px\">\n\n        <a href=\"https:\/\/narodnimuzejnis.rs\/wp-content\/gallery\/srednji-vek\/IMG_2930.fw_.png\"\n           title=\"\"\n           data-src=\"https:\/\/narodnimuzejnis.rs\/wp-content\/gallery\/srednji-vek\/IMG_2930.fw_.png\"\n           data-thumbnail=\"https:\/\/narodnimuzejnis.rs\/wp-content\/gallery\/srednji-vek\/thumbs\/thumbs_IMG_2930.fw_.png\"\n           data-image-id=\"1161\"\n           data-title=\"IMG_2930.fw_\"\n           data-description=\"\"\n           class=\"ngg-fancybox\" rel=\"45ace8f34e35495d9fed7cf9122c736d\">\n\n            <img data-image-id='1161'\n                 title=\"\"\n                 alt=\"IMG_2930.fw_\"\n                 src=\"https:\/\/narodnimuzejnis.rs\/wp-content\/gallery\/srednji-vek\/IMG_2930.fw_.png\"\n                 style=\"max-height: 380px;\"\/>\n        <\/a>\n\n        <\/div> \n<div id=\"ngg-image-3\" class=\"ngg-gallery-slideshow-image\" style=\"height:400px\">\n\n        <a href=\"https:\/\/narodnimuzejnis.rs\/wp-content\/gallery\/srednji-vek\/IMG_2932.fw_.png\"\n           title=\"\"\n           data-src=\"https:\/\/narodnimuzejnis.rs\/wp-content\/gallery\/srednji-vek\/IMG_2932.fw_.png\"\n           data-thumbnail=\"https:\/\/narodnimuzejnis.rs\/wp-content\/gallery\/srednji-vek\/thumbs\/thumbs_IMG_2932.fw_.png\"\n           data-image-id=\"1162\"\n           data-title=\"IMG_2932.fw_\"\n           data-description=\"\"\n           class=\"ngg-fancybox\" rel=\"45ace8f34e35495d9fed7cf9122c736d\">\n\n            <img data-image-id='1162'\n                 title=\"\"\n                 alt=\"IMG_2932.fw_\"\n                 src=\"https:\/\/narodnimuzejnis.rs\/wp-content\/gallery\/srednji-vek\/IMG_2932.fw_.png\"\n                 style=\"max-height: 380px;\"\/>\n        <\/a>\n\n        <\/div> \n<div id=\"ngg-image-4\" class=\"ngg-gallery-slideshow-image\" style=\"height:400px\">\n\n        <a href=\"https:\/\/narodnimuzejnis.rs\/wp-content\/gallery\/srednji-vek\/IMG_2925.fw_.png\"\n           title=\"\"\n           data-src=\"https:\/\/narodnimuzejnis.rs\/wp-content\/gallery\/srednji-vek\/IMG_2925.fw_.png\"\n           data-thumbnail=\"https:\/\/narodnimuzejnis.rs\/wp-content\/gallery\/srednji-vek\/thumbs\/thumbs_IMG_2925.fw_.png\"\n           data-image-id=\"1163\"\n           data-title=\"IMG_2925.fw_\"\n           data-description=\"\"\n           class=\"ngg-fancybox\" rel=\"45ace8f34e35495d9fed7cf9122c736d\">\n\n            <img data-image-id='1163'\n                 title=\"\"\n                 alt=\"IMG_2925.fw_\"\n                 src=\"https:\/\/narodnimuzejnis.rs\/wp-content\/gallery\/srednji-vek\/IMG_2925.fw_.png\"\n                 style=\"max-height: 380px;\"\/>\n        <\/a>\n\n        <\/div> \n<div id=\"ngg-image-5\" class=\"ngg-gallery-slideshow-image\" style=\"height:400px\">\n\n        <a href=\"https:\/\/narodnimuzejnis.rs\/wp-content\/gallery\/srednji-vek\/IMG_2924.fw_.png\"\n           title=\"\"\n           data-src=\"https:\/\/narodnimuzejnis.rs\/wp-content\/gallery\/srednji-vek\/IMG_2924.fw_.png\"\n           data-thumbnail=\"https:\/\/narodnimuzejnis.rs\/wp-content\/gallery\/srednji-vek\/thumbs\/thumbs_IMG_2924.fw_.png\"\n           data-image-id=\"1164\"\n           data-title=\"IMG_2924.fw_\"\n           data-description=\"\"\n           class=\"ngg-fancybox\" rel=\"45ace8f34e35495d9fed7cf9122c736d\">\n\n            <img data-image-id='1164'\n                 title=\"\"\n                 alt=\"IMG_2924.fw_\"\n                 src=\"https:\/\/narodnimuzejnis.rs\/wp-content\/gallery\/srednji-vek\/IMG_2924.fw_.png\"\n                 style=\"max-height: 380px;\"\/>\n        <\/a>\n\n        <\/div> \n<div id=\"ngg-image-6\" class=\"ngg-gallery-slideshow-image\" style=\"height:400px\">\n\n        <a href=\"https:\/\/narodnimuzejnis.rs\/wp-content\/gallery\/srednji-vek\/k1.fw_.png\"\n           title=\"\"\n           data-src=\"https:\/\/narodnimuzejnis.rs\/wp-content\/gallery\/srednji-vek\/k1.fw_.png\"\n           data-thumbnail=\"https:\/\/narodnimuzejnis.rs\/wp-content\/gallery\/srednji-vek\/thumbs\/thumbs_k1.fw_.png\"\n           data-image-id=\"1165\"\n           data-title=\"k1.fw_\"\n           data-description=\"\"\n           class=\"ngg-fancybox\" rel=\"45ace8f34e35495d9fed7cf9122c736d\">\n\n            <img data-image-id='1165'\n                 title=\"\"\n                 alt=\"k1.fw_\"\n                 src=\"https:\/\/narodnimuzejnis.rs\/wp-content\/gallery\/srednji-vek\/k1.fw_.png\"\n                 style=\"max-height: 380px;\"\/>\n        <\/a>\n\n        <\/div> \n<div id=\"ngg-image-7\" class=\"ngg-gallery-slideshow-image\" style=\"height:400px\">\n\n        <a href=\"https:\/\/narodnimuzejnis.rs\/wp-content\/gallery\/srednji-vek\/k2.fw_.png\"\n           title=\"\"\n           data-src=\"https:\/\/narodnimuzejnis.rs\/wp-content\/gallery\/srednji-vek\/k2.fw_.png\"\n           data-thumbnail=\"https:\/\/narodnimuzejnis.rs\/wp-content\/gallery\/srednji-vek\/thumbs\/thumbs_k2.fw_.png\"\n           data-image-id=\"1166\"\n           data-title=\"k2.fw_\"\n           data-description=\"\"\n           class=\"ngg-fancybox\" rel=\"45ace8f34e35495d9fed7cf9122c736d\">\n\n            <img data-image-id='1166'\n                 title=\"\"\n                 alt=\"k2.fw_\"\n                 src=\"https:\/\/narodnimuzejnis.rs\/wp-content\/gallery\/srednji-vek\/k2.fw_.png\"\n                 style=\"max-height: 380px;\"\/>\n        <\/a>\n\n        <\/div> \n<div id=\"ngg-image-8\" class=\"ngg-gallery-slideshow-image\" style=\"height:400px\">\n\n        <a href=\"https:\/\/narodnimuzejnis.rs\/wp-content\/gallery\/srednji-vek\/K3.fw_.png\"\n           title=\"\"\n           data-src=\"https:\/\/narodnimuzejnis.rs\/wp-content\/gallery\/srednji-vek\/K3.fw_.png\"\n           data-thumbnail=\"https:\/\/narodnimuzejnis.rs\/wp-content\/gallery\/srednji-vek\/thumbs\/thumbs_K3.fw_.png\"\n           data-image-id=\"1167\"\n           data-title=\"K3.fw_\"\n           data-description=\"\"\n           class=\"ngg-fancybox\" rel=\"45ace8f34e35495d9fed7cf9122c736d\">\n\n            <img data-image-id='1167'\n                 title=\"\"\n                 alt=\"K3.fw_\"\n                 src=\"https:\/\/narodnimuzejnis.rs\/wp-content\/gallery\/srednji-vek\/K3.fw_.png\"\n                 style=\"max-height: 380px;\"\/>\n        <\/a>\n\n        <\/div> \n<div id=\"ngg-image-9\" class=\"ngg-gallery-slideshow-image\" style=\"height:400px\">\n\n        <a href=\"https:\/\/narodnimuzejnis.rs\/wp-content\/gallery\/srednji-vek\/K5.fw_.png\"\n           title=\"\"\n           data-src=\"https:\/\/narodnimuzejnis.rs\/wp-content\/gallery\/srednji-vek\/K5.fw_.png\"\n           data-thumbnail=\"https:\/\/narodnimuzejnis.rs\/wp-content\/gallery\/srednji-vek\/thumbs\/thumbs_K5.fw_.png\"\n           data-image-id=\"1168\"\n           data-title=\"K5.fw_\"\n           data-description=\"\"\n           class=\"ngg-fancybox\" rel=\"45ace8f34e35495d9fed7cf9122c736d\">\n\n            <img data-image-id='1168'\n                 title=\"\"\n                 alt=\"K5.fw_\"\n                 src=\"https:\/\/narodnimuzejnis.rs\/wp-content\/gallery\/srednji-vek\/K5.fw_.png\"\n                 style=\"max-height: 380px;\"\/>\n        <\/a>\n\n        <\/div> \n<div id=\"ngg-image-10\" class=\"ngg-gallery-slideshow-image\" style=\"height:400px\">\n\n        <a href=\"https:\/\/narodnimuzejnis.rs\/wp-content\/gallery\/srednji-vek\/K4.fw_.png\"\n           title=\"\"\n           data-src=\"https:\/\/narodnimuzejnis.rs\/wp-content\/gallery\/srednji-vek\/K4.fw_.png\"\n           data-thumbnail=\"https:\/\/narodnimuzejnis.rs\/wp-content\/gallery\/srednji-vek\/thumbs\/thumbs_K4.fw_.png\"\n           data-image-id=\"1169\"\n           data-title=\"K4.fw_\"\n           data-description=\"\"\n           class=\"ngg-fancybox\" rel=\"45ace8f34e35495d9fed7cf9122c736d\">\n\n            <img data-image-id='1169'\n                 title=\"\"\n                 alt=\"K4.fw_\"\n                 src=\"https:\/\/narodnimuzejnis.rs\/wp-content\/gallery\/srednji-vek\/K4.fw_.png\"\n                 style=\"max-height: 380px;\"\/>\n        <\/a>\n\n        <\/div> \n<div id=\"ngg-image-11\" class=\"ngg-gallery-slideshow-image\" style=\"height:400px\">\n\n        <a href=\"https:\/\/narodnimuzejnis.rs\/wp-content\/gallery\/srednji-vek\/K.fw_.png\"\n           title=\"\"\n           data-src=\"https:\/\/narodnimuzejnis.rs\/wp-content\/gallery\/srednji-vek\/K.fw_.png\"\n           data-thumbnail=\"https:\/\/narodnimuzejnis.rs\/wp-content\/gallery\/srednji-vek\/thumbs\/thumbs_K.fw_.png\"\n           data-image-id=\"1170\"\n           data-title=\"K.fw_\"\n           data-description=\"\"\n           class=\"ngg-fancybox\" rel=\"45ace8f34e35495d9fed7cf9122c736d\">\n\n            <img data-image-id='1170'\n                 title=\"\"\n                 alt=\"K.fw_\"\n                 src=\"https:\/\/narodnimuzejnis.rs\/wp-content\/gallery\/srednji-vek\/K.fw_.png\"\n                 style=\"max-height: 380px;\"\/>\n        <\/a>\n\n        <\/div> \n<div id=\"ngg-image-12\" class=\"ngg-gallery-slideshow-image\" style=\"height:400px\">\n\n        <a href=\"https:\/\/narodnimuzejnis.rs\/wp-content\/gallery\/srednji-vek\/K6.fw_.png\"\n           title=\"\"\n           data-src=\"https:\/\/narodnimuzejnis.rs\/wp-content\/gallery\/srednji-vek\/K6.fw_.png\"\n           data-thumbnail=\"https:\/\/narodnimuzejnis.rs\/wp-content\/gallery\/srednji-vek\/thumbs\/thumbs_K6.fw_.png\"\n           data-image-id=\"1171\"\n           data-title=\"K6.fw_\"\n           data-description=\"\"\n           class=\"ngg-fancybox\" rel=\"45ace8f34e35495d9fed7cf9122c736d\">\n\n            <img data-image-id='1171'\n                 title=\"\"\n                 alt=\"K6.fw_\"\n                 src=\"https:\/\/narodnimuzejnis.rs\/wp-content\/gallery\/srednji-vek\/K6.fw_.png\"\n                 style=\"max-height: 380px;\"\/>\n        <\/a>\n\n        <\/div> \n<div id=\"ngg-image-13\" class=\"ngg-gallery-slideshow-image\" style=\"height:400px\">\n\n        <a href=\"https:\/\/narodnimuzejnis.rs\/wp-content\/gallery\/srednji-vek\/mindjuse.fw_.png\"\n           title=\"\"\n           data-src=\"https:\/\/narodnimuzejnis.rs\/wp-content\/gallery\/srednji-vek\/mindjuse.fw_.png\"\n           data-thumbnail=\"https:\/\/narodnimuzejnis.rs\/wp-content\/gallery\/srednji-vek\/thumbs\/thumbs_mindjuse.fw_.png\"\n           data-image-id=\"1172\"\n           data-title=\"mindjuse.fw_\"\n           data-description=\"\"\n           class=\"ngg-fancybox\" rel=\"45ace8f34e35495d9fed7cf9122c736d\">\n\n            <img data-image-id='1172'\n                 title=\"\"\n                 alt=\"mindjuse.fw_\"\n                 src=\"https:\/\/narodnimuzejnis.rs\/wp-content\/gallery\/srednji-vek\/mindjuse.fw_.png\"\n                 style=\"max-height: 380px;\"\/>\n        <\/a>\n\n        <\/div> \n<\/div>\n\n\n\n\n\n\n\n<p>Srednjovekovna zbirka broji preko 800 predmeta koji poti\u010du uglavnom iz Ni\u0161a i okolnih sela, ali ima dosta predmeta i sa teritorije koja prevazilazi okvire dana\u0161nje teritorijalne nadle\u017enosti Muzeja.<\/p>\n\n\n\n<p>Predmeti se datuju u \u0161irokom hronolo\u0161kom rasponu od IV\/V pa sve do XVI\/XVII veka, kada se i datuje komplet zlatnog nakita, slu\u010dajni nalaz sa teritorije grada Ni\u0161a. Na\u010dinom izrade i predstavom na njima posebno se isti\u010du predmeti poput ve\u0107eg relikvijara iz XII veka iz Oreovca kod Ni\u0161a sa scenom Raspe\u0107a i figurom Bogorodice i vrh partizane (spontona), ceremonijalnog oru\u017eja prona\u0111enog u neposrednoj blizini ru\u0161evina stare crkve u okolini Kur\u0161umlije.&nbsp;<\/p>\n\n\n\n<p><\/p>","protected":false},"excerpt":{"rendered":"<p>Srednjovekovna zbirka broji preko 800 predmeta koji poti\u010du uglavnom iz Ni\u0161a i okolnih sela, ali ima dosta predmeta i sa teritorije koja prevazilazi okvire dana\u0161nje &hellip;<\/p>\n","protected":false},"author":1,"featured_media":0,"parent":49,"menu_order":3,"comment_status":"closed","ping_status":"closed","template":"","meta":{"ngg_post_thumbnail":0,"_links_to":"","_links_to_target":""},"_links":{"self":[{"href":"https:\/\/narodnimuzejnis.rs\/RS\/wp-json\/wp\/v2\/pages\/55"}],"collection":[{"href":"https:\/\/narodnimuzejnis.rs\/RS\/wp-json\/wp\/v2\/pages"}],"about":[{"href":"https:\/\/narodnimuzejnis.rs\/RS\/wp-json\/wp\/v2\/types\/page"}],"author":[{"embeddable":true,"href":"https:\/\/narodnimuzejnis.rs\/RS\/wp-json\/wp\/v2\/users\/1"}],"replies":[{"embeddable":true,"href":"https:\/\/narodnimuzejnis.rs\/RS\/wp-json\/wp\/v2\/comments?post=55"}],"version-history":[{"count":9,"href":"https:\/\/narodnimuzejnis.rs\/RS\/wp-json\/wp\/v2\/pages\/55\/revisions"}],"predecessor-version":[{"id":7622,"href":"https:\/\/narodnimuzejnis.rs\/RS\/wp-json\/wp\/v2\/pages\/55\/revisions\/7622"}],"up":[{"embeddable":true,"href":"https:\/\/narodnimuzejnis.rs\/RS\/wp-json\/wp\/v2\/pages\/49"}],"wp:attachment":[{"href":"https:\/\/narodnimuzejnis.rs\/RS\/wp-json\/wp\/v2\/media?parent=55"}],"curies":[{"name":"wp","href":"https:\/\/api.w.org\/{rel}","templated":true}]}}