{"id":47,"date":"2015-02-04T09:54:19","date_gmt":"2015-02-04T09:54:19","guid":{"rendered":"http:\/\/narodnimuzejnis.rs\/?page_id=47"},"modified":"2023-02-23T13:40:26","modified_gmt":"2023-02-23T12:40:26","slug":"odeljenja","status":"publish","type":"page","link":"https:\/\/narodnimuzejnis.rs\/RS\/o-muzeju\/odeljenja\/","title":{"rendered":"Odeljenja"},"content":{"rendered":"<p><\/p>\n\n\n\n<ul>\n<li><a href=\"http:\/\/narodnimuzejnis.rs\/o-muzeju\/odeljenja\/odeljenje-arheologije\/\">Odeljenje arheologije<\/a><\/li>\n<\/ul>\n\n\n\n<ul>\n<li><a href=\"http:\/\/narodnimuzejnis.rs\/o-muzeju\/odeljenja\/odeljenje-numizmatike-i-epigrafike\/\">Odeljenje numizmatike i epigrafike<\/a><\/li>\n<\/ul>\n\n\n\n<ul>\n<li><a href=\"http:\/\/narodnimuzejnis.rs\/o-muzeju\/odeljenja\/odeljenje-etnologije\/\">Odeljenje etnologije<\/a><\/li>\n<\/ul>\n\n\n\n<ul>\n<li><a href=\"http:\/\/narodnimuzejnis.rs\/o-muzeju\/odeljenja\/odeljenje-istorije\/\">Odeljenje istorije<\/a><\/li>\n<\/ul>\n\n\n\n<ul>\n<li><a href=\"http:\/\/narodnimuzejnis.rs\/o-muzeju\/odeljenja\/odeljenje-istorije-umetnosti\/\">Odeljenje istorije umetnosti<\/a><\/li>\n<\/ul>\n\n\n\n<ul>\n<li><a href=\"http:\/\/narodnimuzejnis.rs\/o-muzeju\/odeljenja\/odeljenje-knjizevne-zaostavstine\/\">Odeljenje za prou\u010davanje knji\u017eevne zaostav\u0161tine<\/a><\/li>\n<\/ul>\n\n\n\n<ul>\n<li><a href=\"http:\/\/narodnimuzejnis.rs\/o-muzeju\/odeljenja\/odeljenje-za-konzervaciju\/\">Odeljenje za konzervaciju i restauraciju<\/a><\/li>\n<\/ul>\n\n\n\n<ul>\n<li><a href=\"http:\/\/narodnimuzejnis.rs\/o-muzeju\/odeljenja\/odeljenje-za-dokumentaciju\/\">Odeljenje za dokumentaciju sa fotoslu\u017ebom i bibliotekom<\/a><\/li>\n<\/ul>\n\n\n\n<ul>\n<li><a href=\"http:\/\/narodnimuzejnis.rs\/o-muzeju\/odeljenja\/odeljenje-za-edukaciju-komunikaciju-pr\/\">Odeljenje za edukaciju, komunikaciju i odnose s javno\u0161\u0107u<\/a><\/li>\n<\/ul>\n\n\n\n<p><\/p>","protected":false},"excerpt":{"rendered":"","protected":false},"author":1,"featured_media":0,"parent":31,"menu_order":3,"comment_status":"closed","ping_status":"closed","template":"","meta":{"ngg_post_thumbnail":0,"_links_to":"","_links_to_target":""},"_links":{"self":[{"href":"https:\/\/narodnimuzejnis.rs\/RS\/wp-json\/wp\/v2\/pages\/47"}],"collection":[{"href":"https:\/\/narodnimuzejnis.rs\/RS\/wp-json\/wp\/v2\/pages"}],"about":[{"href":"https:\/\/narodnimuzejnis.rs\/RS\/wp-json\/wp\/v2\/types\/page"}],"author":[{"embeddable":true,"href":"https:\/\/narodnimuzejnis.rs\/RS\/wp-json\/wp\/v2\/users\/1"}],"replies":[{"embeddable":true,"href":"https:\/\/narodnimuzejnis.rs\/RS\/wp-json\/wp\/v2\/comments?post=47"}],"version-history":[{"count":18,"href":"https:\/\/narodnimuzejnis.rs\/RS\/wp-json\/wp\/v2\/pages\/47\/revisions"}],"predecessor-version":[{"id":7601,"href":"https:\/\/narodnimuzejnis.rs\/RS\/wp-json\/wp\/v2\/pages\/47\/revisions\/7601"}],"up":[{"embeddable":true,"href":"https:\/\/narodnimuzejnis.rs\/RS\/wp-json\/wp\/v2\/pages\/31"}],"wp:attachment":[{"href":"https:\/\/narodnimuzejnis.rs\/RS\/wp-json\/wp\/v2\/media?parent=47"}],"curies":[{"name":"wp","href":"https:\/\/api.w.org\/{rel}","templated":true}]}}