{"id":43,"date":"2015-02-04T09:52:38","date_gmt":"2015-02-04T09:52:38","guid":{"rendered":"http:\/\/narodnimuzejnis.rs\/?page_id=43"},"modified":"2023-02-23T09:57:44","modified_gmt":"2023-02-23T08:57:44","slug":"istorijat-muzeja","status":"publish","type":"page","link":"https:\/\/narodnimuzejnis.rs\/RS\/o-muzeju\/istorijat-muzeja\/","title":{"rendered":"Istorijat muzeja"},"content":{"rendered":"<p><\/p>\n\n\n\n\n<div class=\"ngg-galleryoverview ngg-slideshow\"\n\t id=\"ngg-slideshow-53702e7368536114a426406274eebf6d-15625673710\"\n     data-gallery-id=\"53702e7368536114a426406274eebf6d\"\n     style=\"max-width: 600px; max-height: 400px;\">\n\n \t<div id=\"ngg-image-0\" class=\"ngg-gallery-slideshow-image\" style=\"height:400px\">\n\n        <a href=\"https:\/\/narodnimuzejnis.rs\/wp-content\/gallery\/istorijat-muzeja\/2.jpg\"\n           title=\"\"\n           data-src=\"https:\/\/narodnimuzejnis.rs\/wp-content\/gallery\/istorijat-muzeja\/2.jpg\"\n           data-thumbnail=\"https:\/\/narodnimuzejnis.rs\/wp-content\/gallery\/istorijat-muzeja\/thumbs\/thumbs_2.jpg\"\n           data-image-id=\"1280\"\n           data-title=\"2\"\n           data-description=\"\"\n           class=\"ngg-fancybox\" rel=\"53702e7368536114a426406274eebf6d\">\n\n            <img data-image-id='1280'\n                 title=\"\"\n                 alt=\"2\"\n                 src=\"https:\/\/narodnimuzejnis.rs\/wp-content\/gallery\/istorijat-muzeja\/2.jpg\"\n                 style=\"max-height: 380px;\"\/>\n        <\/a>\n\n        <\/div> \n<div id=\"ngg-image-1\" class=\"ngg-gallery-slideshow-image\" style=\"height:400px\">\n\n        <a href=\"https:\/\/narodnimuzejnis.rs\/wp-content\/gallery\/istorijat-muzeja\/5.jpg\"\n           title=\"\"\n           data-src=\"https:\/\/narodnimuzejnis.rs\/wp-content\/gallery\/istorijat-muzeja\/5.jpg\"\n           data-thumbnail=\"https:\/\/narodnimuzejnis.rs\/wp-content\/gallery\/istorijat-muzeja\/thumbs\/thumbs_5.jpg\"\n           data-image-id=\"1281\"\n           data-title=\"5\"\n           data-description=\"\"\n           class=\"ngg-fancybox\" rel=\"53702e7368536114a426406274eebf6d\">\n\n            <img data-image-id='1281'\n                 title=\"\"\n                 alt=\"5\"\n                 src=\"https:\/\/narodnimuzejnis.rs\/wp-content\/gallery\/istorijat-muzeja\/5.jpg\"\n                 style=\"max-height: 380px;\"\/>\n        <\/a>\n\n        <\/div> \n<div id=\"ngg-image-2\" class=\"ngg-gallery-slideshow-image\" style=\"height:400px\">\n\n        <a href=\"https:\/\/narodnimuzejnis.rs\/wp-content\/gallery\/istorijat-muzeja\/4.jpg\"\n           title=\"\"\n           data-src=\"https:\/\/narodnimuzejnis.rs\/wp-content\/gallery\/istorijat-muzeja\/4.jpg\"\n           data-thumbnail=\"https:\/\/narodnimuzejnis.rs\/wp-content\/gallery\/istorijat-muzeja\/thumbs\/thumbs_4.jpg\"\n           data-image-id=\"1282\"\n           data-title=\"4\"\n           data-description=\"\"\n           class=\"ngg-fancybox\" rel=\"53702e7368536114a426406274eebf6d\">\n\n            <img data-image-id='1282'\n                 title=\"\"\n                 alt=\"4\"\n                 src=\"https:\/\/narodnimuzejnis.rs\/wp-content\/gallery\/istorijat-muzeja\/4.jpg\"\n                 style=\"max-height: 380px;\"\/>\n        <\/a>\n\n        <\/div> \n<div id=\"ngg-image-3\" class=\"ngg-gallery-slideshow-image\" style=\"height:400px\">\n\n        <a href=\"https:\/\/narodnimuzejnis.rs\/wp-content\/gallery\/istorijat-muzeja\/3.jpg\"\n           title=\"\"\n           data-src=\"https:\/\/narodnimuzejnis.rs\/wp-content\/gallery\/istorijat-muzeja\/3.jpg\"\n           data-thumbnail=\"https:\/\/narodnimuzejnis.rs\/wp-content\/gallery\/istorijat-muzeja\/thumbs\/thumbs_3.jpg\"\n           data-image-id=\"1283\"\n           data-title=\"3\"\n           data-description=\"\"\n           class=\"ngg-fancybox\" rel=\"53702e7368536114a426406274eebf6d\">\n\n            <img data-image-id='1283'\n                 title=\"\"\n                 alt=\"3\"\n                 src=\"https:\/\/narodnimuzejnis.rs\/wp-content\/gallery\/istorijat-muzeja\/3.jpg\"\n                 style=\"max-height: 380px;\"\/>\n        <\/a>\n\n        <\/div> \n<div id=\"ngg-image-4\" class=\"ngg-gallery-slideshow-image\" style=\"height:400px\">\n\n        <a href=\"https:\/\/narodnimuzejnis.rs\/wp-content\/gallery\/istorijat-muzeja\/1.jpg\"\n           title=\"\"\n           data-src=\"https:\/\/narodnimuzejnis.rs\/wp-content\/gallery\/istorijat-muzeja\/1.jpg\"\n           data-thumbnail=\"https:\/\/narodnimuzejnis.rs\/wp-content\/gallery\/istorijat-muzeja\/thumbs\/thumbs_1.jpg\"\n           data-image-id=\"1284\"\n           data-title=\"1\"\n           data-description=\"\"\n           class=\"ngg-fancybox\" rel=\"53702e7368536114a426406274eebf6d\">\n\n            <img data-image-id='1284'\n                 title=\"\"\n                 alt=\"1\"\n                 src=\"https:\/\/narodnimuzejnis.rs\/wp-content\/gallery\/istorijat-muzeja\/1.jpg\"\n                 style=\"max-height: 380px;\"\/>\n        <\/a>\n\n        <\/div> \n<\/div>\n\n\n\n\n\n\n\n<p>Dvadeseti vek je za ljubitelje istorije u Ni\u0161u po\u010deo na najlep\u0161i mogu\u0107i na\u010din \u2013 1900. godine, prilikom izgradnje tvr\u0111avskog mosta, prona\u0111en je bronzani portret Konstantina Velikog. Ovaj vredni slu\u010dajni nalaz je trebalo negde smestiti i tada se za\u010dela ideja o potrebi formiranja muzeja.&nbsp; Obele\u017eavanje jubileja \u2012 1600 godina od dono\u0161enja Milanskog edikta 1913. godine \u2012 o\u017eivelo je interesovanje za ovu ideju, \u010diju su realizaciju odlo\u017eili Balkanski ratovi i Prvi svetski rat. U novoformiranoj Kraljevini Srba, Hrvata i Slovenaca tridesetih godina stekli su se uslovi za osnivanje muzeja Ni\u0161a.<\/p>\n\n\n\n<p>Narodni muzej u Ni\u0161u osnovala je 1. aprila 1933. godine grupa zaljubljenika okupljena oko te godine osnovanog Muzejskog dru\u0161tva, \u010diji su najistaknutiji \u010dlanovi ujedno bili i njegovi osniva\u010di \u2013 Adam Or\u0161i\u0107 Slaveti\u0107, Rudolf Bratani\u0107, Borivoje Gojkovi\u0107, Aleksandar Nenadovi\u0107 i Borivoje Popovi\u0107.<\/p>\n\n\n\n<p>Muzej je prvih meseci svog postojanja bio privremeno sme\u0161ten u zgradi U\u010diteljskog doma i prvu izlo\u017ebu postavljenu u ovom prostoru videlo je nekoliko hiljada posetilaca. Pola godine nakon svog osnivanja, 22. oktobra 1933. godine, Muzej se seli u ku\u0107u Hristoduluovih, kada je i zvani\u010dno otvoren pod imenom Istorijsko-etnografski muzej grada Ni\u0161a.<\/p>\n\n\n\n<p>Materijal je bio razvrstan u sedam zbirki (praistorija, antika, srednji vek, numizmatika, etnografija, zbirka umetni\u010dkih slika i zbirka oru\u017eja). Zahvaljuju\u0107i sme\u0161tajnim kapacitetima i mogu\u0107nostima prezentacije, ova stalna muzejska postavka, po koncepciji, stru\u010dnom radu i bogatstvu eksponata predstavljala je jednu od najbogatijih u Srbiji.<\/p>\n\n\n\n<p>U periodu 1934\u20121939. godine, iako bez regulisanog pitanja finansiranja, Uprava je organizovala brojne istra\u017eiva\u010dke radove na prostoru Ni\u0161a i njegove okoline. U arheolo\u0161kim istra\u017eivanjima u\u010destvovala su onda\u0161nja velika imena arheologije \u2013 Nikola Vuli\u0107, Jovan Kova\u010devi\u0107, Borivoje Popovi\u0107 i Vladimir Fjuks. Podignuta je zgrada muzeja na Medijani i pokrenuto izdavanje \u201eMoravsko arheolo\u0161kog glasnika\u201d. Drugi svetski rat prekinuo je jednu od plodnijih etapa u razvoju Muzeja. Ogromnu \u0161tetu nanelo je savezni\u010dko bombardovanje Ni\u0161a, 2. septembra 1944. godine, kada je zgrada Muzeja stradala od direktnog pogotka bombe a sa njom uni\u0161ten i veliki broj prikupljenih predmeta.<\/p>\n\n\n\n<p>Posle Drugog svetskog rata, Narodni odbor Op\u0161tine Ni\u0161 obnovio je Muzej pod nazivom Narodni muzej (1947). Budu\u0107i da je u ratnom vihoru ostao bez kompletne etnografske zbirke, a&nbsp;druge&nbsp;zbirke su bile prepolovljene, muzejski poslenici poduhvatili su se opse\u017enog zadatka \u2012&nbsp; animirati svest kod gra\u0111ana o potrebi za sakupljanjem starina. Pored otkupa i poklona, muzejske zbirke su se popunjavale i putem arheolo\u0161kih istra\u017eivanja.<\/p>\n\n\n\n<p>Muzej je 1950. godine preseljen u nove prostorije u kojima se nalazi i danas. U zgradu u ulici Stanka Paunovi\u0107a (danas Generala Milojka Le\u0161janina) sme\u0161teno je istorijsko odeljenje pod nazivom Muzej NOB-a, a u zgradi biv\u0161e banke, u ulici Petog kongresa (dana\u0161nja Nikole Pa\u0161i\u0107a) izlo\u017eena je stalna arheolo\u0161ka postavka. Godine 1951. osnovana je Umetni\u010dka galerija u Sinagogi, a naredne godine otvoreno je Memorijalno odeljenje \u201eMija Stanimirovi\u0107\u201d, \u010dija je postavka skinuta 1957. godine. Stalna postavka Memorijalnog kompleksa \u201e12. februar\u201d otvorena&nbsp;je&nbsp;1967.&nbsp;godine.&nbsp;<\/p>\n\n\n\n<p>U ovom periodu na\u010dinjen je veliki iskorak u muzeolo\u0161koj prezentaciji, najvi\u0161e zahvaljuju\u0107i pomo\u0107i poznatih nau\u010dnih radnika iz Beograda, me\u0111u kojima su prednja\u010dili \u0110or\u0111e Mano Zisi, Milutin Gara\u0161anin i Miodrag Grbi\u0107. Oni su inicirali formiranje nove stalne arheolo\u0161ke postavke 1965. godine.&nbsp;<\/p>\n\n\n\n<p>Muzej u svojim fondovima danas ima preko 40.000 predmeta iz oblasti arheologije, numizmatike, epigrafike, istorije, istorije umetnosti i etnologije a poseduje i dve spomen-zbirke, Stevana Sremca i Branka Miljkovi\u0107a. Posebnost Muzeja ogleda se u \u010dinjenici da se u njegovom sastavu nalaze i tri nepokretna kulturna dobra od izuzetnog zna\u010daja: arheolo\u0161ko nalazi\u0161te Medijana, spomenik \u0106ele-kula i Memorijalni kompleks \u201e12. februar\u201d.\u00a0<\/p>\n\n\n\n<p>&nbsp;<\/p>","protected":false},"excerpt":{"rendered":"<p>Dvadeseti vek je za ljubitelje istorije u Ni\u0161u po\u010deo na najlep\u0161i mogu\u0107i na\u010din \u2013 1900. godine, prilikom izgradnje tvr\u0111avskog mosta, prona\u0111en je bronzani portret Konstantina &hellip;<\/p>\n","protected":false},"author":1,"featured_media":0,"parent":31,"menu_order":1,"comment_status":"closed","ping_status":"closed","template":"","meta":{"ngg_post_thumbnail":0,"_links_to":"","_links_to_target":""},"_links":{"self":[{"href":"https:\/\/narodnimuzejnis.rs\/RS\/wp-json\/wp\/v2\/pages\/43"}],"collection":[{"href":"https:\/\/narodnimuzejnis.rs\/RS\/wp-json\/wp\/v2\/pages"}],"about":[{"href":"https:\/\/narodnimuzejnis.rs\/RS\/wp-json\/wp\/v2\/types\/page"}],"author":[{"embeddable":true,"href":"https:\/\/narodnimuzejnis.rs\/RS\/wp-json\/wp\/v2\/users\/1"}],"replies":[{"embeddable":true,"href":"https:\/\/narodnimuzejnis.rs\/RS\/wp-json\/wp\/v2\/comments?post=43"}],"version-history":[{"count":11,"href":"https:\/\/narodnimuzejnis.rs\/RS\/wp-json\/wp\/v2\/pages\/43\/revisions"}],"predecessor-version":[{"id":7547,"href":"https:\/\/narodnimuzejnis.rs\/RS\/wp-json\/wp\/v2\/pages\/43\/revisions\/7547"}],"up":[{"embeddable":true,"href":"https:\/\/narodnimuzejnis.rs\/RS\/wp-json\/wp\/v2\/pages\/31"}],"wp:attachment":[{"href":"https:\/\/narodnimuzejnis.rs\/RS\/wp-json\/wp\/v2\/media?parent=43"}],"curies":[{"name":"wp","href":"https:\/\/api.w.org\/{rel}","templated":true}]}}