{"id":2506,"date":"2017-09-06T11:53:21","date_gmt":"2017-09-06T09:53:21","guid":{"rendered":"http:\/\/narodnimuzejnis.rs\/?page_id=2506"},"modified":"2020-02-19T08:43:43","modified_gmt":"2020-02-19T07:43:43","slug":"%d1%98%d0%b0%d0%b2%d0%bd%d0%b5-%d0%bd%d0%b0%d0%b1%d0%b0%d0%b2%d0%ba%d0%b5-2017","status":"publish","type":"page","link":"https:\/\/narodnimuzejnis.rs\/RS\/o-muzeju\/%d0%b4%d0%be%d0%ba%d1%83%d0%bc%d0%b5%d0%bd%d1%82%d0%b0\/%d1%98%d0%b0%d0%b2%d0%bd%d0%b5-%d0%bd%d0%b0%d0%b1%d0%b2%d0%ba%d0%b5\/%d1%98%d0%b0%d0%b2%d0%bd%d0%b5-%d0%bd%d0%b0%d0%b1%d0%b0%d0%b2%d0%ba%d0%b5-2017\/","title":{"rendered":"Javne nabavke 2017"},"content":{"rendered":"<p><a href=\"http:\/\/narodnimuzejnis.rs\/?p=2457\">Javna nabavka &#8211; Nabavka usluge konzervacije, restauracije, rekonstrukcije i prezentacije zidnih slika iz sobe W-24 Konstantinove vile na Medijani<\/a><\/p>\n<p><a href=\"http:\/\/narodnimuzejnis.rs\/?p=2469\">Javna nabavka &#8211; Izrada idejnog re\u0161enja na arhitektonskom konkursu za rekonstrukciju zgrade muzeja na arheolo\u0161kom nalazi\u0161tu Medijana<\/a><\/p>\n<p><a href=\"http:\/\/narodnimuzejnis.rs\/?p=2481\">Javna nabavka &#8211; Usluge \u0161tampanja<\/a><\/p>\n<p><a href=\"http:\/\/narodnimuzejnis.rs\/?p=2511\">Javna nabavka &#8211; Radovi na sanaciji objekta za sme\u0161taj arheologa na Medijani<\/a><\/p>\n<p><a href=\"http:\/\/narodnimuzejnis.rs\/?p=2520\">Javna nabavka &#8211; Radovi na rekonstrukciji sanitarnih \u010dvorova na \u0106ele Kuli<\/a><\/p>\n<p><a href=\"http:\/\/narodnimuzejnis.rs\/?p=2649\">Javna nabavka &#8211; Ure\u0111enje prostora za stalnu postavku Sremac &#8211; Miljkovi\u0107<\/a><\/p>\n<p><a href=\"http:\/\/narodnimuzejnis.rs\/?p=2666\">Javna nabavka &#8211;&nbsp;Nabavka staklenih vitrina po projektu<\/a><\/p>","protected":false},"excerpt":{"rendered":"<p>Javna nabavka &#8211; Nabavka usluge konzervacije, restauracije, rekonstrukcije i prezentacije zidnih slika iz sobe W-24 Konstantinove vile na Medijani Javna nabavka &#8211; Izrada idejnog re\u0161enja &hellip;<\/p>\n","protected":false},"author":1,"featured_media":0,"parent":2031,"menu_order":4,"comment_status":"closed","ping_status":"closed","template":"","meta":{"ngg_post_thumbnail":0,"_links_to":"","_links_to_target":""},"_links":{"self":[{"href":"https:\/\/narodnimuzejnis.rs\/RS\/wp-json\/wp\/v2\/pages\/2506"}],"collection":[{"href":"https:\/\/narodnimuzejnis.rs\/RS\/wp-json\/wp\/v2\/pages"}],"about":[{"href":"https:\/\/narodnimuzejnis.rs\/RS\/wp-json\/wp\/v2\/types\/page"}],"author":[{"embeddable":true,"href":"https:\/\/narodnimuzejnis.rs\/RS\/wp-json\/wp\/v2\/users\/1"}],"replies":[{"embeddable":true,"href":"https:\/\/narodnimuzejnis.rs\/RS\/wp-json\/wp\/v2\/comments?post=2506"}],"version-history":[{"count":13,"href":"https:\/\/narodnimuzejnis.rs\/RS\/wp-json\/wp\/v2\/pages\/2506\/revisions"}],"predecessor-version":[{"id":5491,"href":"https:\/\/narodnimuzejnis.rs\/RS\/wp-json\/wp\/v2\/pages\/2506\/revisions\/5491"}],"up":[{"embeddable":true,"href":"https:\/\/narodnimuzejnis.rs\/RS\/wp-json\/wp\/v2\/pages\/2031"}],"wp:attachment":[{"href":"https:\/\/narodnimuzejnis.rs\/RS\/wp-json\/wp\/v2\/media?parent=2506"}],"curies":[{"name":"wp","href":"https:\/\/api.w.org\/{rel}","templated":true}]}}