{"id":2029,"date":"2016-10-31T11:12:52","date_gmt":"2016-10-31T10:12:52","guid":{"rendered":"http:\/\/narodnimuzejnis.rs\/?page_id=2029"},"modified":"2025-11-21T11:42:00","modified_gmt":"2025-11-21T10:42:00","slug":"%d0%b4%d0%be%d0%ba%d1%83%d0%bc%d0%b5%d0%bd%d1%82%d0%b0","status":"publish","type":"page","link":"https:\/\/narodnimuzejnis.rs\/RS\/o-muzeju\/%d0%b4%d0%be%d0%ba%d1%83%d0%bc%d0%b5%d0%bd%d1%82%d0%b0\/","title":{"rendered":"Dokumenta"},"content":{"rendered":"<p><\/p>\n<p><a href=\"http:\/\/narodnimuzejnis.rs\/wp-content\/uploads\/2024\/04\/pravilnik-o-blizem-uredjivanju-postupka-jvnih-nabavki.pdf\">Pravilnik o bli\u017eem ure\u0111ivanju postupaka javnih nabavki<\/a><\/p>\n<p><a href=\"http:\/\/narodnimuzejnis.rs\/?p=2031\">Javne nabavke<\/a><\/p>\n<p><a href=\"http:\/\/narodnimuzejnis.rs\/wp-content\/uploads\/2025\/11\/informator-nov-2025.pdf\">Informator o radu Narodnog muzeja Ni\u0161<\/a><\/p>\n<p><a href=\"http:\/\/narodnimuzejnis.rs\/o-muzeju\/\u0434\u043e\u043a\u0443\u043c\u0435\u043d\u0442\u0430\/\u043f\u0440\u043e\u0433\u0440\u0430\u043c-\u0440\u0430\u0434\u0430\/\">Program rada<\/a><\/p>\n<p><a href=\"http:\/\/narodnimuzejnis.rs\/o-muzeju\/%d0%b4%d0%be%d0%ba%d1%83%d0%bc%d0%b5%d0%bd%d1%82%d0%b0\/%d0%b8%d0%b7%d0%b2%d0%b5%d1%88%d1%82%d0%b0%d1%98-%d0%be-%d1%80%d0%b0%d0%b4%d1%83\/\">Izve\u0161taj o radu<\/a><\/p>\n<p><a href=\"http:\/\/narodnimuzejnis.rs\/o-muzeju\/\u0434\u043e\u043a\u0443\u043c\u0435\u043d\u0442\u0430\/\u0444\u0438\u043d\u0430\u043d\u0441\u0438\u0458\u0441\u043a\u0438-\u043f\u043b\u0430\u043d\/\">Finansijski plan<\/a><\/p>\n<p><a href=\"http:\/\/narodnimuzejnis.rs\/o-muzeju\/\u0434\u043e\u043a\u0443\u043c\u0435\u043d\u0442\u0430\/\u043f\u043b\u0430\u043d-\u043d\u0430\u0431\u0430\u0432\u043a\u0438\/\">Plan nabavki<\/a><\/p>\n<p><a href=\"http:\/\/narodnimuzejnis.rs\/o-muzeju\/\u0434\u043e\u043a\u0443\u043c\u0435\u043d\u0442\u0430\/\u0444\u0438\u043d\u0430\u043d\u0441\u0438\u0458\u0441\u043a\u0430-\u0434\u043e\u043a\u0443\u043c\u0435\u043d\u0442\u0430\/\">Finansijska dokumenta<\/a><\/p>\n<p><a href=\"http:\/\/narodnimuzejnis.rs\/o-muzeju\/\u0434\u043e\u043a\u0443\u043c\u0435\u043d\u0442\u0430\/\u043f\u043e\u0434\u0430\u0446\u0438-\u043e-\u0431\u0440\u043e\u0458\u0443-\u0437\u0430\u043f\u043e\u0441\u043b\u0435\u043d\u0438\u0445-\u0438-\u0440\u0430\u0434\u043d\u043e-\u0430\u043d\u0433\u0430\/\">Podaci o broju zaposlenih i radno anga\u017eovanih lica<\/a><\/p>\n<p><a href=\"http:\/\/narodnimuzejnis.rs\/wp-content\/uploads\/2024\/04\/sistematizacija-nmn-2023.pdf\">Pravilnik o organizaciji i sistematizaciji poslova Narodnog muzeja Ni\u0161<\/a><\/p>\n<p><a href=\"http:\/\/narodnimuzejnis.rs\/wp-content\/uploads\/2025\/01\/Rodna-ravnopravnost-2025.pdf\">Plan upravljanja rizicima od pvrede principa rodne ravnopravnosti<\/a><\/p>\n<p><\/p>","protected":false},"excerpt":{"rendered":"<p>Pravilnik o bli\u017eem ure\u0111ivanju postupaka javnih nabavki Javne nabavke Informator o radu Narodnog muzeja Ni\u0161 Program rada Izve\u0161taj o radu Finansijski plan Plan nabavki Finansijska &hellip;<\/p>\n","protected":false},"author":1,"featured_media":0,"parent":31,"menu_order":4,"comment_status":"closed","ping_status":"closed","template":"","meta":{"ngg_post_thumbnail":0,"_links_to":"","_links_to_target":""},"_links":{"self":[{"href":"https:\/\/narodnimuzejnis.rs\/RS\/wp-json\/wp\/v2\/pages\/2029"}],"collection":[{"href":"https:\/\/narodnimuzejnis.rs\/RS\/wp-json\/wp\/v2\/pages"}],"about":[{"href":"https:\/\/narodnimuzejnis.rs\/RS\/wp-json\/wp\/v2\/types\/page"}],"author":[{"embeddable":true,"href":"https:\/\/narodnimuzejnis.rs\/RS\/wp-json\/wp\/v2\/users\/1"}],"replies":[{"embeddable":true,"href":"https:\/\/narodnimuzejnis.rs\/RS\/wp-json\/wp\/v2\/comments?post=2029"}],"version-history":[{"count":44,"href":"https:\/\/narodnimuzejnis.rs\/RS\/wp-json\/wp\/v2\/pages\/2029\/revisions"}],"predecessor-version":[{"id":8722,"href":"https:\/\/narodnimuzejnis.rs\/RS\/wp-json\/wp\/v2\/pages\/2029\/revisions\/8722"}],"up":[{"embeddable":true,"href":"https:\/\/narodnimuzejnis.rs\/RS\/wp-json\/wp\/v2\/pages\/31"}],"wp:attachment":[{"href":"https:\/\/narodnimuzejnis.rs\/RS\/wp-json\/wp\/v2\/media?parent=2029"}],"curies":[{"name":"wp","href":"https:\/\/api.w.org\/{rel}","templated":true}]}}