{"id":166,"date":"2015-02-04T10:46:03","date_gmt":"2015-02-04T10:46:03","guid":{"rendered":"http:\/\/narodnimuzejnis.rs\/?page_id=166"},"modified":"2023-02-23T11:29:45","modified_gmt":"2023-02-23T10:29:45","slug":"memorijalni-kompleks-12-februar","status":"publish","type":"page","link":"https:\/\/narodnimuzejnis.rs\/RS\/o-muzeju\/objekti\/memorijalni-kompleks-12-februar\/","title":{"rendered":"Memorijalni kompleks \u201e12. februar\u201d\u00a0"},"content":{"rendered":"<p><\/p>\n\n\n\n<p>Koncentracioni logor na Crvenom krstu u Ni\u0161u formirali su Nemci u septembru 1941. godine. U logoru su bili zato\u010deni rodoljubi, bez obzira na politi\u010dku opredeljenost, kao i veliki broj Jevreja i Roma. Od preko 30.000 ljudi zatvorenika, vi\u0161e od 10.000 je streljano na Bubnju, a veliki broj je interniran u Austriju, Nema\u010dku, Poljsku i Norve\u0161ku gde su bili prinu\u0111eni na robovski rad. Mu\u010denja, zlostavljanja, streljanja, nepodno\u0161ljivi uslovi boravka, hladno\u0107a, glad, sistematski su primenjivani protiv obi\u010dnih ljudi \u010dija je naj\u010de\u0161\u0107a krivica bila to \u0161to su Srbi, Jevreji ili Romi. Grupa od 147 golorukih logora\u0161a je 12. februara 1942. napala stra\u017eare i poku\u0161ala proboj iz logora. U tome je uspelo njih 105, a 42 su ostavila svoje \u017eivote na logorskim \u017eicama. To je bilo prvo organizovano bekstvo iz nekog logora u porobljenoj Evropi. Nemci su jo\u0161 vi\u0161e poja\u010dali teror, sve do 14. septembra 1944. kada su, mesec dana pre oslobo\u0111enja Ni\u0161a, napustili logor. <\/p>\n\n\n\n<p>Posle rata prikupljen je obiman materijal koji obuhvata dokumenta, isprave, pisma, oru\u017eje, li\u010dne predmete i fotografije logora\u0161a. U zgradi logora na 25-godi\u0161njicu proboja logora\u0161a 12. februara 1967. godine, otvoren je Memorijalni muzej \u201e12. februar\u201d, kao ve\u010dito se\u0107anje na stradanje, herojski otpor, ali i kao opomena da se zlo\u010dini ne smeju zaboraviti.\u00a0<\/p>\n\n\n\n<p><\/p>","protected":false},"excerpt":{"rendered":"<p>Koncentracioni logor na Crvenom krstu u Ni\u0161u formirali su Nemci u septembru 1941. godine. U logoru su bili zato\u010deni rodoljubi, bez obzira na politi\u010dku opredeljenost, &hellip;<\/p>\n","protected":false},"author":1,"featured_media":0,"parent":45,"menu_order":3,"comment_status":"closed","ping_status":"closed","template":"","meta":{"ngg_post_thumbnail":0,"_links_to":"","_links_to_target":""},"_links":{"self":[{"href":"https:\/\/narodnimuzejnis.rs\/RS\/wp-json\/wp\/v2\/pages\/166"}],"collection":[{"href":"https:\/\/narodnimuzejnis.rs\/RS\/wp-json\/wp\/v2\/pages"}],"about":[{"href":"https:\/\/narodnimuzejnis.rs\/RS\/wp-json\/wp\/v2\/types\/page"}],"author":[{"embeddable":true,"href":"https:\/\/narodnimuzejnis.rs\/RS\/wp-json\/wp\/v2\/users\/1"}],"replies":[{"embeddable":true,"href":"https:\/\/narodnimuzejnis.rs\/RS\/wp-json\/wp\/v2\/comments?post=166"}],"version-history":[{"count":6,"href":"https:\/\/narodnimuzejnis.rs\/RS\/wp-json\/wp\/v2\/pages\/166\/revisions"}],"predecessor-version":[{"id":7560,"href":"https:\/\/narodnimuzejnis.rs\/RS\/wp-json\/wp\/v2\/pages\/166\/revisions\/7560"}],"up":[{"embeddable":true,"href":"https:\/\/narodnimuzejnis.rs\/RS\/wp-json\/wp\/v2\/pages\/45"}],"wp:attachment":[{"href":"https:\/\/narodnimuzejnis.rs\/RS\/wp-json\/wp\/v2\/media?parent=166"}],"curies":[{"name":"wp","href":"https:\/\/api.w.org\/{rel}","templated":true}]}}