{"id":93,"date":"2015-02-04T10:09:06","date_gmt":"2015-02-04T10:09:06","guid":{"rendered":"http:\/\/narodnimuzejnis.rs\/?page_id=93"},"modified":"2023-11-13T13:19:55","modified_gmt":"2023-11-13T12:19:55","slug":"zakazivanje-grupnih-poseta","status":"publish","type":"page","link":"http:\/\/narodnimuzejnis.rs\/fr\/za-posetioce\/zakazivanje-grupnih-poseta\/","title":{"rendered":"R\u00e9servation pour visites de groupes"},"content":{"rendered":"<p><\/p>\n\n\n\n<p>Chers collaborateurs et coll\u00e8gues,<\/p>\n\n\n\n<p>Nous vous informons que cette ann\u00e9e aussi, le Mus\u00e9e de Ni\u0161 est pr\u00eat \u00e0 accueillir toutes vos excursions. Notre d\u00e9sir est de mieux pr\u00e9senter les tr\u00e9sors culturels et historiques de la ville de Ni\u0161 et \u00e0 cet \u00e9gard, nous tenons \u00e0 vous rappeler quelques faits afin que toutes les visites se d\u00e9roulent dans le meilleur ordre:<\/p>\n\n\n\n<ul>\n<li>Les dispositifs du mus\u00e9e sont FERM\u00c9S LE LUNDI et il est donc impossible de r\u00e9aliser des excursions et des visites aux installations du Mus\u00e9e de Ni\u0161.<\/li>\n\n\n\n<li>Les heures d&#8217;ouverture des installations du Mus\u00e9e de Ni\u0161 se trouvent sur le site officiel, et il est de votre devoir de suivre les m\u00eames, et de synchroniser les visites des installations avec ces temps. Si vous avez un grand groupe, il est n\u00e9cessaire de venir&nbsp; au minimum 20 minutes avant la fermeture des installations.<\/li>\n\n\n\n<li>En ce qui consid\u00e8re les paiements, nous vous prions de vous assurer qu\u2019il n\u2019y a aucune dette envers le Mus\u00e9e de Ni\u0161. Les agences ayant des dettes NE SERONT PAS autoris\u00e9es \u00e0 acc\u00e9der les locaux du Mus\u00e9e de Ni\u0161 tant que les anciennes dettes ne seront \u00e9t\u00e9 r\u00e9gl\u00e9es.<\/li>\n\n\n\n<li>Lors des annonces des groupes, nous vous prions de pr\u00e9ciser les horaires, si possible, pour le bonne conduite de l\u2019excursion. Le guide est aussi oblige d\u2019avoir avec soi le coupon de r\u00e9ponse si l\u2019excursion a \u00e9t\u00e9 pay\u00e9e en avance.<\/li>\n\n\n\n<li>Nous vous prions aussi d&#8217;informer les visiteurs \u00e0 respecter le code vestimentaire qui signifie qu\u2019on ne peut pas acc\u00e9der les dispositifs du mus\u00e9e en shorts et d\u00e9bardeur.<\/li>\n<\/ul>\n\n\n\n<p>Dans l&#8217;espoir que nous allons coop\u00e9rer avec succ\u00e8s cette saison, acceptez nos salutations sinc\u00e8res!<\/p>\n\n\n\n<p>Coordinateur des activit\u00e9s de visites \u2013 \u017deljko Andjekovi\u0107<\/p>\n\n\n\n<p>Contact et r\u00e9servation par courriel\u00a0: <a href=\"mailto:info@narodnimuzejnis.rs\">info@narodnimuzejnis.rs<\/a>; <a href=\"mailto:\u00a0sanja.mladenovic@narodnimuzejnis.rs\">\u00a0<\/a><a href=\"mailto:zeljko.andjelkovic@narodnimuzejnis.rs\">sanja.mladenovic@narodnimuzejnis.rs<\/a> \u00a0et par fax:\u00a0 +381 18 246 622<\/p>\n\n\n\n<p><\/p>","protected":false},"excerpt":{"rendered":"<p>Chers collaborateurs et coll\u00e8gues, Nous vous informons que cette ann\u00e9e aussi, le Mus\u00e9e de Ni\u0161 est pr\u00eat \u00e0 accueillir toutes vos excursions. Notre d\u00e9sir est &hellip;<\/p>\n","protected":false},"author":1,"featured_media":0,"parent":37,"menu_order":4,"comment_status":"closed","ping_status":"closed","template":"","meta":{"ngg_post_thumbnail":0,"_links_to":"","_links_to_target":""},"_links":{"self":[{"href":"http:\/\/narodnimuzejnis.rs\/fr\/wp-json\/wp\/v2\/pages\/93"}],"collection":[{"href":"http:\/\/narodnimuzejnis.rs\/fr\/wp-json\/wp\/v2\/pages"}],"about":[{"href":"http:\/\/narodnimuzejnis.rs\/fr\/wp-json\/wp\/v2\/types\/page"}],"author":[{"embeddable":true,"href":"http:\/\/narodnimuzejnis.rs\/fr\/wp-json\/wp\/v2\/users\/1"}],"replies":[{"embeddable":true,"href":"http:\/\/narodnimuzejnis.rs\/fr\/wp-json\/wp\/v2\/comments?post=93"}],"version-history":[{"count":19,"href":"http:\/\/narodnimuzejnis.rs\/fr\/wp-json\/wp\/v2\/pages\/93\/revisions"}],"predecessor-version":[{"id":8054,"href":"http:\/\/narodnimuzejnis.rs\/fr\/wp-json\/wp\/v2\/pages\/93\/revisions\/8054"}],"up":[{"embeddable":true,"href":"http:\/\/narodnimuzejnis.rs\/fr\/wp-json\/wp\/v2\/pages\/37"}],"wp:attachment":[{"href":"http:\/\/narodnimuzejnis.rs\/fr\/wp-json\/wp\/v2\/media?parent=93"}],"curies":[{"name":"wp","href":"https:\/\/api.w.org\/{rel}","templated":true}]}}