{"id":89,"date":"2015-02-04T10:08:24","date_gmt":"2015-02-04T10:08:24","guid":{"rendered":"http:\/\/narodnimuzejnis.rs\/?page_id=89"},"modified":"2026-04-14T10:50:58","modified_gmt":"2026-04-14T08:50:58","slug":"radno-vreme","status":"publish","type":"page","link":"http:\/\/narodnimuzejnis.rs\/fr\/za-posetioce\/radno-vreme\/","title":{"rendered":"Heures d\u2019ouverture"},"content":{"rendered":"<p><\/p>\n\n\n\n<p><strong><span style=\"color: black;\">Exposition permanente<\/span><\/strong><\/p>\n\n\n\n<p><em><span style=\"color: black;\">LE TR\u00c9SOR ARCH\u00c9OLOGIQUE DE NI\u0160 DU N\u00c9OLITHIQUE AU MOYEN \u00c2GE<\/span><\/em><\/p>\n\n\n\n<p><span style=\"color: #444444;\">Mardi \u2013 vendredi :&nbsp; &nbsp; &nbsp; &nbsp; &nbsp; &nbsp; &nbsp; &nbsp; 10<sup>00<\/sup><span class=\"apple-converted-space\">&nbsp;<\/span>&#8211; 17<sup>00<\/sup><\/span><\/p>\n\n\n\n<p><span style=\"color: #444444;\">Samedi et dimanche:&nbsp; &nbsp; &nbsp; &nbsp; &nbsp; &nbsp; 10<sup>00<\/sup><span class=\"apple-converted-space\">&nbsp;<\/span>\u2013 15<sup>00<\/sup><\/span><\/p>\n\n\n\n<p><span style=\"color: #444444;\">Lundi:&nbsp;&nbsp;&nbsp;&nbsp;&nbsp;&nbsp;&nbsp;&nbsp;&nbsp;&nbsp;&nbsp;&nbsp;&nbsp;&nbsp;&nbsp;&nbsp;&nbsp;&nbsp;&nbsp;&nbsp;&nbsp;&nbsp;&nbsp;&nbsp;&nbsp;&nbsp;&nbsp;&nbsp;&nbsp;&nbsp;&nbsp;&nbsp;&nbsp;&nbsp;&nbsp; ferm\u00e9<\/span><\/p>\n\n\n\n<p><\/p>\n\n\n\n<p><strong><span style=\"color: black;\">GALERIE SYNAGOGUE<\/span><\/strong><\/p>\n\n\n\n<p><span style=\"color: #444444;\">Mardi \u2013 vendredi&nbsp;:&nbsp;&nbsp;&nbsp;&nbsp;&nbsp;&nbsp;&nbsp;&nbsp;&nbsp;&nbsp;&nbsp;&nbsp;&nbsp;&nbsp;&nbsp; 10<sup>00<\/sup><span class=\"apple-converted-space\">&nbsp;<\/span>&#8211; 17<sup>00<\/sup><\/span><\/p>\n\n\n\n<p><span style=\"color: #444444;\">Samedi et dimanche: &nbsp; &nbsp; &nbsp; &nbsp; &nbsp; &nbsp; 10<sup>00<\/sup><span class=\"apple-converted-space\">&nbsp;<\/span>&#8211; 15<sup>00<\/sup><\/span><\/p>\n\n\n\n<p><span style=\"color: #444444;\">Lundi:&nbsp;&nbsp;&nbsp;&nbsp;&nbsp;&nbsp;&nbsp;&nbsp;&nbsp;&nbsp;&nbsp;&nbsp;&nbsp;&nbsp;&nbsp;&nbsp;&nbsp;&nbsp;&nbsp;&nbsp;&nbsp;&nbsp;&nbsp;&nbsp;&nbsp;&nbsp;&nbsp;&nbsp;&nbsp;&nbsp;&nbsp;&nbsp;&nbsp;&nbsp;&nbsp; ferm\u00e9<\/span><\/p>\n\n\n\n<p><\/p>\n\n\n\n<p><strong><span style=\"color: black;\">TOUR DES CR\u00c2NES<\/span><\/strong><\/p>\n\n\n\n<p><span style=\"color: #444444;\">Mardi \u2013 vendredi&nbsp;:&nbsp; &nbsp; &nbsp; &nbsp; &nbsp; &nbsp; &nbsp; &nbsp; 09<sup>00<\/sup><span class=\"apple-converted-space\">&nbsp;<\/span>&#8211; 19<sup>00<\/sup><\/span><\/p>\n\n\n\n<p><span style=\"color: #444444;\">Samedi et dimanche:&nbsp; &nbsp; &nbsp; &nbsp; &nbsp; &nbsp; &nbsp;09<sup>00<\/sup><span class=\"apple-converted-space\">&nbsp;<\/span>&#8211; 17<sup>00<\/sup><\/span><\/p>\n\n\n\n<p><span style=\"color: #444444;\">Lundi:&nbsp;&nbsp;&nbsp;&nbsp;&nbsp;&nbsp;&nbsp;&nbsp;&nbsp;&nbsp;&nbsp;&nbsp;&nbsp;&nbsp;&nbsp;&nbsp;&nbsp;&nbsp;&nbsp;&nbsp;&nbsp;&nbsp;&nbsp;&nbsp;&nbsp;&nbsp;&nbsp;&nbsp;&nbsp;&nbsp;&nbsp;&nbsp;&nbsp;&nbsp;&nbsp; ferm\u00e9<\/span><\/p>\n\n\n\n<p><\/p>\n\n\n\n<p><strong><span style=\"color: black;\">M\u00c9DIANA<\/span><\/strong><\/p>\n\n\n\n<p><span style=\"color: #444444;\">Mardi \u2013 vendredi&nbsp;:&nbsp; &nbsp; &nbsp; &nbsp; &nbsp; &nbsp; &nbsp; &nbsp; 09<sup>00<\/sup><span class=\"apple-converted-space\">&nbsp;<\/span>&#8211; 16<sup>00<\/sup><\/span><\/p>\n\n\n\n<p><span style=\"color: #444444;\">Samedi et dimanche:&nbsp; &nbsp; &nbsp; &nbsp; &nbsp; &nbsp; &nbsp;09<sup>00<\/sup><span class=\"apple-converted-space\">&nbsp;<\/span>&#8211; 15<sup>00<\/sup><\/span><\/p>\n\n\n\n<p><span style=\"color: #444444;\">Lundi:&nbsp;&nbsp;&nbsp;&nbsp;&nbsp;&nbsp;&nbsp;&nbsp;&nbsp;&nbsp;&nbsp;&nbsp;&nbsp;&nbsp;&nbsp;&nbsp;&nbsp;&nbsp;&nbsp;&nbsp;&nbsp;&nbsp;&nbsp;&nbsp;&nbsp;&nbsp;&nbsp;&nbsp;&nbsp;&nbsp;&nbsp;&nbsp;&nbsp;&nbsp;&nbsp; ferm\u00e9<\/span><\/p>\n\n\n\n<p><\/p>\n\n\n\n<p><strong><span style=\"color: black;\">CAMP \u00ab&nbsp;12 F\u00c9VRIER&nbsp;\u00bb<\/span><\/strong><\/p>\n\n\n\n<p><span style=\"color: #444444;\">Mardi \u2013 vendredi :&nbsp; &nbsp; &nbsp; &nbsp; &nbsp; &nbsp; &nbsp; &nbsp; 09<sup>00<\/sup><span class=\"apple-converted-space\">&nbsp;<\/span>&#8211; 16<sup>00<\/sup><\/span><\/p>\n\n\n\n<p><span style=\"color: #444444;\">Samedi et dimanche:&nbsp; &nbsp; &nbsp; &nbsp; &nbsp; &nbsp; &nbsp;09<sup>00<\/sup><span class=\"apple-converted-space\">&nbsp;<\/span>&#8211; 15<sup>00<\/sup><\/span><\/p>\n\n\n\n<p><span style=\"color: #444444;\">Lundi:&nbsp;&nbsp;&nbsp;&nbsp;&nbsp;&nbsp;&nbsp;&nbsp;&nbsp;&nbsp;&nbsp;&nbsp;&nbsp;&nbsp;&nbsp;&nbsp;&nbsp;&nbsp;&nbsp;&nbsp;&nbsp;&nbsp;&nbsp;&nbsp;&nbsp;&nbsp;&nbsp;&nbsp;&nbsp;&nbsp;&nbsp;&nbsp;&nbsp;&nbsp;&nbsp; ferm\u00e9<\/span><\/p>\n\n\n\n<p><\/p>","protected":false},"excerpt":{"rendered":"<p>Exposition permanente LE TR\u00c9SOR ARCH\u00c9OLOGIQUE DE NI\u0160 DU N\u00c9OLITHIQUE AU MOYEN \u00c2GE Mardi \u2013 vendredi :&nbsp; &nbsp; &nbsp; &nbsp; &nbsp; &nbsp; &nbsp; &nbsp; 1000&nbsp;&#8211; 1700 &hellip;<\/p>\n","protected":false},"author":1,"featured_media":0,"parent":37,"menu_order":2,"comment_status":"closed","ping_status":"closed","template":"","meta":{"ngg_post_thumbnail":0,"_links_to":"","_links_to_target":""},"_links":{"self":[{"href":"http:\/\/narodnimuzejnis.rs\/fr\/wp-json\/wp\/v2\/pages\/89"}],"collection":[{"href":"http:\/\/narodnimuzejnis.rs\/fr\/wp-json\/wp\/v2\/pages"}],"about":[{"href":"http:\/\/narodnimuzejnis.rs\/fr\/wp-json\/wp\/v2\/types\/page"}],"author":[{"embeddable":true,"href":"http:\/\/narodnimuzejnis.rs\/fr\/wp-json\/wp\/v2\/users\/1"}],"replies":[{"embeddable":true,"href":"http:\/\/narodnimuzejnis.rs\/fr\/wp-json\/wp\/v2\/comments?post=89"}],"version-history":[{"count":328,"href":"http:\/\/narodnimuzejnis.rs\/fr\/wp-json\/wp\/v2\/pages\/89\/revisions"}],"predecessor-version":[{"id":8857,"href":"http:\/\/narodnimuzejnis.rs\/fr\/wp-json\/wp\/v2\/pages\/89\/revisions\/8857"}],"up":[{"embeddable":true,"href":"http:\/\/narodnimuzejnis.rs\/fr\/wp-json\/wp\/v2\/pages\/37"}],"wp:attachment":[{"href":"http:\/\/narodnimuzejnis.rs\/fr\/wp-json\/wp\/v2\/media?parent=89"}],"curies":[{"name":"wp","href":"https:\/\/api.w.org\/{rel}","templated":true}]}}