{"id":53,"date":"2015-02-04T09:56:53","date_gmt":"2015-02-04T09:56:53","guid":{"rendered":"http:\/\/narodnimuzejnis.rs\/?page_id=53"},"modified":"2023-02-23T13:57:51","modified_gmt":"2023-02-23T12:57:51","slug":"odsek-antika","status":"publish","type":"page","link":"http:\/\/narodnimuzejnis.rs\/fr\/o-muzeju\/odeljenja\/odeljenje-arheologije\/odsek-antika\/","title":{"rendered":"Antique"},"content":{"rendered":"<p><\/p>\n\n\n\n\n\n<div class=\"ngg-galleryoverview ngg-slideshow\"\n\t id=\"ngg-slideshow-8b6f1dc50e884ffa4c38b01b5e5ee3fb-9556161100\"\n     data-gallery-id=\"8b6f1dc50e884ffa4c38b01b5e5ee3fb\"\n     style=\"max-width: 600px; max-height: 400px;\">\n\n \t<div id=\"ngg-image-0\" class=\"ngg-gallery-slideshow-image\" style=\"height:400px\">\n\n        <a href=\"http:\/\/narodnimuzejnis.rs\/wp-content\/gallery\/antika\/Asklepije.fw_.png\"\n           title=\"\"\n           data-src=\"http:\/\/narodnimuzejnis.rs\/wp-content\/gallery\/antika\/Asklepije.fw_.png\"\n           data-thumbnail=\"http:\/\/narodnimuzejnis.rs\/wp-content\/gallery\/antika\/thumbs\/thumbs_Asklepije.fw_.png\"\n           data-image-id=\"1130\"\n           data-title=\"Asklepije.fw_\"\n           data-description=\"\"\n           class=\"ngg-fancybox\" rel=\"8b6f1dc50e884ffa4c38b01b5e5ee3fb\">\n\n            <img data-image-id='1130'\n                 title=\"\"\n                 alt=\"Asklepije.fw_\"\n                 src=\"http:\/\/narodnimuzejnis.rs\/wp-content\/gallery\/antika\/Asklepije.fw_.png\"\n                 style=\"max-height: 380px;\"\/>\n        <\/a>\n\n        <\/div> \n<div id=\"ngg-image-1\" class=\"ngg-gallery-slideshow-image\" style=\"height:400px\">\n\n        <a href=\"http:\/\/narodnimuzejnis.rs\/wp-content\/gallery\/antika\/50.fw_.png\"\n           title=\"\"\n           data-src=\"http:\/\/narodnimuzejnis.rs\/wp-content\/gallery\/antika\/50.fw_.png\"\n           data-thumbnail=\"http:\/\/narodnimuzejnis.rs\/wp-content\/gallery\/antika\/thumbs\/thumbs_50.fw_.png\"\n           data-image-id=\"1131\"\n           data-title=\"50.fw_\"\n           data-description=\"\"\n           class=\"ngg-fancybox\" rel=\"8b6f1dc50e884ffa4c38b01b5e5ee3fb\">\n\n            <img data-image-id='1131'\n                 title=\"\"\n                 alt=\"50.fw_\"\n                 src=\"http:\/\/narodnimuzejnis.rs\/wp-content\/gallery\/antika\/50.fw_.png\"\n                 style=\"max-height: 380px;\"\/>\n        <\/a>\n\n        <\/div> \n<div id=\"ngg-image-2\" class=\"ngg-gallery-slideshow-image\" style=\"height:400px\">\n\n        <a href=\"http:\/\/narodnimuzejnis.rs\/wp-content\/gallery\/antika\/BOZ_0219.fw_.png\"\n           title=\"\"\n           data-src=\"http:\/\/narodnimuzejnis.rs\/wp-content\/gallery\/antika\/BOZ_0219.fw_.png\"\n           data-thumbnail=\"http:\/\/narodnimuzejnis.rs\/wp-content\/gallery\/antika\/thumbs\/thumbs_BOZ_0219.fw_.png\"\n           data-image-id=\"1132\"\n           data-title=\"BOZ_0219.fw_\"\n           data-description=\"\"\n           class=\"ngg-fancybox\" rel=\"8b6f1dc50e884ffa4c38b01b5e5ee3fb\">\n\n            <img data-image-id='1132'\n                 title=\"\"\n                 alt=\"BOZ_0219.fw_\"\n                 src=\"http:\/\/narodnimuzejnis.rs\/wp-content\/gallery\/antika\/BOZ_0219.fw_.png\"\n                 style=\"max-height: 380px;\"\/>\n        <\/a>\n\n        <\/div> \n<div id=\"ngg-image-3\" class=\"ngg-gallery-slideshow-image\" style=\"height:400px\">\n\n        <a href=\"http:\/\/narodnimuzejnis.rs\/wp-content\/gallery\/antika\/49.fw_.png\"\n           title=\"\"\n           data-src=\"http:\/\/narodnimuzejnis.rs\/wp-content\/gallery\/antika\/49.fw_.png\"\n           data-thumbnail=\"http:\/\/narodnimuzejnis.rs\/wp-content\/gallery\/antika\/thumbs\/thumbs_49.fw_.png\"\n           data-image-id=\"1133\"\n           data-title=\"49.fw_\"\n           data-description=\"\"\n           class=\"ngg-fancybox\" rel=\"8b6f1dc50e884ffa4c38b01b5e5ee3fb\">\n\n            <img data-image-id='1133'\n                 title=\"\"\n                 alt=\"49.fw_\"\n                 src=\"http:\/\/narodnimuzejnis.rs\/wp-content\/gallery\/antika\/49.fw_.png\"\n                 style=\"max-height: 380px;\"\/>\n        <\/a>\n\n        <\/div> \n<div id=\"ngg-image-4\" class=\"ngg-gallery-slideshow-image\" style=\"height:400px\">\n\n        <a href=\"http:\/\/narodnimuzejnis.rs\/wp-content\/gallery\/antika\/carica-VI-vek.fw_.png\"\n           title=\"\"\n           data-src=\"http:\/\/narodnimuzejnis.rs\/wp-content\/gallery\/antika\/carica-VI-vek.fw_.png\"\n           data-thumbnail=\"http:\/\/narodnimuzejnis.rs\/wp-content\/gallery\/antika\/thumbs\/thumbs_carica-VI-vek.fw_.png\"\n           data-image-id=\"1134\"\n           data-title=\"carica-VI-vek.fw_\"\n           data-description=\"\"\n           class=\"ngg-fancybox\" rel=\"8b6f1dc50e884ffa4c38b01b5e5ee3fb\">\n\n            <img data-image-id='1134'\n                 title=\"\"\n                 alt=\"carica-VI-vek.fw_\"\n                 src=\"http:\/\/narodnimuzejnis.rs\/wp-content\/gallery\/antika\/carica-VI-vek.fw_.png\"\n                 style=\"max-height: 380px;\"\/>\n        <\/a>\n\n        <\/div> \n<div id=\"ngg-image-5\" class=\"ngg-gallery-slideshow-image\" style=\"height:400px\">\n\n        <a href=\"http:\/\/narodnimuzejnis.rs\/wp-content\/gallery\/antika\/Higija.fw_.png\"\n           title=\"\"\n           data-src=\"http:\/\/narodnimuzejnis.rs\/wp-content\/gallery\/antika\/Higija.fw_.png\"\n           data-thumbnail=\"http:\/\/narodnimuzejnis.rs\/wp-content\/gallery\/antika\/thumbs\/thumbs_Higija.fw_.png\"\n           data-image-id=\"1135\"\n           data-title=\"Higija.fw_\"\n           data-description=\"\"\n           class=\"ngg-fancybox\" rel=\"8b6f1dc50e884ffa4c38b01b5e5ee3fb\">\n\n            <img data-image-id='1135'\n                 title=\"\"\n                 alt=\"Higija.fw_\"\n                 src=\"http:\/\/narodnimuzejnis.rs\/wp-content\/gallery\/antika\/Higija.fw_.png\"\n                 style=\"max-height: 380px;\"\/>\n        <\/a>\n\n        <\/div> \n<div id=\"ngg-image-6\" class=\"ngg-gallery-slideshow-image\" style=\"height:400px\">\n\n        <a href=\"http:\/\/narodnimuzejnis.rs\/wp-content\/gallery\/antika\/Jupiter.fw_.png\"\n           title=\"\"\n           data-src=\"http:\/\/narodnimuzejnis.rs\/wp-content\/gallery\/antika\/Jupiter.fw_.png\"\n           data-thumbnail=\"http:\/\/narodnimuzejnis.rs\/wp-content\/gallery\/antika\/thumbs\/thumbs_Jupiter.fw_.png\"\n           data-image-id=\"1136\"\n           data-title=\"Jupiter.fw_\"\n           data-description=\"\"\n           class=\"ngg-fancybox\" rel=\"8b6f1dc50e884ffa4c38b01b5e5ee3fb\">\n\n            <img data-image-id='1136'\n                 title=\"\"\n                 alt=\"Jupiter.fw_\"\n                 src=\"http:\/\/narodnimuzejnis.rs\/wp-content\/gallery\/antika\/Jupiter.fw_.png\"\n                 style=\"max-height: 380px;\"\/>\n        <\/a>\n\n        <\/div> \n<div id=\"ngg-image-7\" class=\"ngg-gallery-slideshow-image\" style=\"height:400px\">\n\n        <a href=\"http:\/\/narodnimuzejnis.rs\/wp-content\/gallery\/antika\/pcelice.fw_.png\"\n           title=\"\"\n           data-src=\"http:\/\/narodnimuzejnis.rs\/wp-content\/gallery\/antika\/pcelice.fw_.png\"\n           data-thumbnail=\"http:\/\/narodnimuzejnis.rs\/wp-content\/gallery\/antika\/thumbs\/thumbs_pcelice.fw_.png\"\n           data-image-id=\"1137\"\n           data-title=\"pcelice.fw_\"\n           data-description=\"\"\n           class=\"ngg-fancybox\" rel=\"8b6f1dc50e884ffa4c38b01b5e5ee3fb\">\n\n            <img data-image-id='1137'\n                 title=\"\"\n                 alt=\"pcelice.fw_\"\n                 src=\"http:\/\/narodnimuzejnis.rs\/wp-content\/gallery\/antika\/pcelice.fw_.png\"\n                 style=\"max-height: 380px;\"\/>\n        <\/a>\n\n        <\/div> \n<div id=\"ngg-image-8\" class=\"ngg-gallery-slideshow-image\" style=\"height:400px\">\n\n        <a href=\"http:\/\/narodnimuzejnis.rs\/wp-content\/gallery\/antika\/SARKOFAG.fw_.png\"\n           title=\"\"\n           data-src=\"http:\/\/narodnimuzejnis.rs\/wp-content\/gallery\/antika\/SARKOFAG.fw_.png\"\n           data-thumbnail=\"http:\/\/narodnimuzejnis.rs\/wp-content\/gallery\/antika\/thumbs\/thumbs_SARKOFAG.fw_.png\"\n           data-image-id=\"1139\"\n           data-title=\"SARKOFAG.fw_\"\n           data-description=\"\"\n           class=\"ngg-fancybox\" rel=\"8b6f1dc50e884ffa4c38b01b5e5ee3fb\">\n\n            <img data-image-id='1139'\n                 title=\"\"\n                 alt=\"SARKOFAG.fw_\"\n                 src=\"http:\/\/narodnimuzejnis.rs\/wp-content\/gallery\/antika\/SARKOFAG.fw_.png\"\n                 style=\"max-height: 380px;\"\/>\n        <\/a>\n\n        <\/div> \n<div id=\"ngg-image-9\" class=\"ngg-gallery-slideshow-image\" style=\"height:400px\">\n\n        <a href=\"http:\/\/narodnimuzejnis.rs\/wp-content\/gallery\/antika\/porfirna-glava-tetrarha.fw_.png\"\n           title=\"\"\n           data-src=\"http:\/\/narodnimuzejnis.rs\/wp-content\/gallery\/antika\/porfirna-glava-tetrarha.fw_.png\"\n           data-thumbnail=\"http:\/\/narodnimuzejnis.rs\/wp-content\/gallery\/antika\/thumbs\/thumbs_porfirna-glava-tetrarha.fw_.png\"\n           data-image-id=\"1138\"\n           data-title=\"porfirna-glava-tetrarha.fw_\"\n           data-description=\"\"\n           class=\"ngg-fancybox\" rel=\"8b6f1dc50e884ffa4c38b01b5e5ee3fb\">\n\n            <img data-image-id='1138'\n                 title=\"\"\n                 alt=\"porfirna-glava-tetrarha.fw_\"\n                 src=\"http:\/\/narodnimuzejnis.rs\/wp-content\/gallery\/antika\/porfirna-glava-tetrarha.fw_.png\"\n                 style=\"max-height: 380px;\"\/>\n        <\/a>\n\n        <\/div> \n<\/div>\n\n\n\n\n\n\n\n<p>La collection antique du Mus\u00e9e de Ni\u0161 a \u00e9t\u00e9 con\u00e7ue en 1933 quand le Mus\u00e9e a \u00e9t\u00e9 fond\u00e9. Dans celle-ci sont pr\u00e9sent des objets du territoire de la ville, de deux sites arch\u00e9ologiques (Naissus et M\u00e9diana), comme de nombreux endroits dans les alentours et la r\u00e9gion. Dans la collection se trouve plus 1.500 objets de tous les domaines de la cr\u00e9ation humaine&nbsp;: de la vie ordinaire, de l\u2019\u00e9conomie, de l\u2019art appliqu\u00e9,&nbsp;beaux-arts et de l\u2019art en termes g\u00e9n\u00e9raux. Chronologiquement, elle est divis\u00e9e en deux parties&nbsp;: la collection de Rom et Byzance incluant la p\u00e9riode du I au VI si\u00e8cle. Des objets de valeurs, on doit distinguer le portrait d\u2019une imp\u00e9ratrice byzantine en bronze, le portrait d\u2019un t\u00e9trarque (Gal\u00e9rius&nbsp;?) de porphyre et une statuette en bronze de Jupiter sur le tr\u00f4ne.<\/p>\n\n\n\n<p><\/p>","protected":false},"excerpt":{"rendered":"<p>La collection antique du Mus\u00e9e de Ni\u0161 a \u00e9t\u00e9 con\u00e7ue en 1933 quand le Mus\u00e9e a \u00e9t\u00e9 fond\u00e9. Dans celle-ci sont pr\u00e9sent des objets du &hellip;<\/p>\n","protected":false},"author":1,"featured_media":0,"parent":49,"menu_order":2,"comment_status":"closed","ping_status":"closed","template":"","meta":{"ngg_post_thumbnail":0,"_links_to":"","_links_to_target":""},"_links":{"self":[{"href":"http:\/\/narodnimuzejnis.rs\/fr\/wp-json\/wp\/v2\/pages\/53"}],"collection":[{"href":"http:\/\/narodnimuzejnis.rs\/fr\/wp-json\/wp\/v2\/pages"}],"about":[{"href":"http:\/\/narodnimuzejnis.rs\/fr\/wp-json\/wp\/v2\/types\/page"}],"author":[{"embeddable":true,"href":"http:\/\/narodnimuzejnis.rs\/fr\/wp-json\/wp\/v2\/users\/1"}],"replies":[{"embeddable":true,"href":"http:\/\/narodnimuzejnis.rs\/fr\/wp-json\/wp\/v2\/comments?post=53"}],"version-history":[{"count":10,"href":"http:\/\/narodnimuzejnis.rs\/fr\/wp-json\/wp\/v2\/pages\/53\/revisions"}],"predecessor-version":[{"id":7617,"href":"http:\/\/narodnimuzejnis.rs\/fr\/wp-json\/wp\/v2\/pages\/53\/revisions\/7617"}],"up":[{"embeddable":true,"href":"http:\/\/narodnimuzejnis.rs\/fr\/wp-json\/wp\/v2\/pages\/49"}],"wp:attachment":[{"href":"http:\/\/narodnimuzejnis.rs\/fr\/wp-json\/wp\/v2\/media?parent=53"}],"curies":[{"name":"wp","href":"https:\/\/api.w.org\/{rel}","templated":true}]}}