{"id":51,"date":"2015-02-04T09:56:29","date_gmt":"2015-02-04T09:56:29","guid":{"rendered":"http:\/\/narodnimuzejnis.rs\/?page_id=51"},"modified":"2023-02-23T13:58:29","modified_gmt":"2023-02-23T12:58:29","slug":"odsek-praistorija","status":"publish","type":"page","link":"http:\/\/narodnimuzejnis.rs\/fr\/o-muzeju\/odeljenja\/odeljenje-arheologije\/odsek-praistorija\/","title":{"rendered":"Pr\u00e9histoire"},"content":{"rendered":"<p><\/p>\n\n\n\n\n\n<div class=\"ngg-galleryoverview ngg-slideshow\"\n\t id=\"ngg-slideshow-a1848d6ad539e0bf7005a6624e16dd18-2018472490\"\n     data-gallery-id=\"a1848d6ad539e0bf7005a6624e16dd18\"\n     style=\"max-width: 600px; max-height: 400px;\">\n\n \t<div id=\"ngg-image-0\" class=\"ngg-gallery-slideshow-image\" style=\"height:400px\">\n\n        <a href=\"http:\/\/narodnimuzejnis.rs\/wp-content\/gallery\/praistorija\/BOZ_0247.fw_.png\"\n           title=\"\"\n           data-src=\"http:\/\/narodnimuzejnis.rs\/wp-content\/gallery\/praistorija\/BOZ_0247.fw_.png\"\n           data-thumbnail=\"http:\/\/narodnimuzejnis.rs\/wp-content\/gallery\/praistorija\/thumbs\/thumbs_BOZ_0247.fw_.png\"\n           data-image-id=\"1140\"\n           data-title=\"BOZ_0247.fw_\"\n           data-description=\"\"\n           class=\"ngg-fancybox\" rel=\"a1848d6ad539e0bf7005a6624e16dd18\">\n\n            <img data-image-id='1140'\n                 title=\"\"\n                 alt=\"BOZ_0247.fw_\"\n                 src=\"http:\/\/narodnimuzejnis.rs\/wp-content\/gallery\/praistorija\/BOZ_0247.fw_.png\"\n                 style=\"max-height: 380px;\"\/>\n        <\/a>\n\n        <\/div> \n<div id=\"ngg-image-1\" class=\"ngg-gallery-slideshow-image\" style=\"height:400px\">\n\n        <a href=\"http:\/\/narodnimuzejnis.rs\/wp-content\/gallery\/praistorija\/IMG_0368.fw_.png\"\n           title=\"\"\n           data-src=\"http:\/\/narodnimuzejnis.rs\/wp-content\/gallery\/praistorija\/IMG_0368.fw_.png\"\n           data-thumbnail=\"http:\/\/narodnimuzejnis.rs\/wp-content\/gallery\/praistorija\/thumbs\/thumbs_IMG_0368.fw_.png\"\n           data-image-id=\"1141\"\n           data-title=\"IMG_0368.fw_\"\n           data-description=\"\"\n           class=\"ngg-fancybox\" rel=\"a1848d6ad539e0bf7005a6624e16dd18\">\n\n            <img data-image-id='1141'\n                 title=\"\"\n                 alt=\"IMG_0368.fw_\"\n                 src=\"http:\/\/narodnimuzejnis.rs\/wp-content\/gallery\/praistorija\/IMG_0368.fw_.png\"\n                 style=\"max-height: 380px;\"\/>\n        <\/a>\n\n        <\/div> \n<div id=\"ngg-image-2\" class=\"ngg-gallery-slideshow-image\" style=\"height:400px\">\n\n        <a href=\"http:\/\/narodnimuzejnis.rs\/wp-content\/gallery\/praistorija\/IMG_0369.fw_.png\"\n           title=\"\"\n           data-src=\"http:\/\/narodnimuzejnis.rs\/wp-content\/gallery\/praistorija\/IMG_0369.fw_.png\"\n           data-thumbnail=\"http:\/\/narodnimuzejnis.rs\/wp-content\/gallery\/praistorija\/thumbs\/thumbs_IMG_0369.fw_.png\"\n           data-image-id=\"1142\"\n           data-title=\"IMG_0369.fw_\"\n           data-description=\"\"\n           class=\"ngg-fancybox\" rel=\"a1848d6ad539e0bf7005a6624e16dd18\">\n\n            <img data-image-id='1142'\n                 title=\"\"\n                 alt=\"IMG_0369.fw_\"\n                 src=\"http:\/\/narodnimuzejnis.rs\/wp-content\/gallery\/praistorija\/IMG_0369.fw_.png\"\n                 style=\"max-height: 380px;\"\/>\n        <\/a>\n\n        <\/div> \n<div id=\"ngg-image-3\" class=\"ngg-gallery-slideshow-image\" style=\"height:400px\">\n\n        <a href=\"http:\/\/narodnimuzejnis.rs\/wp-content\/gallery\/praistorija\/D1000091.fw_.png\"\n           title=\"\"\n           data-src=\"http:\/\/narodnimuzejnis.rs\/wp-content\/gallery\/praistorija\/D1000091.fw_.png\"\n           data-thumbnail=\"http:\/\/narodnimuzejnis.rs\/wp-content\/gallery\/praistorija\/thumbs\/thumbs_D1000091.fw_.png\"\n           data-image-id=\"1143\"\n           data-title=\"D1000091.fw_\"\n           data-description=\"\"\n           class=\"ngg-fancybox\" rel=\"a1848d6ad539e0bf7005a6624e16dd18\">\n\n            <img data-image-id='1143'\n                 title=\"\"\n                 alt=\"D1000091.fw_\"\n                 src=\"http:\/\/narodnimuzejnis.rs\/wp-content\/gallery\/praistorija\/D1000091.fw_.png\"\n                 style=\"max-height: 380px;\"\/>\n        <\/a>\n\n        <\/div> \n<div id=\"ngg-image-4\" class=\"ngg-gallery-slideshow-image\" style=\"height:400px\">\n\n        <a href=\"http:\/\/narodnimuzejnis.rs\/wp-content\/gallery\/praistorija\/BOZ_0250.fw_.png\"\n           title=\"\"\n           data-src=\"http:\/\/narodnimuzejnis.rs\/wp-content\/gallery\/praistorija\/BOZ_0250.fw_.png\"\n           data-thumbnail=\"http:\/\/narodnimuzejnis.rs\/wp-content\/gallery\/praistorija\/thumbs\/thumbs_BOZ_0250.fw_.png\"\n           data-image-id=\"1144\"\n           data-title=\"BOZ_0250.fw_\"\n           data-description=\"\"\n           class=\"ngg-fancybox\" rel=\"a1848d6ad539e0bf7005a6624e16dd18\">\n\n            <img data-image-id='1144'\n                 title=\"\"\n                 alt=\"BOZ_0250.fw_\"\n                 src=\"http:\/\/narodnimuzejnis.rs\/wp-content\/gallery\/praistorija\/BOZ_0250.fw_.png\"\n                 style=\"max-height: 380px;\"\/>\n        <\/a>\n\n        <\/div> \n<div id=\"ngg-image-5\" class=\"ngg-gallery-slideshow-image\" style=\"height:400px\">\n\n        <a href=\"http:\/\/narodnimuzejnis.rs\/wp-content\/gallery\/praistorija\/bubanj2.fw_.png\"\n           title=\"\"\n           data-src=\"http:\/\/narodnimuzejnis.rs\/wp-content\/gallery\/praistorija\/bubanj2.fw_.png\"\n           data-thumbnail=\"http:\/\/narodnimuzejnis.rs\/wp-content\/gallery\/praistorija\/thumbs\/thumbs_bubanj2.fw_.png\"\n           data-image-id=\"1145\"\n           data-title=\"bubanj2.fw_\"\n           data-description=\"\"\n           class=\"ngg-fancybox\" rel=\"a1848d6ad539e0bf7005a6624e16dd18\">\n\n            <img data-image-id='1145'\n                 title=\"\"\n                 alt=\"bubanj2.fw_\"\n                 src=\"http:\/\/narodnimuzejnis.rs\/wp-content\/gallery\/praistorija\/bubanj2.fw_.png\"\n                 style=\"max-height: 380px;\"\/>\n        <\/a>\n\n        <\/div> \n<div id=\"ngg-image-6\" class=\"ngg-gallery-slideshow-image\" style=\"height:400px\">\n\n        <a href=\"http:\/\/narodnimuzejnis.rs\/wp-content\/gallery\/praistorija\/IMG_0371.fw_.png\"\n           title=\"\"\n           data-src=\"http:\/\/narodnimuzejnis.rs\/wp-content\/gallery\/praistorija\/IMG_0371.fw_.png\"\n           data-thumbnail=\"http:\/\/narodnimuzejnis.rs\/wp-content\/gallery\/praistorija\/thumbs\/thumbs_IMG_0371.fw_.png\"\n           data-image-id=\"1146\"\n           data-title=\"IMG_0371.fw_\"\n           data-description=\"\"\n           class=\"ngg-fancybox\" rel=\"a1848d6ad539e0bf7005a6624e16dd18\">\n\n            <img data-image-id='1146'\n                 title=\"\"\n                 alt=\"IMG_0371.fw_\"\n                 src=\"http:\/\/narodnimuzejnis.rs\/wp-content\/gallery\/praistorija\/IMG_0371.fw_.png\"\n                 style=\"max-height: 380px;\"\/>\n        <\/a>\n\n        <\/div> \n<div id=\"ngg-image-7\" class=\"ngg-gallery-slideshow-image\" style=\"height:400px\">\n\n        <a href=\"http:\/\/narodnimuzejnis.rs\/wp-content\/gallery\/praistorija\/IMG_0378.fw_.png\"\n           title=\"\"\n           data-src=\"http:\/\/narodnimuzejnis.rs\/wp-content\/gallery\/praistorija\/IMG_0378.fw_.png\"\n           data-thumbnail=\"http:\/\/narodnimuzejnis.rs\/wp-content\/gallery\/praistorija\/thumbs\/thumbs_IMG_0378.fw_.png\"\n           data-image-id=\"1147\"\n           data-title=\"IMG_0378.fw_\"\n           data-description=\"\"\n           class=\"ngg-fancybox\" rel=\"a1848d6ad539e0bf7005a6624e16dd18\">\n\n            <img data-image-id='1147'\n                 title=\"\"\n                 alt=\"IMG_0378.fw_\"\n                 src=\"http:\/\/narodnimuzejnis.rs\/wp-content\/gallery\/praistorija\/IMG_0378.fw_.png\"\n                 style=\"max-height: 380px;\"\/>\n        <\/a>\n\n        <\/div> \n<div id=\"ngg-image-8\" class=\"ngg-gallery-slideshow-image\" style=\"height:400px\">\n\n        <a href=\"http:\/\/narodnimuzejnis.rs\/wp-content\/gallery\/praistorija\/IMG_0374.fw_.png\"\n           title=\"\"\n           data-src=\"http:\/\/narodnimuzejnis.rs\/wp-content\/gallery\/praistorija\/IMG_0374.fw_.png\"\n           data-thumbnail=\"http:\/\/narodnimuzejnis.rs\/wp-content\/gallery\/praistorija\/thumbs\/thumbs_IMG_0374.fw_.png\"\n           data-image-id=\"1148\"\n           data-title=\"IMG_0374.fw_\"\n           data-description=\"\"\n           class=\"ngg-fancybox\" rel=\"a1848d6ad539e0bf7005a6624e16dd18\">\n\n            <img data-image-id='1148'\n                 title=\"\"\n                 alt=\"IMG_0374.fw_\"\n                 src=\"http:\/\/narodnimuzejnis.rs\/wp-content\/gallery\/praistorija\/IMG_0374.fw_.png\"\n                 style=\"max-height: 380px;\"\/>\n        <\/a>\n\n        <\/div> \n<div id=\"ngg-image-9\" class=\"ngg-gallery-slideshow-image\" style=\"height:400px\">\n\n        <a href=\"http:\/\/narodnimuzejnis.rs\/wp-content\/gallery\/praistorija\/IMG_0379.fw_.png\"\n           title=\"\"\n           data-src=\"http:\/\/narodnimuzejnis.rs\/wp-content\/gallery\/praistorija\/IMG_0379.fw_.png\"\n           data-thumbnail=\"http:\/\/narodnimuzejnis.rs\/wp-content\/gallery\/praistorija\/thumbs\/thumbs_IMG_0379.fw_.png\"\n           data-image-id=\"1149\"\n           data-title=\"IMG_0379.fw_\"\n           data-description=\"\"\n           class=\"ngg-fancybox\" rel=\"a1848d6ad539e0bf7005a6624e16dd18\">\n\n            <img data-image-id='1149'\n                 title=\"\"\n                 alt=\"IMG_0379.fw_\"\n                 src=\"http:\/\/narodnimuzejnis.rs\/wp-content\/gallery\/praistorija\/IMG_0379.fw_.png\"\n                 style=\"max-height: 380px;\"\/>\n        <\/a>\n\n        <\/div> \n<div id=\"ngg-image-10\" class=\"ngg-gallery-slideshow-image\" style=\"height:400px\">\n\n        <a href=\"http:\/\/narodnimuzejnis.rs\/wp-content\/gallery\/praistorija\/IMG_0373.fw_.png\"\n           title=\"\"\n           data-src=\"http:\/\/narodnimuzejnis.rs\/wp-content\/gallery\/praistorija\/IMG_0373.fw_.png\"\n           data-thumbnail=\"http:\/\/narodnimuzejnis.rs\/wp-content\/gallery\/praistorija\/thumbs\/thumbs_IMG_0373.fw_.png\"\n           data-image-id=\"1150\"\n           data-title=\"IMG_0373.fw_\"\n           data-description=\"\"\n           class=\"ngg-fancybox\" rel=\"a1848d6ad539e0bf7005a6624e16dd18\">\n\n            <img data-image-id='1150'\n                 title=\"\"\n                 alt=\"IMG_0373.fw_\"\n                 src=\"http:\/\/narodnimuzejnis.rs\/wp-content\/gallery\/praistorija\/IMG_0373.fw_.png\"\n                 style=\"max-height: 380px;\"\/>\n        <\/a>\n\n        <\/div> \n<div id=\"ngg-image-11\" class=\"ngg-gallery-slideshow-image\" style=\"height:400px\">\n\n        <a href=\"http:\/\/narodnimuzejnis.rs\/wp-content\/gallery\/praistorija\/IMG_0380.fw_.png\"\n           title=\"\"\n           data-src=\"http:\/\/narodnimuzejnis.rs\/wp-content\/gallery\/praistorija\/IMG_0380.fw_.png\"\n           data-thumbnail=\"http:\/\/narodnimuzejnis.rs\/wp-content\/gallery\/praistorija\/thumbs\/thumbs_IMG_0380.fw_.png\"\n           data-image-id=\"1151\"\n           data-title=\"IMG_0380.fw_\"\n           data-description=\"\"\n           class=\"ngg-fancybox\" rel=\"a1848d6ad539e0bf7005a6624e16dd18\">\n\n            <img data-image-id='1151'\n                 title=\"\"\n                 alt=\"IMG_0380.fw_\"\n                 src=\"http:\/\/narodnimuzejnis.rs\/wp-content\/gallery\/praistorija\/IMG_0380.fw_.png\"\n                 style=\"max-height: 380px;\"\/>\n        <\/a>\n\n        <\/div> \n<div id=\"ngg-image-12\" class=\"ngg-gallery-slideshow-image\" style=\"height:400px\">\n\n        <a href=\"http:\/\/narodnimuzejnis.rs\/wp-content\/gallery\/praistorija\/IMG_0386.fw_.png\"\n           title=\"\"\n           data-src=\"http:\/\/narodnimuzejnis.rs\/wp-content\/gallery\/praistorija\/IMG_0386.fw_.png\"\n           data-thumbnail=\"http:\/\/narodnimuzejnis.rs\/wp-content\/gallery\/praistorija\/thumbs\/thumbs_IMG_0386.fw_.png\"\n           data-image-id=\"1152\"\n           data-title=\"IMG_0386.fw_\"\n           data-description=\"\"\n           class=\"ngg-fancybox\" rel=\"a1848d6ad539e0bf7005a6624e16dd18\">\n\n            <img data-image-id='1152'\n                 title=\"\"\n                 alt=\"IMG_0386.fw_\"\n                 src=\"http:\/\/narodnimuzejnis.rs\/wp-content\/gallery\/praistorija\/IMG_0386.fw_.png\"\n                 style=\"max-height: 380px;\"\/>\n        <\/a>\n\n        <\/div> \n<div id=\"ngg-image-13\" class=\"ngg-gallery-slideshow-image\" style=\"height:400px\">\n\n        <a href=\"http:\/\/narodnimuzejnis.rs\/wp-content\/gallery\/praistorija\/IMG_2916.fw_.png\"\n           title=\"\"\n           data-src=\"http:\/\/narodnimuzejnis.rs\/wp-content\/gallery\/praistorija\/IMG_2916.fw_.png\"\n           data-thumbnail=\"http:\/\/narodnimuzejnis.rs\/wp-content\/gallery\/praistorija\/thumbs\/thumbs_IMG_2916.fw_.png\"\n           data-image-id=\"1153\"\n           data-title=\"IMG_2916.fw_\"\n           data-description=\"\"\n           class=\"ngg-fancybox\" rel=\"a1848d6ad539e0bf7005a6624e16dd18\">\n\n            <img data-image-id='1153'\n                 title=\"\"\n                 alt=\"IMG_2916.fw_\"\n                 src=\"http:\/\/narodnimuzejnis.rs\/wp-content\/gallery\/praistorija\/IMG_2916.fw_.png\"\n                 style=\"max-height: 380px;\"\/>\n        <\/a>\n\n        <\/div> \n<div id=\"ngg-image-14\" class=\"ngg-gallery-slideshow-image\" style=\"height:400px\">\n\n        <a href=\"http:\/\/narodnimuzejnis.rs\/wp-content\/gallery\/praistorija\/IMG_2918.fw_.png\"\n           title=\"\"\n           data-src=\"http:\/\/narodnimuzejnis.rs\/wp-content\/gallery\/praistorija\/IMG_2918.fw_.png\"\n           data-thumbnail=\"http:\/\/narodnimuzejnis.rs\/wp-content\/gallery\/praistorija\/thumbs\/thumbs_IMG_2918.fw_.png\"\n           data-image-id=\"1154\"\n           data-title=\"IMG_2918.fw_\"\n           data-description=\"\"\n           class=\"ngg-fancybox\" rel=\"a1848d6ad539e0bf7005a6624e16dd18\">\n\n            <img data-image-id='1154'\n                 title=\"\"\n                 alt=\"IMG_2918.fw_\"\n                 src=\"http:\/\/narodnimuzejnis.rs\/wp-content\/gallery\/praistorija\/IMG_2918.fw_.png\"\n                 style=\"max-height: 380px;\"\/>\n        <\/a>\n\n        <\/div> \n<div id=\"ngg-image-15\" class=\"ngg-gallery-slideshow-image\" style=\"height:400px\">\n\n        <a href=\"http:\/\/narodnimuzejnis.rs\/wp-content\/gallery\/praistorija\/p1.fw_.png\"\n           title=\"\"\n           data-src=\"http:\/\/narodnimuzejnis.rs\/wp-content\/gallery\/praistorija\/p1.fw_.png\"\n           data-thumbnail=\"http:\/\/narodnimuzejnis.rs\/wp-content\/gallery\/praistorija\/thumbs\/thumbs_p1.fw_.png\"\n           data-image-id=\"1155\"\n           data-title=\"p1.fw_\"\n           data-description=\"\"\n           class=\"ngg-fancybox\" rel=\"a1848d6ad539e0bf7005a6624e16dd18\">\n\n            <img data-image-id='1155'\n                 title=\"\"\n                 alt=\"p1.fw_\"\n                 src=\"http:\/\/narodnimuzejnis.rs\/wp-content\/gallery\/praistorija\/p1.fw_.png\"\n                 style=\"max-height: 380px;\"\/>\n        <\/a>\n\n        <\/div> \n<div id=\"ngg-image-16\" class=\"ngg-gallery-slideshow-image\" style=\"height:400px\">\n\n        <a href=\"http:\/\/narodnimuzejnis.rs\/wp-content\/gallery\/praistorija\/p2.fw_.png\"\n           title=\"\"\n           data-src=\"http:\/\/narodnimuzejnis.rs\/wp-content\/gallery\/praistorija\/p2.fw_.png\"\n           data-thumbnail=\"http:\/\/narodnimuzejnis.rs\/wp-content\/gallery\/praistorija\/thumbs\/thumbs_p2.fw_.png\"\n           data-image-id=\"1156\"\n           data-title=\"p2.fw_\"\n           data-description=\"\"\n           class=\"ngg-fancybox\" rel=\"a1848d6ad539e0bf7005a6624e16dd18\">\n\n            <img data-image-id='1156'\n                 title=\"\"\n                 alt=\"p2.fw_\"\n                 src=\"http:\/\/narodnimuzejnis.rs\/wp-content\/gallery\/praistorija\/p2.fw_.png\"\n                 style=\"max-height: 380px;\"\/>\n        <\/a>\n\n        <\/div> \n<div id=\"ngg-image-17\" class=\"ngg-gallery-slideshow-image\" style=\"height:400px\">\n\n        <a href=\"http:\/\/narodnimuzejnis.rs\/wp-content\/gallery\/praistorija\/p3.fw_.png\"\n           title=\"\"\n           data-src=\"http:\/\/narodnimuzejnis.rs\/wp-content\/gallery\/praistorija\/p3.fw_.png\"\n           data-thumbnail=\"http:\/\/narodnimuzejnis.rs\/wp-content\/gallery\/praistorija\/thumbs\/thumbs_p3.fw_.png\"\n           data-image-id=\"1157\"\n           data-title=\"p3.fw_\"\n           data-description=\"\"\n           class=\"ngg-fancybox\" rel=\"a1848d6ad539e0bf7005a6624e16dd18\">\n\n            <img data-image-id='1157'\n                 title=\"\"\n                 alt=\"p3.fw_\"\n                 src=\"http:\/\/narodnimuzejnis.rs\/wp-content\/gallery\/praistorija\/p3.fw_.png\"\n                 style=\"max-height: 380px;\"\/>\n        <\/a>\n\n        <\/div> \n<div id=\"ngg-image-18\" class=\"ngg-gallery-slideshow-image\" style=\"height:400px\">\n\n        <a href=\"http:\/\/narodnimuzejnis.rs\/wp-content\/gallery\/praistorija\/s.fw_.png\"\n           title=\"\"\n           data-src=\"http:\/\/narodnimuzejnis.rs\/wp-content\/gallery\/praistorija\/s.fw_.png\"\n           data-thumbnail=\"http:\/\/narodnimuzejnis.rs\/wp-content\/gallery\/praistorija\/thumbs\/thumbs_s.fw_.png\"\n           data-image-id=\"1158\"\n           data-title=\"s.fw_\"\n           data-description=\"\"\n           class=\"ngg-fancybox\" rel=\"a1848d6ad539e0bf7005a6624e16dd18\">\n\n            <img data-image-id='1158'\n                 title=\"\"\n                 alt=\"s.fw_\"\n                 src=\"http:\/\/narodnimuzejnis.rs\/wp-content\/gallery\/praistorija\/s.fw_.png\"\n                 style=\"max-height: 380px;\"\/>\n        <\/a>\n\n        <\/div> \n<\/div>\n\n\n\n\n\n\n\n<p>Les premiers objets pr\u00e9historiques de la proximit\u00e9 de Ni\u0161 ont \u00e9t\u00e9 recueillis dans les ann\u00e9es 30 du si\u00e8cle dernier par les membres de la Soci\u00e9t\u00e9 des Amis du Mus\u00e9e, et les premi\u00e8res fouilles professionnelles furent effectu\u00e9es en 1928 sur le site de Plo\u010dnik pr\u00e8s de Kur\u0161umlija, sous la direction du professeur Miodrag Grbi\u0107. Lors des bombardements de la Seconde Guerre mondiale, le b\u00e2timent du Mus\u00e9e fut d\u00e9truit, ainsi que de nombreux objets d\u2019expositions. Apr\u00e8s la guerre, les fouilles syst\u00e9matiques ont \u00e9t\u00e9 r\u00e9alis\u00e9es sur le site de Bubanj (Boubagne, de 1954 \u00e0 1958), et la grande colline de Hum en 1956. Plus tard, on a effectu\u00e9 plusieurs fouilles, toutes \u00e9tant \u00e0 petite \u00e9chelle et \u00e0 dur\u00e9e limit\u00e9e. Aujourd&#8217;hui, la collection comprend des objets qui appartiennent \u00e0 l&#8217;ensemble de la p\u00e9riode pr\u00e9historique. Ceux-ci sont:<\/p>\n\n\n\n<ul>\n<li>L\u2019\u00e2ge ancien de la pierre \u2013 le pal\u00e9olithique (30.000 \u00e0 10.000 ans avant J.C.), le site de Kremenac.<\/li>\n\n\n\n<li>L\u2019\u00e2ge nouveau de la pierre\u2013 le n\u00e9olithique (fin du VI\u00e8me mill\u00e9naire avant J.C. &#8211; environ 3.000 ans avant J.C.), le site des Grandes Fontaines \u00e0 Vrti\u0161te, la localit\u00e9 Seli\u0161te pr\u00e8s de Pasi Poljana, le site de Katun pr\u00e8s d\u2019Aleksinac,<\/li>\n\n\n\n<li>L\u2019\u00e2ge de cuivre \u2013 le n\u00e9olithique (3.000 \u2013 2.000 ans avant J.C.), les localit\u00e9s de Bubanj et de la grande colline de Hum,<\/li>\n\n\n\n<li>L&#8217;\u00e2ge du bronze (environ 2.000 -1.200 avant J.C.), avec un site d\u2019une n\u00e9cropole \u00e0 Medo\u0161evac et la grande colonie de M\u00e9diana, situ\u00e9e \u00e0 c\u00f4t\u00e9 de l&#8217;ancienne colonie antique du m\u00eame nom,<\/li>\n\n\n\n<li>L\u2019\u00e2ge de fer (vers 1.200 avant J.C.) avec des tombes trouv\u00e9es \u00e0 Vrti\u0161te, la localit\u00e9 de Breg-Utrina et trouvailles individuelles de diff\u00e9rentes localit\u00e9s. Aujourd&#8217;hui, dans la collection de cette p\u00e9riode sont plus de 5.000 objets.<\/li>\n<\/ul>\n\n\n\n<p><\/p>","protected":false},"excerpt":{"rendered":"<p>Les premiers objets pr\u00e9historiques de la proximit\u00e9 de Ni\u0161 ont \u00e9t\u00e9 recueillis dans les ann\u00e9es 30 du si\u00e8cle dernier par les membres de la Soci\u00e9t\u00e9 &hellip;<\/p>\n","protected":false},"author":1,"featured_media":0,"parent":49,"menu_order":1,"comment_status":"closed","ping_status":"closed","template":"","meta":{"ngg_post_thumbnail":0,"_links_to":"","_links_to_target":""},"_links":{"self":[{"href":"http:\/\/narodnimuzejnis.rs\/fr\/wp-json\/wp\/v2\/pages\/51"}],"collection":[{"href":"http:\/\/narodnimuzejnis.rs\/fr\/wp-json\/wp\/v2\/pages"}],"about":[{"href":"http:\/\/narodnimuzejnis.rs\/fr\/wp-json\/wp\/v2\/types\/page"}],"author":[{"embeddable":true,"href":"http:\/\/narodnimuzejnis.rs\/fr\/wp-json\/wp\/v2\/users\/1"}],"replies":[{"embeddable":true,"href":"http:\/\/narodnimuzejnis.rs\/fr\/wp-json\/wp\/v2\/comments?post=51"}],"version-history":[{"count":14,"href":"http:\/\/narodnimuzejnis.rs\/fr\/wp-json\/wp\/v2\/pages\/51\/revisions"}],"predecessor-version":[{"id":7618,"href":"http:\/\/narodnimuzejnis.rs\/fr\/wp-json\/wp\/v2\/pages\/51\/revisions\/7618"}],"up":[{"embeddable":true,"href":"http:\/\/narodnimuzejnis.rs\/fr\/wp-json\/wp\/v2\/pages\/49"}],"wp:attachment":[{"href":"http:\/\/narodnimuzejnis.rs\/fr\/wp-json\/wp\/v2\/media?parent=51"}],"curies":[{"name":"wp","href":"https:\/\/api.w.org\/{rel}","templated":true}]}}