{"id":91,"date":"2015-02-04T10:08:44","date_gmt":"2015-02-04T10:08:44","guid":{"rendered":"http:\/\/narodnimuzejnis.rs\/?page_id=91"},"modified":"2025-10-07T13:27:11","modified_gmt":"2025-10-07T11:27:11","slug":"ulaznice","status":"publish","type":"page","link":"http:\/\/narodnimuzejnis.rs\/en\/za-posetioce\/ulaznice\/","title":{"rendered":"Tickets"},"content":{"rendered":"<p>MUSEUM COMPLEX OBJECTS<\/strong><\/td><td class=\"column-2\"><strong>INDIVIDUAL VISITS<\/strong><\/td><td class=\"column-3\"><strong>ELEMENTARY SCHOOL STUDENTS,<br \/>\nHIGH SCHOOL STUDENTS, <br \/>\nSTUDENTS, <br \/>\nSENIOR CITIZENS,<br \/>\nGROUP VISITS (OVER 10)<br \/>\n<\/strong><\/td>\n<\/tr>\n<tr class=\"row-2 even\">\n\t<td class=\"column-1\"><strong>ARCHEOLOGICAL PARK MEDIANA<\/strong><\/td><td class=\"column-2\">500 RSD<\/td><td class=\"column-3\">400 RSD<\/td>\n<\/tr>\n<tr class=\"row-3 odd\">\n\t<td class=\"column-1\"><strong>SKULL TOWER<\/strong><\/td><td class=\"column-2\">300 RSD<\/td><td class=\"column-3\">250 RSD<\/td>\n<\/tr>\n<tr class=\"row-4 even\">\n\t<td class=\"column-1\"><strong>MEMORIAL COMPLEX \"FEBRUARY 12\"<\/strong><\/td><td class=\"column-2\">300 RSD<\/td><td class=\"column-3\">250 RSD<\/td>\n<\/tr>\n<tr class=\"row-5 odd\">\n\t<td class=\"column-1\"><strong>ARCHAEOLOGICAL HALL<\/strong><\/td><td class=\"column-2\">300 RSD<\/td><td class=\"column-3\">250 RSD<\/td>\n<\/tr>\n<tr class=\"row-6 even\">\n\t<td class=\"column-1\"><strong>STEVAN SREMAC\/ BRANKO MILJKOVI\u0106 LITERARY MEMORIAL EXHIBITION<\/strong><\/td><td class=\"column-2\">FREE<\/td><td class=\"column-3\">FREE<\/td>\n<\/tr>\n<tr class=\"row-7 odd\">\n\t<td class=\"column-1\"><strong>SYNAGOGUE GALLERY<\/strong><\/td><td class=\"column-2\">FREE<\/td><td class=\"column-3\">FREE<\/td>\n<\/tr>\n<tr class=\"row-8 even\">\n\t<td class=\"column-1\"><strong>ALL MUSEUM COMPLEX OBJECTS<\/strong><\/td><td class=\"column-2\">1200 RSD<\/td><td class=\"column-3\">1000 RSD<\/td>\n<\/tr>\n<\/tbody>\n<\/table>\n<!-- #tablepress-5 from cache -->\n<p style=\"margin: 0cm; margin-bottom: .0001pt; text-align: justify; background: white;\">\u0421\u0422\u0423\u0414\u0415\u041d\u0422\u0418 \u041e\u0421\u0422\u0412\u0410\u0420\u0423\u0408\u0423 \u041f\u041e\u041f\u0423\u0421\u0422 \u0423\u0417 \u0418\u041d\u0414\u0415X \u0418\u041b\u0418 ISIC \u041a\u0410\u0420\u0422\u0418\u0426\u0423.<\/p>\n<p style=\"margin: 0cm; margin-bottom: .0001pt; text-align: justify; background: white;\">\u041f\u0415\u041d\u0417\u0418\u041e\u041d\u0415\u0420\u0418 \u041e\u0421\u0422\u0412\u0410\u0420\u0423\u0408\u0423 \u041f\u041e\u041f\u0423\u0421\u0422 \u041d\u0410 \u041e\u0421\u041d\u041e\u0412\u0423 \u041b\u0418\u0427\u041d\u0415 \u041a\u0410\u0420\u0422\u0415 \u041a\u041e\u0408\u041e\u041c \u0421\u0415 \u041c\u041e\u0416\u0415&nbsp;\u0423\u0422\u0412\u0420\u0414\u0418\u0422\u0418 \u0414\u0410 \u0418\u041c\u0410\u0408\u0423 65 \u0418\u041b\u0418 \u0412\u0418\u0428\u0415 \u0413\u041e\u0414\u0418\u041d\u0410 \u0418\u041b\u0418 \u041d\u0410 \u041e\u0421\u041d\u041e\u0412\u0423 \u041f\u0415\u041d\u0417\u0418\u041e\u041d\u041e\u0413 \u0427\u0415\u041a\u0410.<\/p>\n<p>MUSEUM COMPLEX OBJECTS<\/strong><\/td><td class=\"column-2\"><strong>INDIVIDUAL VISITS<\/strong><\/td><td class=\"column-3\"><strong>ELEMENTARY SCHOOL STUDENTS,<br \/>\nHIGH SCHOOL STUDENTS, <br \/>\nSTUDENTS, <br \/>\nSENIOR CITIZENS,<br \/>\nGROUP VISITS (OVER 10)<br \/>\n<\/strong><\/td>\n<\/tr>\n<tr class=\"row-2 even\">\n\t<td class=\"column-1\"><strong>ARCHEOLOGICAL PARK MEDIANA<\/strong><\/td><td class=\"column-2\">500 RSD<\/td><td class=\"column-3\">400 RSD<\/td>\n<\/tr>\n<tr class=\"row-3 odd\">\n\t<td class=\"column-1\"><strong>SKULL TOWER<\/strong><\/td><td class=\"column-2\">300 RSD<\/td><td class=\"column-3\">250 RSD<\/td>\n<\/tr>\n<tr class=\"row-4 even\">\n\t<td class=\"column-1\"><strong>MEMORIAL COMPLEX \"FEBRUARY 12\"<\/strong><\/td><td class=\"column-2\">300 RSD<\/td><td class=\"column-3\">250 RSD<\/td>\n<\/tr>\n<tr class=\"row-5 odd\">\n\t<td class=\"column-1\"><strong>ARCHAEOLOGICAL HALL<\/strong><\/td><td class=\"column-2\">300 RSD<\/td><td class=\"column-3\">250 RSD<\/td>\n<\/tr>\n<tr class=\"row-6 even\">\n\t<td class=\"column-1\"><strong>STEVAN SREMAC\/ BRANKO MILJKOVI\u0106 LITERARY MEMORIAL EXHIBITION<\/strong><\/td><td class=\"column-2\">FREE<\/td><td class=\"column-3\">FREE<\/td>\n<\/tr>\n<tr class=\"row-7 odd\">\n\t<td class=\"column-1\"><strong>SYNAGOGUE GALLERY<\/strong><\/td><td class=\"column-2\">FREE<\/td><td class=\"column-3\">FREE<\/td>\n<\/tr>\n<tr class=\"row-8 even\">\n\t<td class=\"column-1\"><strong>ALL MUSEUM COMPLEX OBJECTS<\/strong><\/td><td class=\"column-2\">1200 RSD<\/td><td class=\"column-3\">1000 RSD<\/td>\n<\/tr>\n<\/tbody>\n<\/table>\n\n<p style=\"margin: 0cm; margin-bottom: .0001pt; text-align: justify; background: white;\">STUDENTI OSTVARUJU POPUST UZ INDEX ILI ISIC KARTICU.<\/p>\n<p style=\"margin: 0cm; margin-bottom: .0001pt; text-align: justify; background: white;\">PENZIONERI OSTVARUJU POPUST NA OSNOVU LI\u010cNE KARTE KOJOM SE MO\u017dE&nbsp;UTVRDITI DA IMAJU 65 ILI VI\u0160E GODINA ILI NA OSNOVU PENZIONOG \u010cEKA.<\/p>\n<p>MUSEUM COMPLEX OBJECTS<\/strong><\/td><td class=\"column-2\"><strong>INDIVIDUAL VISITS<\/strong><\/td><td class=\"column-3\"><strong>ELEMENTARY SCHOOL STUDENTS,<br \/>\nHIGH SCHOOL STUDENTS, <br \/>\nSTUDENTS, <br \/>\nSENIOR CITIZENS,<br \/>\nGROUP VISITS (OVER 10)<br \/>\n<\/strong><\/td>\n<\/tr>\n<tr class=\"row-2 even\">\n\t<td class=\"column-1\"><strong>ARCHEOLOGICAL PARK MEDIANA<\/strong><\/td><td class=\"column-2\">500 RSD<\/td><td class=\"column-3\">400 RSD<\/td>\n<\/tr>\n<tr class=\"row-3 odd\">\n\t<td class=\"column-1\"><strong>SKULL TOWER<\/strong><\/td><td class=\"column-2\">300 RSD<\/td><td class=\"column-3\">250 RSD<\/td>\n<\/tr>\n<tr class=\"row-4 even\">\n\t<td class=\"column-1\"><strong>MEMORIAL COMPLEX \"FEBRUARY 12\"<\/strong><\/td><td class=\"column-2\">300 RSD<\/td><td class=\"column-3\">250 RSD<\/td>\n<\/tr>\n<tr class=\"row-5 odd\">\n\t<td class=\"column-1\"><strong>ARCHAEOLOGICAL HALL<\/strong><\/td><td class=\"column-2\">300 RSD<\/td><td class=\"column-3\">250 RSD<\/td>\n<\/tr>\n<tr class=\"row-6 even\">\n\t<td class=\"column-1\"><strong>STEVAN SREMAC\/ BRANKO MILJKOVI\u0106 LITERARY MEMORIAL EXHIBITION<\/strong><\/td><td class=\"column-2\">FREE<\/td><td class=\"column-3\">FREE<\/td>\n<\/tr>\n<tr class=\"row-7 odd\">\n\t<td class=\"column-1\"><strong>SYNAGOGUE GALLERY<\/strong><\/td><td class=\"column-2\">FREE<\/td><td class=\"column-3\">FREE<\/td>\n<\/tr>\n<tr class=\"row-8 even\">\n\t<td class=\"column-1\"><strong>ALL MUSEUM COMPLEX OBJECTS<\/strong><\/td><td class=\"column-2\">1200 RSD<\/td><td class=\"column-3\">1000 RSD<\/td>\n<\/tr>\n<\/tbody>\n<\/table>\n\n<p><strong>* LES \u00c9TUDIANTS B\u00c9N\u00c9FICIENT D\u2019UNE R\u00c9DUCTION AVEC IDENTIFICATION CORRESPONDANTE \u2013 INDEX D\u2019\u00c9TUDES OU CARTE ISIC<\/strong><\/p>\n<p><strong>* LES RETRAIT\u00c9S B\u00c9N\u00c9FICIENT D\u2019UNE R\u00c9DUCTION AVEC CARTE D\u2019IDENTIT\u00c9 AVEC LAQUELLE ON PEUT \u00c9TABLIR S\u2019ILS ONT 65 ANN\u00c9ES OU PLUS OU SUR PR\u00c9SENTATION DE CH\u00c8QUE DE PENSION.<\/strong><\/p>\n<p>&nbsp;<\/p>\n<p><\/p>\n<p><strong>FREE ADMISSION:<\/strong><\/p>\n<ul>\n<li>CHILDREN UP TO 7 YEARS OF AGE<\/li>\n<li>MEMBERS OF ICOM, THE MUSEUM SOCIETY OF SERBIA AND THE ARCHAEOLOGICAL SOCIETY OF SERBIA<\/li>\n<li>GROUP VISITS FOR ARMY OF SERBIA AND SERBIAN MINISTRY OF INTERIOR<\/li>\n<li>MEMBERS OF THE ASSOCIATION OF PEOPLE WITH DISABILITIES AND THEIR COMPANIONS<\/li>\n<\/ul>\n<p><strong>ADMISSION FEES:<\/strong><\/p>\n\n<table id=\"tablepress-5-no-4\" class=\"tablepress tablepress-id-5\">\n<tbody class=\"row-hover\">\n<tr class=\"row-1 odd\">\n\t<td class=\"column-1\"><strong>MUSEUM COMPLEX OBJECTS<\/strong><\/td><td class=\"column-2\"><strong>INDIVIDUAL VISITS<\/strong><\/td><td class=\"column-3\"><strong>ELEMENTARY SCHOOL STUDENTS,<br \/>\nHIGH SCHOOL STUDENTS, <br \/>\nSTUDENTS, <br \/>\nSENIOR CITIZENS,<br \/>\nGROUP VISITS (OVER 10)<br \/>\n<\/strong><\/td>\n<\/tr>\n<tr class=\"row-2 even\">\n\t<td class=\"column-1\"><strong>ARCHEOLOGICAL PARK MEDIANA<\/strong><\/td><td class=\"column-2\">500 RSD<\/td><td class=\"column-3\">400 RSD<\/td>\n<\/tr>\n<tr class=\"row-3 odd\">\n\t<td class=\"column-1\"><strong>SKULL TOWER<\/strong><\/td><td class=\"column-2\">300 RSD<\/td><td class=\"column-3\">250 RSD<\/td>\n<\/tr>\n<tr class=\"row-4 even\">\n\t<td class=\"column-1\"><strong>MEMORIAL COMPLEX \"FEBRUARY 12\"<\/strong><\/td><td class=\"column-2\">300 RSD<\/td><td class=\"column-3\">250 RSD<\/td>\n<\/tr>\n<tr class=\"row-5 odd\">\n\t<td class=\"column-1\"><strong>ARCHAEOLOGICAL HALL<\/strong><\/td><td class=\"column-2\">300 RSD<\/td><td class=\"column-3\">250 RSD<\/td>\n<\/tr>\n<tr class=\"row-6 even\">\n\t<td class=\"column-1\"><strong>STEVAN SREMAC\/ BRANKO MILJKOVI\u0106 LITERARY MEMORIAL EXHIBITION<\/strong><\/td><td class=\"column-2\">FREE<\/td><td class=\"column-3\">FREE<\/td>\n<\/tr>\n<tr class=\"row-7 odd\">\n\t<td class=\"column-1\"><strong>SYNAGOGUE GALLERY<\/strong><\/td><td class=\"column-2\">FREE<\/td><td class=\"column-3\">FREE<\/td>\n<\/tr>\n<tr class=\"row-8 even\">\n\t<td class=\"column-1\"><strong>ALL MUSEUM COMPLEX OBJECTS<\/strong><\/td><td class=\"column-2\">1200 RSD<\/td><td class=\"column-3\">1000 RSD<\/td>\n<\/tr>\n<\/tbody>\n<\/table>\n\n<p>STUDENTS CAN GET DISCOUNT BY PRESENTING STUDENTS&#8217; ID CARD OR ISIC CARD.<\/p>\n<p>SENIOR CITIZENS CAN GET DISCOUNT BY PRESENTING IDENTITY CARD OR PENSION CHECK.<\/p>\n<p><\/p>","protected":false},"excerpt":{"rendered":"<p>FREE ADMISSION: CHILDREN UP TO 7 YEARS OF AGE MEMBERS OF ICOM, THE MUSEUM SOCIETY OF SERBIA AND THE ARCHAEOLOGICAL SOCIETY OF SERBIA GROUP VISITS &hellip;<\/p>\n","protected":false},"author":1,"featured_media":0,"parent":37,"menu_order":3,"comment_status":"closed","ping_status":"closed","template":"","meta":{"ngg_post_thumbnail":0,"_links_to":"","_links_to_target":""},"_links":{"self":[{"href":"http:\/\/narodnimuzejnis.rs\/en\/wp-json\/wp\/v2\/pages\/91"}],"collection":[{"href":"http:\/\/narodnimuzejnis.rs\/en\/wp-json\/wp\/v2\/pages"}],"about":[{"href":"http:\/\/narodnimuzejnis.rs\/en\/wp-json\/wp\/v2\/types\/page"}],"author":[{"embeddable":true,"href":"http:\/\/narodnimuzejnis.rs\/en\/wp-json\/wp\/v2\/users\/1"}],"replies":[{"embeddable":true,"href":"http:\/\/narodnimuzejnis.rs\/en\/wp-json\/wp\/v2\/comments?post=91"}],"version-history":[{"count":20,"href":"http:\/\/narodnimuzejnis.rs\/en\/wp-json\/wp\/v2\/pages\/91\/revisions"}],"predecessor-version":[{"id":8706,"href":"http:\/\/narodnimuzejnis.rs\/en\/wp-json\/wp\/v2\/pages\/91\/revisions\/8706"}],"up":[{"embeddable":true,"href":"http:\/\/narodnimuzejnis.rs\/en\/wp-json\/wp\/v2\/pages\/37"}],"wp:attachment":[{"href":"http:\/\/narodnimuzejnis.rs\/en\/wp-json\/wp\/v2\/media?parent=91"}],"curies":[{"name":"wp","href":"https:\/\/api.w.org\/{rel}","templated":true}]}}