{"id":43,"date":"2015-02-04T09:52:38","date_gmt":"2015-02-04T09:52:38","guid":{"rendered":"http:\/\/narodnimuzejnis.rs\/?page_id=43"},"modified":"2023-02-23T09:57:44","modified_gmt":"2023-02-23T08:57:44","slug":"istorijat-muzeja","status":"publish","type":"page","link":"http:\/\/narodnimuzejnis.rs\/en\/o-muzeju\/istorijat-muzeja\/","title":{"rendered":"History of the Museum"},"content":{"rendered":"<p><\/p>\n\n\n\n\n<div class=\"ngg-galleryoverview ngg-slideshow\"\n\t id=\"ngg-slideshow-53702e7368536114a426406274eebf6d-20782815120\"\n     data-gallery-id=\"53702e7368536114a426406274eebf6d\"\n     style=\"max-width: 600px; max-height: 400px;\">\n\n \t<div id=\"ngg-image-0\" class=\"ngg-gallery-slideshow-image\" style=\"height:400px\">\n\n        <a href=\"http:\/\/narodnimuzejnis.rs\/wp-content\/gallery\/istorijat-muzeja\/2.jpg\"\n           title=\"\"\n           data-src=\"http:\/\/narodnimuzejnis.rs\/wp-content\/gallery\/istorijat-muzeja\/2.jpg\"\n           data-thumbnail=\"http:\/\/narodnimuzejnis.rs\/wp-content\/gallery\/istorijat-muzeja\/thumbs\/thumbs_2.jpg\"\n           data-image-id=\"1280\"\n           data-title=\"2\"\n           data-description=\"\"\n           class=\"ngg-fancybox\" rel=\"53702e7368536114a426406274eebf6d\">\n\n            <img data-image-id='1280'\n                 title=\"\"\n                 alt=\"2\"\n                 src=\"http:\/\/narodnimuzejnis.rs\/wp-content\/gallery\/istorijat-muzeja\/2.jpg\"\n                 style=\"max-height: 380px;\"\/>\n        <\/a>\n\n        <\/div> \n<div id=\"ngg-image-1\" class=\"ngg-gallery-slideshow-image\" style=\"height:400px\">\n\n        <a href=\"http:\/\/narodnimuzejnis.rs\/wp-content\/gallery\/istorijat-muzeja\/5.jpg\"\n           title=\"\"\n           data-src=\"http:\/\/narodnimuzejnis.rs\/wp-content\/gallery\/istorijat-muzeja\/5.jpg\"\n           data-thumbnail=\"http:\/\/narodnimuzejnis.rs\/wp-content\/gallery\/istorijat-muzeja\/thumbs\/thumbs_5.jpg\"\n           data-image-id=\"1281\"\n           data-title=\"5\"\n           data-description=\"\"\n           class=\"ngg-fancybox\" rel=\"53702e7368536114a426406274eebf6d\">\n\n            <img data-image-id='1281'\n                 title=\"\"\n                 alt=\"5\"\n                 src=\"http:\/\/narodnimuzejnis.rs\/wp-content\/gallery\/istorijat-muzeja\/5.jpg\"\n                 style=\"max-height: 380px;\"\/>\n        <\/a>\n\n        <\/div> \n<div id=\"ngg-image-2\" class=\"ngg-gallery-slideshow-image\" style=\"height:400px\">\n\n        <a href=\"http:\/\/narodnimuzejnis.rs\/wp-content\/gallery\/istorijat-muzeja\/4.jpg\"\n           title=\"\"\n           data-src=\"http:\/\/narodnimuzejnis.rs\/wp-content\/gallery\/istorijat-muzeja\/4.jpg\"\n           data-thumbnail=\"http:\/\/narodnimuzejnis.rs\/wp-content\/gallery\/istorijat-muzeja\/thumbs\/thumbs_4.jpg\"\n           data-image-id=\"1282\"\n           data-title=\"4\"\n           data-description=\"\"\n           class=\"ngg-fancybox\" rel=\"53702e7368536114a426406274eebf6d\">\n\n            <img data-image-id='1282'\n                 title=\"\"\n                 alt=\"4\"\n                 src=\"http:\/\/narodnimuzejnis.rs\/wp-content\/gallery\/istorijat-muzeja\/4.jpg\"\n                 style=\"max-height: 380px;\"\/>\n        <\/a>\n\n        <\/div> \n<div id=\"ngg-image-3\" class=\"ngg-gallery-slideshow-image\" style=\"height:400px\">\n\n        <a href=\"http:\/\/narodnimuzejnis.rs\/wp-content\/gallery\/istorijat-muzeja\/3.jpg\"\n           title=\"\"\n           data-src=\"http:\/\/narodnimuzejnis.rs\/wp-content\/gallery\/istorijat-muzeja\/3.jpg\"\n           data-thumbnail=\"http:\/\/narodnimuzejnis.rs\/wp-content\/gallery\/istorijat-muzeja\/thumbs\/thumbs_3.jpg\"\n           data-image-id=\"1283\"\n           data-title=\"3\"\n           data-description=\"\"\n           class=\"ngg-fancybox\" rel=\"53702e7368536114a426406274eebf6d\">\n\n            <img data-image-id='1283'\n                 title=\"\"\n                 alt=\"3\"\n                 src=\"http:\/\/narodnimuzejnis.rs\/wp-content\/gallery\/istorijat-muzeja\/3.jpg\"\n                 style=\"max-height: 380px;\"\/>\n        <\/a>\n\n        <\/div> \n<div id=\"ngg-image-4\" class=\"ngg-gallery-slideshow-image\" style=\"height:400px\">\n\n        <a href=\"http:\/\/narodnimuzejnis.rs\/wp-content\/gallery\/istorijat-muzeja\/1.jpg\"\n           title=\"\"\n           data-src=\"http:\/\/narodnimuzejnis.rs\/wp-content\/gallery\/istorijat-muzeja\/1.jpg\"\n           data-thumbnail=\"http:\/\/narodnimuzejnis.rs\/wp-content\/gallery\/istorijat-muzeja\/thumbs\/thumbs_1.jpg\"\n           data-image-id=\"1284\"\n           data-title=\"1\"\n           data-description=\"\"\n           class=\"ngg-fancybox\" rel=\"53702e7368536114a426406274eebf6d\">\n\n            <img data-image-id='1284'\n                 title=\"\"\n                 alt=\"1\"\n                 src=\"http:\/\/narodnimuzejnis.rs\/wp-content\/gallery\/istorijat-muzeja\/1.jpg\"\n                 style=\"max-height: 380px;\"\/>\n        <\/a>\n\n        <\/div> \n<\/div>\n\n\n\n\n\n\n\n<p>For history lovers in Ni\u0161 the 20<sup>th<\/sup> century began in the most beautiful way possible &#8211; in 1900, during the construction of the fortress bridge, when the bronze portrait of Constantine the Great was found. This valuable accidental finding had to be placed somewhere and that is when the awareness of the need to establish a museum was created. The commemoration of 1600 years since the passing of the Edict of Milan in 1913 renewed this idea, the realization of which was delayed by the Balkan and World Wars. In the newly formed kingdom of the 1930s the conditions were met for the establishment of Ni\u0161 Museum.<\/p>\n\n\n\n<p>The National Museum in Ni\u0161 was founded on April 1, 1933 by a group of museum establishment supporters gathered around the Museum Society, founded that year, whose most prominent members were its founders &#8211; Adam Or\u0161i\u0107 Slaveti\u0107, Rudolf Bratani\u0107, Borivoje Gojkovi\u0107, Aleksandar Nenadovi\u0107 and Borivoje Popovi\u0107.<\/p>\n\n\n\n<p>For the first months of its existence the Museum was temporarily housed in the building of the Teacher&#8217;s Dormitory and the first exhibition set up in this space was seen by several thousand visitors. Half a year after its establishment, on October 22, 1933, the Museum was moved to the house of the Christodoulou family when it was officially opened under the name of the City of Ni\u0161 Historical and Ethnographic Museum.<\/p>\n\n\n\n<p>The museum objects were classified into seven collections (Prehistory, Classical Antiquity, Middle Ages, numismatics, collection of artistic paintings and collection of weapons). Thanks to the accommodation and presentation possibilities this permanent museum exhibition was one of the richest in Serbia in terms of conception, professional work and the richness of the exhibits.<\/p>\n\n\n\n<p>In the period from 1934-1939, although without regulated funding, the museum administration organized numerous research works in the area of Ni\u0161 and its surroundings. The great names of archeology of that period participated in the archaeological research &#8211; Nikola Vuli\u0107, Jovan Kova\u010devi\u0107, Borivoje Popovi\u0107 and Vladimir Fjuks. The museum building was constructed in Medijana and the publication of the Morava Archaeological Gazette was launched. The Second World War interrupted one of the most fruitful stages in the development of the Museum. Enormous damage was caused by the bombing of Ni\u0161 by allies on September 2, 1944, when the museum building was hit by a direct bomb and a large number of collected objects were destroyed with it.<\/p>\n\n\n\n<p>After the Second World War the People&#8217;s Committee of the Municipality of Ni\u0161 restored the Museum under the name National Museum (1947). Since the Museum lost its complete ethnographic collection in the whirlwind of war, and other collections were cut in half, the task of museum employees was to animate citizens&#8217; awareness of the need to collect antiquities. In addition to purchases and gifts museum collections were filled through archaeological research.<\/p>\n\n\n\n<p>In 1950 the Museum was moved to new premises where it is still located today. The building in Stanka Paunovi\u0107a Street (today Generala Milojka Le\u0161janina Street) was the home to the historical department called National Liberation War Museum. The permanent archaeological exhibition was set up in the building of the former bank in Peti Kongres Street (today Nikole Pa\u0161i\u0107a Street), In 1951, the Art Gallery was founded in the Synagogue, and the following year, Mija Stanimirovi\u0107 Memorial Department was opened, whose exhibition was removed in 1957. The permanent exhibition of the Memorial Complex &#8220;February 12&#8221; was opened in 1967.<\/p>\n\n\n\n<p>In this period a great step forward in museological presentation was made, mostly thanks to the help of well-known scientific workers from Belgrade, among whom \u0110or\u0111e Mano Zisi, Milutin Gara\u0161anin and Miodrag Grbi\u0107 were the foremost. They initiated the formation of a new permanent archaeological museum exhibition in 1965.<\/p>\n\n\n\n<p>Today the Museum has over 40,000 objects in its collections from the fields of archaeology, numismatics, epigraphy, history, history of art and ethnology, and it also has two memorial collections dedicated to Stevan Sremac and Branko Miljkovi\u0107. The uniqueness of the Museum is reflected in the fact that it also includes three Immovable Cultural Properties of Exceptional Importance: Archeological Park Mediana, Skull Tower Monument and the Memorial Complex &#8220;February 12&#8221;.<\/p>\n\n\n\n<p><\/p>","protected":false},"excerpt":{"rendered":"<p>For history lovers in Ni\u0161 the 20th century began in the most beautiful way possible &#8211; in 1900, during the construction of the fortress bridge, &hellip;<\/p>\n","protected":false},"author":1,"featured_media":0,"parent":31,"menu_order":1,"comment_status":"closed","ping_status":"closed","template":"","meta":{"ngg_post_thumbnail":0,"_links_to":"","_links_to_target":""},"_links":{"self":[{"href":"http:\/\/narodnimuzejnis.rs\/en\/wp-json\/wp\/v2\/pages\/43"}],"collection":[{"href":"http:\/\/narodnimuzejnis.rs\/en\/wp-json\/wp\/v2\/pages"}],"about":[{"href":"http:\/\/narodnimuzejnis.rs\/en\/wp-json\/wp\/v2\/types\/page"}],"author":[{"embeddable":true,"href":"http:\/\/narodnimuzejnis.rs\/en\/wp-json\/wp\/v2\/users\/1"}],"replies":[{"embeddable":true,"href":"http:\/\/narodnimuzejnis.rs\/en\/wp-json\/wp\/v2\/comments?post=43"}],"version-history":[{"count":8,"href":"http:\/\/narodnimuzejnis.rs\/en\/wp-json\/wp\/v2\/pages\/43\/revisions"}],"predecessor-version":[{"id":7547,"href":"http:\/\/narodnimuzejnis.rs\/en\/wp-json\/wp\/v2\/pages\/43\/revisions\/7547"}],"up":[{"embeddable":true,"href":"http:\/\/narodnimuzejnis.rs\/en\/wp-json\/wp\/v2\/pages\/31"}],"wp:attachment":[{"href":"http:\/\/narodnimuzejnis.rs\/en\/wp-json\/wp\/v2\/media?parent=43"}],"curies":[{"name":"wp","href":"https:\/\/api.w.org\/{rel}","templated":true}]}}