{"id":93,"date":"2015-02-04T10:09:06","date_gmt":"2015-02-04T10:09:06","guid":{"rendered":"http:\/\/narodnimuzejnis.rs\/?page_id=93"},"modified":"2023-11-13T13:19:55","modified_gmt":"2023-11-13T12:19:55","slug":"zakazivanje-grupnih-poseta","status":"publish","type":"page","link":"http:\/\/narodnimuzejnis.rs\/RS\/za-posetioce\/zakazivanje-grupnih-poseta\/","title":{"rendered":"Zakazivanje grupnih poseta"},"content":{"rendered":"<p><\/p>\n\n\n\n<p>Po\u0161tovani saradnici i kolege,<\/p>\n\n\n\n<p>Obave\u0161tavamo Vas da \u0107e i ove godine Narodni muzej Ni\u0161 spremno do\u010dekati sve Va\u0161e posete. \u017delja nam je da \u0161to bolje prezentujemo kulturno-istorijsko blago grada Ni\u0161a i u vezi sa tim hteli bismo da Vas podsetimo na neke \u010dinjenice kako bi sve posete protekle u najboljem mogu\u0107em redu:<\/p>\n\n\n\n<ul>\n<li>Radno vreme objekata Narodnog muzeja Ni\u0161 nalazi se na zvani\u010dnom sajtu, te je Va\u0161a obaveza da isto pratite i da posete uskladite sa radnim vremenom objekata. Ukoliko su velike grupe u pitanju, neophodno je do\u0107i minimum pola sata pre kraja radnog vremena.<\/li>\n\n\n\n<li>Objekti muzeja&nbsp;<strong>NE RADE PONEDELJKOM.<\/strong><\/li>\n\n\n\n<li>Kada je u pitanju pla\u0107anje, molimo Vas da proverite da li postoje dugovanja prema Narodnom muzeju Ni\u0161<strong>. Agencijama sa dugovanjima NE\u0106E biti omogu\u0107en ulazak na objekte dok se stara dugovanja ne izmire.<\/strong><\/li>\n\n\n\n<li>Molimo Vas da prilikom najava grupa precizirate vreme, radi \u0161to efikasnijeg protoka ekskurzija. Vodi\u010d je du\u017ean da poka\u017ee vau\u010der ukoliko je ekskurzija unapred upla\u0107ena.<\/li>\n\n\n\n<li>Molimo Vas da posetioce obavestite da se pridr\u017eavaju odre\u0111enog dres koda, koji podrazumeva da se u objekte ne mo\u017ee u\u0107i u \u0161ortsevima i majicama na bretele.<\/li>\n<\/ul>\n\n\n\n<p>U nadi da \u0107emo i ove sezone uspe\u0161no sara\u0111ivati, srda\u010dno Vas pozdravljamo!<\/p>\n\n\n\n<p>Kontakt i zakazivanje putem mejla: &nbsp;<a href=\"mailto:info@narodnimuzejnis.rs\">info@narodnimuzejnis.rs<\/a>&nbsp;;&nbsp;&nbsp;<a href=\"mailto:&nbsp;sanja.mladenovic@narodnimuzejnis.rs\">&nbsp;<\/a><a href=\"mailto:zeljko.andjelkovic@narodnimuzejnis.rs\">sanja.mladenovic@narodnimuzejnis.rs<\/a>i faksa:&nbsp; +381 18 246 622<\/p>\n\n\n\n<p><\/p>","protected":false},"excerpt":{"rendered":"<p>Po\u0161tovani saradnici i kolege, Obave\u0161tavamo Vas da \u0107e i ove godine Narodni muzej Ni\u0161 spremno do\u010dekati sve Va\u0161e posete. \u017delja nam je da \u0161to bolje &hellip;<\/p>\n","protected":false},"author":1,"featured_media":0,"parent":37,"menu_order":4,"comment_status":"closed","ping_status":"closed","template":"","meta":{"ngg_post_thumbnail":0,"_links_to":"","_links_to_target":""},"_links":{"self":[{"href":"http:\/\/narodnimuzejnis.rs\/RS\/wp-json\/wp\/v2\/pages\/93"}],"collection":[{"href":"http:\/\/narodnimuzejnis.rs\/RS\/wp-json\/wp\/v2\/pages"}],"about":[{"href":"http:\/\/narodnimuzejnis.rs\/RS\/wp-json\/wp\/v2\/types\/page"}],"author":[{"embeddable":true,"href":"http:\/\/narodnimuzejnis.rs\/RS\/wp-json\/wp\/v2\/users\/1"}],"replies":[{"embeddable":true,"href":"http:\/\/narodnimuzejnis.rs\/RS\/wp-json\/wp\/v2\/comments?post=93"}],"version-history":[{"count":19,"href":"http:\/\/narodnimuzejnis.rs\/RS\/wp-json\/wp\/v2\/pages\/93\/revisions"}],"predecessor-version":[{"id":8054,"href":"http:\/\/narodnimuzejnis.rs\/RS\/wp-json\/wp\/v2\/pages\/93\/revisions\/8054"}],"up":[{"embeddable":true,"href":"http:\/\/narodnimuzejnis.rs\/RS\/wp-json\/wp\/v2\/pages\/37"}],"wp:attachment":[{"href":"http:\/\/narodnimuzejnis.rs\/RS\/wp-json\/wp\/v2\/media?parent=93"}],"curies":[{"name":"wp","href":"https:\/\/api.w.org\/{rel}","templated":true}]}}