{"id":89,"date":"2015-02-04T10:08:24","date_gmt":"2015-02-04T10:08:24","guid":{"rendered":"http:\/\/narodnimuzejnis.rs\/?page_id=89"},"modified":"2026-04-14T10:50:58","modified_gmt":"2026-04-14T08:50:58","slug":"radno-vreme","status":"publish","type":"page","link":"http:\/\/narodnimuzejnis.rs\/RS\/za-posetioce\/radno-vreme\/","title":{"rendered":"Radno vreme"},"content":{"rendered":"<p><\/p>\n\n\n\n<p><strong>INFO:<\/strong><\/p>\n\n\n\n<p>Posetioci&nbsp;su&nbsp;du\u017eni&nbsp;da&nbsp;po\u0161tuju&nbsp;radno&nbsp;vreme.<br \/>Ponedeljak&nbsp;je&nbsp;neradan&nbsp;dan&nbsp;za&nbsp;posete.<br \/>Poslednji ulaz u Arheolo\u0161ku salu, \u0106ele-kulu i Knji\u017eevno-memorijalnu postavku \u201eSremac\/Miljkovi\u0107\u201d je petnaest minuta pre kraja radnog vremena.<br \/>Poslednji&nbsp;ulaz&nbsp;u&nbsp;Memorijalni kompleks \u201eLogor&nbsp;12.&nbsp;februar\u201d&nbsp;i na arheolo\u0161ki lokalitet Medijana je pola&nbsp;sata&nbsp;pre&nbsp;kraja&nbsp;radnog vremena.<\/p>\n\n\n\n<p><strong><span style=\"color: black;\">STALNA POSTAVKA<\/span><\/strong><\/p>\n\n\n\n<p><strong><span style=\"color: black;\">&#8220;ARHEOLO\u0160KO BLAGO NI\u0160A OD NEOLITA DO SREDNJEG VEKA&#8221;<\/span><\/strong><\/p>\n\n\n\n<p><span style=\"color: #444444;\">Utorak \u2013 Petak:&nbsp; &nbsp; &nbsp; &nbsp; &nbsp; &nbsp; &nbsp; &nbsp; &nbsp; &nbsp; &nbsp; &nbsp; &nbsp; &nbsp; &nbsp; &nbsp; &nbsp; &nbsp; &nbsp;10<sup>00<\/sup> &#8211; 17<sup>00<\/sup><\/span><\/p>\n\n\n\n<p><span style=\"color: #444444;\">Subota i Nedelja:&nbsp; &nbsp; &nbsp; &nbsp; &nbsp; &nbsp; &nbsp; &nbsp; &nbsp; &nbsp; &nbsp; &nbsp; &nbsp; &nbsp; &nbsp; &nbsp; &nbsp; &nbsp;10<sup>00<\/sup> &#8211; 15<sup>00<\/sup><\/span><\/p>\n\n\n\n<p><span style=\"color: #444444;\">Ponedeljak: &nbsp; &nbsp; &nbsp; &nbsp; &nbsp; &nbsp; &nbsp; &nbsp; &nbsp; &nbsp; &nbsp; &nbsp; &nbsp; &nbsp; &nbsp; &nbsp; &nbsp; &nbsp; &nbsp; &nbsp; &nbsp; zatvoreno<\/span><\/p>\n\n\n\n<p><\/p>\n\n\n\n<p><strong><span style=\"color: black;\">GALERIJA SINAGOGA<\/span><\/strong><\/p>\n\n\n\n<p><span style=\"color: #444444;\">Utorak \u2013 Petak:&nbsp; &nbsp; &nbsp; &nbsp; &nbsp; &nbsp; &nbsp; &nbsp; &nbsp; &nbsp; &nbsp; &nbsp; &nbsp; &nbsp; &nbsp; &nbsp; &nbsp; &nbsp; &nbsp;10<sup>00<\/sup> &#8211; 17<sup>00<\/sup><\/span><\/p>\n\n\n\n<p><span style=\"color: #444444;\">Subota i Nedelja:&nbsp; &nbsp; &nbsp; &nbsp; &nbsp; &nbsp; &nbsp; &nbsp; &nbsp; &nbsp; &nbsp; &nbsp; &nbsp; &nbsp; &nbsp; &nbsp; &nbsp; &nbsp;10<sup>00<\/sup>&nbsp;&#8211; 15<sup>00<\/sup><\/span><\/p>\n\n\n\n<p><span style=\"color: #444444;\">Ponedeljak: &nbsp; &nbsp; &nbsp; &nbsp; &nbsp; &nbsp; &nbsp; &nbsp; &nbsp; &nbsp; &nbsp; &nbsp; &nbsp; &nbsp; &nbsp; &nbsp; &nbsp; &nbsp; &nbsp; &nbsp; &nbsp; &nbsp; zatvoreno<\/span><\/p>\n\n\n\n<p><\/p>\n\n\n\n<p><strong><span style=\"color: black;\">\u0106ELE KULA<\/span><\/strong><\/p>\n\n\n\n<p><span style=\"color: #444444;\">Utorak \u2013 Petak:&nbsp; &nbsp; &nbsp; &nbsp; &nbsp; &nbsp; &nbsp; &nbsp; &nbsp; &nbsp; &nbsp; &nbsp; &nbsp; &nbsp; &nbsp; &nbsp; &nbsp; &nbsp; &nbsp;09<sup>00<\/sup> &#8211; 19<sup>00&nbsp;<\/sup><\/span><\/p>\n\n\n\n<p><span style=\"color: #444444;\">Subota i Nedelja:&nbsp; &nbsp; &nbsp; &nbsp; &nbsp; &nbsp; &nbsp; &nbsp; &nbsp; &nbsp; &nbsp; &nbsp; &nbsp; &nbsp; &nbsp; &nbsp; &nbsp; &nbsp;09<sup>00<\/sup> &#8211; 17<sup>00&nbsp;<\/sup><\/span><\/p>\n\n\n\n<p><span style=\"color: #444444;\">Ponedeljak: &nbsp; &nbsp; &nbsp; &nbsp; &nbsp; &nbsp; &nbsp; &nbsp; &nbsp; &nbsp; &nbsp; &nbsp; &nbsp; &nbsp; &nbsp; &nbsp; &nbsp; &nbsp; &nbsp; &nbsp; &nbsp; &nbsp; zatvoreno<\/span><\/p>\n\n\n\n<p><\/p>\n\n\n\n<p><strong><span style=\"color: black;\">MEDIJANA<\/span><\/strong><\/p>\n\n\n\n<p><span style=\"color: #444444;\">Utorak \u2013 Petak:&nbsp; &nbsp; &nbsp; &nbsp; &nbsp; &nbsp; &nbsp; &nbsp; &nbsp; &nbsp; &nbsp; &nbsp; &nbsp; &nbsp; &nbsp; &nbsp; &nbsp; &nbsp; &nbsp;09<sup>00<\/sup> &#8211; 16<sup>00<\/sup><\/span><\/p>\n\n\n\n<p><span style=\"color: #444444;\">Subota i Nedelja:&nbsp; &nbsp; &nbsp; &nbsp; &nbsp; &nbsp; &nbsp; &nbsp; &nbsp; &nbsp; &nbsp; &nbsp; &nbsp; &nbsp; &nbsp; &nbsp; &nbsp; &nbsp;09<sup>00<\/sup> &#8211; 15<sup>00<\/sup><\/span><\/p>\n\n\n\n<p><span style=\"color: #444444;\">Ponedeljak: &nbsp; &nbsp; &nbsp; &nbsp; &nbsp; &nbsp; &nbsp; &nbsp; &nbsp; &nbsp; &nbsp; &nbsp; &nbsp; &nbsp; &nbsp; &nbsp; &nbsp; &nbsp; &nbsp; &nbsp; &nbsp; &nbsp; zatvoreno<\/span><\/p>\n\n\n\n<p><\/p>\n\n\n\n<p><strong><span style=\"color: black;\">LOGOR &#8221;12. FEBRUAR&#8221;<\/span><\/strong><\/p>\n\n\n\n<p><span style=\"color: #444444;\">Utorak \u2013 Petak:&nbsp; &nbsp; &nbsp; &nbsp; &nbsp; &nbsp; &nbsp; &nbsp; &nbsp; &nbsp; &nbsp; &nbsp; &nbsp; &nbsp; &nbsp; &nbsp; &nbsp; &nbsp; &nbsp;09<sup>00<\/sup> &#8211; 16<sup>00&nbsp;<\/sup><\/span><\/p>\n\n\n\n<p><span style=\"color: #444444;\">Subota i Nedelja:&nbsp; &nbsp; &nbsp; &nbsp; &nbsp; &nbsp; &nbsp; &nbsp; &nbsp; &nbsp; &nbsp; &nbsp; &nbsp; &nbsp; &nbsp; &nbsp; &nbsp; &nbsp;09<sup>00<\/sup> &#8211; 15<sup>00&nbsp;<\/sup><\/span><\/p>\n\n\n\n<p><span style=\"color: #444444;\">Ponedeljak: &nbsp; &nbsp; &nbsp; &nbsp; &nbsp; &nbsp; &nbsp; &nbsp; &nbsp; &nbsp; &nbsp; &nbsp; &nbsp; &nbsp; &nbsp; &nbsp; &nbsp; &nbsp; &nbsp; &nbsp; &nbsp; &nbsp; zatvoreno<\/span><\/p>\n\n\n\n<p><\/p>\n\n\n\n<p><strong>KNJI\u017dEVNO &#8211; MEMORIJ\u0410LNA POSTAVKA STEVAN SREMAC \/ BRANKO MILJKOVI\u0106<\/strong><\/p>\n\n\n\n<p><span style=\"color: #444444;\">Utorak \u2013 Petak:&nbsp; &nbsp; &nbsp; &nbsp; &nbsp; &nbsp; &nbsp; &nbsp; &nbsp; &nbsp; &nbsp; &nbsp; &nbsp; &nbsp; &nbsp; &nbsp; &nbsp; &nbsp; &nbsp;10<sup>00<\/sup> &#8211; 17<sup>00<\/sup><\/span><\/p>\n\n\n\n<p><span style=\"color: #444444;\">Subota i Nedelja:&nbsp; &nbsp; &nbsp; &nbsp; &nbsp; &nbsp; &nbsp; &nbsp; &nbsp; &nbsp; &nbsp; &nbsp; &nbsp; &nbsp; &nbsp; &nbsp; &nbsp; &nbsp;10<sup>00<\/sup>&nbsp;&#8211; 15<sup>00<\/sup><\/span><\/p>\n\n\n\n<p><span style=\"color: #444444;\">Ponedeljak: &nbsp; &nbsp; &nbsp; &nbsp; &nbsp; &nbsp; &nbsp; &nbsp; &nbsp; &nbsp; &nbsp; &nbsp; &nbsp; &nbsp; &nbsp; &nbsp; &nbsp; &nbsp; &nbsp; &nbsp; &nbsp; &nbsp; zatvoreno<\/span> &nbsp; &nbsp; &nbsp; &nbsp; &nbsp; &nbsp; &nbsp; &nbsp; &nbsp; &nbsp; &nbsp; &nbsp; &nbsp; &nbsp; &nbsp; &nbsp; &nbsp; &nbsp; &nbsp;&nbsp;<\/p>\n\n\n\n<p><\/p>","protected":false},"excerpt":{"rendered":"<p>INFO: Posetioci&nbsp;su&nbsp;du\u017eni&nbsp;da&nbsp;po\u0161tuju&nbsp;radno&nbsp;vreme.Ponedeljak&nbsp;je&nbsp;neradan&nbsp;dan&nbsp;za&nbsp;posete.Poslednji ulaz u Arheolo\u0161ku salu, \u0106ele-kulu i Knji\u017eevno-memorijalnu postavku \u201eSremac\/Miljkovi\u0107\u201d je petnaest minuta pre kraja radnog vremena.Poslednji&nbsp;ulaz&nbsp;u&nbsp;Memorijalni kompleks \u201eLogor&nbsp;12.&nbsp;februar\u201d&nbsp;i na arheolo\u0161ki lokalitet Medijana je &hellip;<\/p>\n","protected":false},"author":1,"featured_media":0,"parent":37,"menu_order":2,"comment_status":"closed","ping_status":"closed","template":"","meta":{"ngg_post_thumbnail":0,"_links_to":"","_links_to_target":""},"_links":{"self":[{"href":"http:\/\/narodnimuzejnis.rs\/RS\/wp-json\/wp\/v2\/pages\/89"}],"collection":[{"href":"http:\/\/narodnimuzejnis.rs\/RS\/wp-json\/wp\/v2\/pages"}],"about":[{"href":"http:\/\/narodnimuzejnis.rs\/RS\/wp-json\/wp\/v2\/types\/page"}],"author":[{"embeddable":true,"href":"http:\/\/narodnimuzejnis.rs\/RS\/wp-json\/wp\/v2\/users\/1"}],"replies":[{"embeddable":true,"href":"http:\/\/narodnimuzejnis.rs\/RS\/wp-json\/wp\/v2\/comments?post=89"}],"version-history":[{"count":328,"href":"http:\/\/narodnimuzejnis.rs\/RS\/wp-json\/wp\/v2\/pages\/89\/revisions"}],"predecessor-version":[{"id":8857,"href":"http:\/\/narodnimuzejnis.rs\/RS\/wp-json\/wp\/v2\/pages\/89\/revisions\/8857"}],"up":[{"embeddable":true,"href":"http:\/\/narodnimuzejnis.rs\/RS\/wp-json\/wp\/v2\/pages\/37"}],"wp:attachment":[{"href":"http:\/\/narodnimuzejnis.rs\/RS\/wp-json\/wp\/v2\/media?parent=89"}],"curies":[{"name":"wp","href":"https:\/\/api.w.org\/{rel}","templated":true}]}}