{"id":8067,"date":"2023-12-19T11:16:46","date_gmt":"2023-12-19T10:16:46","guid":{"rendered":"http:\/\/narodnimuzejnis.rs\/?page_id=8067"},"modified":"2026-01-15T11:05:56","modified_gmt":"2026-01-15T10:05:56","slug":"%d0%b7%d0%b0%d0%bf%d0%be%d1%81%d0%bb%d0%b5%d0%bd%d0%b8-%d1%83-%d0%bc%d1%83%d0%b7%d0%b5%d1%98%d1%83","status":"publish","type":"page","link":"http:\/\/narodnimuzejnis.rs\/RS\/o-muzeju\/%d0%b7%d0%b0%d0%bf%d0%be%d1%81%d0%bb%d0%b5%d0%bd%d0%b8-%d1%83-%d0%bc%d1%83%d0%b7%d0%b5%d1%98%d1%83\/","title":{"rendered":"Zaposleni u muzeju"},"content":{"rendered":"<p><\/p>\n\n\n\n<figure class=\"wp-block-table\"><table><tbody><tr><td><strong>Prezime i ime<\/strong><\/td><td><strong>&nbsp;&nbsp;&nbsp;&nbsp;&nbsp;&nbsp;&nbsp;&nbsp; Radno mesto<\/strong><\/td><\/tr><tr><td>Vlaisavljevi\u0107 Marina<\/td><td>v.d. direktora, muzejski savetnik istori\u010dar<\/td><\/tr><tr><td>\u0110or\u0111evi\u0107 Slavica<\/td><td>sekretar muzeja<\/td><\/tr><tr><td>Ili\u0107 \u017darko<\/td><td>rukovodilac finansijsko \u2013 ra\u010dunovodstvenih poslova<\/td><\/tr><tr><td>Radosavljevi\u0107 Ivica<\/td><td>rukovodilac poslova investicionog i teku\u0107eg odr\u017eavanja i javnih nabavki<\/td><\/tr><tr><td>Petrovi\u0107 Marko<\/td><td>pravno kadrovski analiti\u010dar<\/td><\/tr><tr><td>Nikoli\u0107 Nikola<\/td><td>saradnik za poslove za\u0161tite, bezbednosti i zdravlja naradu<\/td><\/tr><tr><td>Milenkovi\u0107 Tanja<\/td><td>muzejski savetnik dokumentarista\u2013 \u0161ef odeljenja dokumentacije sa foto pripremom i bibliotekom<\/td><\/tr><tr><td>I\u0161ljamovi\u0107 Dragana<\/td><td>muzejski savetnik konzervator \/ restaurator za metal i staklo<\/td><\/tr><tr><td>Crnoglavac Vesna<\/td><td>muzejski savetnik arheolog<\/td><\/tr><tr><td>Trajkovi\u0107 Filipovi\u0107 Tatjana<\/td><td>vi\u0161i kustos arheolog<\/td><\/tr><tr><td>Miti\u0107 Slobodan<\/td><td>vi\u0161i kustos arheolog<\/td><\/tr><tr><td>Milenkovi\u0107 Bojana<\/td><td>vi\u0161i kustos istori\u010dar<\/td><\/tr><tr><td>Ozimi\u0107 Neboj\u0161a<\/td><td>vi\u0161i kustos istori\u010dar<\/td><\/tr><tr><td>Miti\u0107 Ivan<\/td><td>vi\u0161i kustos istori\u010dar<\/td><\/tr><tr><td>Pavlovi\u0107 Stanislav<\/td><td>kustos numizmatike i epigrafike<\/td><\/tr><tr><td>Karapand\u017ei\u0107 Milica<\/td><td>vi\u0161i kustos etnolog<\/td><\/tr><tr><td>Vladan Radisavljevi\u0107<\/td><td>kustos etnolog<\/td><\/tr><tr><td>Ivana Gruden Milentijevi\u0107<\/td><td>vi\u0161i muzejski edukator<\/td><\/tr><tr><td>Bogdanovi\u0107 Jelena<\/td><td>vi\u0161i kustos knji\u017eevne zaostav\u0161tine<\/td><\/tr><tr><td>Mladenovi\u0107 Sanja<\/td><td>kustos organizator muzejskih aktivnosti<\/td><\/tr><tr><td>Markovi\u0107 Tatjana<\/td><td>dipl. bibliotekar<\/td><\/tr><tr><td>Obradovi\u0107 Aleksandar<\/td><td>vi\u0161i dokumentarista<\/td><\/tr><tr><td>Star\u010devi\u0107 Ivona<\/td><td>vi\u0161i knji\u017eni\u010dar<\/td><\/tr><tr><td>Caji\u0107 \u017deljko<\/td><td>fotograf &#8211; tehni\u010dko informati\u010dki saradnik<\/td><\/tr><tr><td>\u017divkovi\u0107 Suzana<\/td><td>konzervator \/ restaurator za tekstil<\/td><\/tr><tr><td>Milovanovi\u0107 Valentina<\/td><td>samostalni preparator za tekstil<\/td><\/tr><tr><td>Caji\u0107 Aleksandra<\/td><td>preparator za tekstil<\/td><\/tr><tr><td>\u017divkovi\u0107 Milica<\/td><td>finansijsko ra\u010dunovodstveni analiti\u010dar<\/td><\/tr><tr><td>An\u0111elkovi\u0107 Ilija<\/td><td>samostalni finansijsko \u2013 ra\u010dunovodstveni saradnik<\/td><\/tr><tr><td>Vukovi\u0107 Sla\u0111ana<\/td><td>komercijalista \/ekonom<\/td><\/tr><tr><td>Stankovi\u0107 Violeta<\/td><td>blagajnik<\/td><\/tr><tr><td>Kragi\u0107 Sla\u0111ana<\/td><td>referent za finansijsko &#8211; ra\u010dunovodstvene poslove<\/td><\/tr><tr><td>Proki\u0107 Neboj\u0161a<\/td><td>administrativno kadrovski referent<\/td><\/tr><tr><td>\u017divkovi\u0107 Vesna<\/td><td>tehni\u010dki sekretar<\/td><\/tr><tr><td>Jankovi\u0107 Marija<\/td><td>prodavac<\/td><\/tr><tr><td>Stojanovi\u0107 Dragana<\/td><td>prodavac<\/td><\/tr><tr><td>Ognjanovi\u0107 Radica<\/td><td>prodavac<\/td><\/tr><tr><td>Milutinovi\u0107 Ivana<\/td><td>vodi\u010d &#8211; samostalni vodi\u010d<\/td><\/tr><tr><td>Jovanovi\u0107 Tamara<\/td><td>vodi\u010d &#8211; samostalni vodi\u010d<\/td><\/tr><tr><td>Zlatkovi\u0107 Fabok Dragana<\/td><td>vodi\u010d &#8211; samostalni vodi\u010d<\/td><\/tr><tr><td>Kova\u010devi\u0107 Sandra<\/td><td>vodi\u010d &#8211; samostalni vodi\u010d<\/td><\/tr><tr><td>Stamenkovi\u0107 Jelena<\/td><td>vodi\u010d &#8211; samostalni vodi\u010d<\/td><\/tr><tr><td>Veli\u010dkovi\u0107 Neda<\/td><td>vodi\u010d &#8211; samostalni vodi\u010d<\/td><\/tr><tr><td>Ne\u0161i\u0107 Milena<\/td><td>vodi\u010d &#8211; samostalni vodi\u010d<\/td><\/tr><tr><td>Stojkovi\u0107 Jovana<\/td><td>vodi\u010d &#8211; samostalni vodi\u010d<a><\/a><\/td><\/tr><tr><td>An\u0111elkovi\u0107 Milo\u0161<\/td><td>vodi\u010d<\/td><\/tr><tr><td>Tasi\u0107 Jasmina<\/td><td>vodi\u010d<\/td><\/tr><tr><td>Miti\u0107 Marija<\/td><td>higijeni\u010dar<\/td><\/tr><tr><td>Stankovi\u0107 Vladan<\/td><td>portir \/ \u010duvar<\/td><\/tr><tr><td>Miti\u0107 Sa\u0161a<\/td><td>portir \/ \u010duvar<\/td><\/tr><tr><td>Mitov Goran<\/td><td>portir \/ \u010duvar<\/td><\/tr><tr><td>Milovanovi\u0107 Had\u017ei Dejan<\/td><td>portir \/ \u010duvar<\/td><\/tr><tr><td>Marjanovi\u0107 Jovica<\/td><td>portir \/ \u010duvar<\/td><\/tr><tr><td>Stojkovi\u0107 Milan<\/td><td>domar \/ majstor odr\u017eavanja<\/td><\/tr><tr><td>Da\u0161i\u0107 Stevan<\/td><td>voza\u010d<\/td><\/tr><tr><td>Maja Milojevi\u0107<\/td><td>higijeni\u010dar<\/td><\/tr><tr><td>Nikola Nikoli\u0107<\/td><td>portir \/ \u010duvar<\/td><\/tr><\/tbody><\/table><\/figure>\n\n\n\n<p><\/p>","protected":false},"excerpt":{"rendered":"<p>Prezime i ime &nbsp;&nbsp;&nbsp;&nbsp;&nbsp;&nbsp;&nbsp;&nbsp; Radno mesto Vlaisavljevi\u0107 Marina v.d. direktora, muzejski savetnik istori\u010dar \u0110or\u0111evi\u0107 Slavica sekretar muzeja Ili\u0107 \u017darko rukovodilac finansijsko \u2013 ra\u010dunovodstvenih poslova Radosavljevi\u0107 &hellip;<\/p>\n","protected":false},"author":1,"featured_media":0,"parent":31,"menu_order":0,"comment_status":"closed","ping_status":"closed","template":"","meta":{"ngg_post_thumbnail":0,"_links_to":"","_links_to_target":""},"_links":{"self":[{"href":"http:\/\/narodnimuzejnis.rs\/RS\/wp-json\/wp\/v2\/pages\/8067"}],"collection":[{"href":"http:\/\/narodnimuzejnis.rs\/RS\/wp-json\/wp\/v2\/pages"}],"about":[{"href":"http:\/\/narodnimuzejnis.rs\/RS\/wp-json\/wp\/v2\/types\/page"}],"author":[{"embeddable":true,"href":"http:\/\/narodnimuzejnis.rs\/RS\/wp-json\/wp\/v2\/users\/1"}],"replies":[{"embeddable":true,"href":"http:\/\/narodnimuzejnis.rs\/RS\/wp-json\/wp\/v2\/comments?post=8067"}],"version-history":[{"count":15,"href":"http:\/\/narodnimuzejnis.rs\/RS\/wp-json\/wp\/v2\/pages\/8067\/revisions"}],"predecessor-version":[{"id":8762,"href":"http:\/\/narodnimuzejnis.rs\/RS\/wp-json\/wp\/v2\/pages\/8067\/revisions\/8762"}],"up":[{"embeddable":true,"href":"http:\/\/narodnimuzejnis.rs\/RS\/wp-json\/wp\/v2\/pages\/31"}],"wp:attachment":[{"href":"http:\/\/narodnimuzejnis.rs\/RS\/wp-json\/wp\/v2\/media?parent=8067"}],"curies":[{"name":"wp","href":"https:\/\/api.w.org\/{rel}","templated":true}]}}