{"id":7443,"date":"2022-12-29T11:43:07","date_gmt":"2022-12-29T10:43:07","guid":{"rendered":"http:\/\/narodnimuzejnis.rs\/?page_id=7443"},"modified":"2022-12-29T11:43:08","modified_gmt":"2022-12-29T10:43:08","slug":"%d0%bc%d0%b5%d0%b4%d0%b8%d1%98%d0%b0%d0%bd%d0%b0","status":"publish","type":"page","link":"http:\/\/narodnimuzejnis.rs\/RS\/za-posetioce\/%d0%bc%d0%b5%d0%b4%d0%b8%d1%98%d0%b0%d0%bd%d0%b0\/","title":{"rendered":"Medijana"},"content":{"rendered":"<p><\/p>\n\n\n\n<p><strong>INFORMACIJE ZA POSETIOCE<\/strong><\/p>\n\n\n\n<ul>\n<li>Preporu\u010dujemo posetiocima da na lokalitet u\u0111u najkasnije 30 minuta pre vremena ozna\u010denog za zatvaranje.<\/li>\n\n\n\n<li>U slu\u010daju lo\u0161ih vremeskih uslova lokalitet mo\u017ee biti zatvoren za posetioce.<\/li>\n\n\n\n<li>U slu\u010daju velikog broja posetilaca, mo\u017ee do\u0107i do privremenog ograni\u010davanja ili obustave prodaje ulaznica.<\/li>\n\n\n\n<li>Molimo vas da ne hodate po zidovima i mozaicima \u2013 oni predstavljaju kulturno nasle\u0111e koje treba o\u010duvati za budu\u0107e generacije.<\/li>\n\n\n\n<li>Nije dozvoljeno snimanje dronom bez dozvole Muzeja i Direktorata civilnog vazduhoplovstva Republike Srbije.<\/li>\n\n\n\n<li>Pu\u0161enje nije dozvoljeno na lokalitetu.<\/li>\n<\/ul>\n\n\n\n<p><\/p>","protected":false},"excerpt":{"rendered":"<p>INFORMACIJE ZA POSETIOCE<\/p>\n","protected":false},"author":1,"featured_media":0,"parent":37,"menu_order":5,"comment_status":"closed","ping_status":"closed","template":"","meta":{"ngg_post_thumbnail":0,"_links_to":"","_links_to_target":""},"_links":{"self":[{"href":"http:\/\/narodnimuzejnis.rs\/RS\/wp-json\/wp\/v2\/pages\/7443"}],"collection":[{"href":"http:\/\/narodnimuzejnis.rs\/RS\/wp-json\/wp\/v2\/pages"}],"about":[{"href":"http:\/\/narodnimuzejnis.rs\/RS\/wp-json\/wp\/v2\/types\/page"}],"author":[{"embeddable":true,"href":"http:\/\/narodnimuzejnis.rs\/RS\/wp-json\/wp\/v2\/users\/1"}],"replies":[{"embeddable":true,"href":"http:\/\/narodnimuzejnis.rs\/RS\/wp-json\/wp\/v2\/comments?post=7443"}],"version-history":[{"count":1,"href":"http:\/\/narodnimuzejnis.rs\/RS\/wp-json\/wp\/v2\/pages\/7443\/revisions"}],"predecessor-version":[{"id":7444,"href":"http:\/\/narodnimuzejnis.rs\/RS\/wp-json\/wp\/v2\/pages\/7443\/revisions\/7444"}],"up":[{"embeddable":true,"href":"http:\/\/narodnimuzejnis.rs\/RS\/wp-json\/wp\/v2\/pages\/37"}],"wp:attachment":[{"href":"http:\/\/narodnimuzejnis.rs\/RS\/wp-json\/wp\/v2\/media?parent=7443"}],"curies":[{"name":"wp","href":"https:\/\/api.w.org\/{rel}","templated":true}]}}