{"id":71,"date":"2015-02-04T10:03:34","date_gmt":"2015-02-04T10:03:34","guid":{"rendered":"http:\/\/narodnimuzejnis.rs\/?page_id=71"},"modified":"2023-02-27T12:37:40","modified_gmt":"2023-02-27T11:37:40","slug":"odeljenje-za-edukaciju-komunikaciju-pr","status":"publish","type":"page","link":"http:\/\/narodnimuzejnis.rs\/RS\/o-muzeju\/odeljenja\/odeljenje-za-edukaciju-komunikaciju-pr\/","title":{"rendered":"Odeljenje za edukaciju, komunikaciju i odnose s javno\u0161\u0107u"},"content":{"rendered":"<p><\/p>\n\n\n\n<p>Anga\u017eovanjem\u00a0muzejskih radnika u oblasti edukacije ostvaruje se dvostruka misija\u00a0muzeja: prezentacija\u00a0muzejskih zbirki i objekata\u00a0i njihovo povezivanje sa \u0161irim dru\u0161tvenim kontekstom ili nastavnim gradivom. Rad Odeljenja ogleda se u kreiranju posebnih programa namenjenih publici kao \u0161to su stru\u010dna vo\u0111enja, radionice, prate\u0107i programi gradskih manifestacija i sli\u010dno.\u00a0Jednu od edukatorskih aktivnosti predstavljaju i\u00a0muzejski skajp \u010dasovi dok je posebna pa\u017enja posve\u0107ena prezentaciji kulturne ba\u0161tine kroz publikacije namenjene deci. Svi edukatorski programi su inkluzivni. U cilju afirmacije i popularizacije muzejskih aktivnosti, odeljenje ostvaruje saradnju sa \u0161kolama, ustanovama kulture, udru\u017eenjima gra\u0111ana i manjinskih zajednica.\u00a0<\/p>\n\n\n\n<p><\/p>","protected":false},"excerpt":{"rendered":"<p>Anga\u017eovanjem\u00a0muzejskih radnika u oblasti edukacije ostvaruje se dvostruka misija\u00a0muzeja: prezentacija\u00a0muzejskih zbirki i objekata\u00a0i njihovo povezivanje sa \u0161irim dru\u0161tvenim kontekstom ili nastavnim gradivom. Rad Odeljenja ogleda &hellip;<\/p>\n","protected":false},"author":1,"featured_media":0,"parent":47,"menu_order":9,"comment_status":"closed","ping_status":"closed","template":"","meta":{"ngg_post_thumbnail":0,"_links_to":"","_links_to_target":""},"_links":{"self":[{"href":"http:\/\/narodnimuzejnis.rs\/RS\/wp-json\/wp\/v2\/pages\/71"}],"collection":[{"href":"http:\/\/narodnimuzejnis.rs\/RS\/wp-json\/wp\/v2\/pages"}],"about":[{"href":"http:\/\/narodnimuzejnis.rs\/RS\/wp-json\/wp\/v2\/types\/page"}],"author":[{"embeddable":true,"href":"http:\/\/narodnimuzejnis.rs\/RS\/wp-json\/wp\/v2\/users\/1"}],"replies":[{"embeddable":true,"href":"http:\/\/narodnimuzejnis.rs\/RS\/wp-json\/wp\/v2\/comments?post=71"}],"version-history":[{"count":6,"href":"http:\/\/narodnimuzejnis.rs\/RS\/wp-json\/wp\/v2\/pages\/71\/revisions"}],"predecessor-version":[{"id":7717,"href":"http:\/\/narodnimuzejnis.rs\/RS\/wp-json\/wp\/v2\/pages\/71\/revisions\/7717"}],"up":[{"embeddable":true,"href":"http:\/\/narodnimuzejnis.rs\/RS\/wp-json\/wp\/v2\/pages\/47"}],"wp:attachment":[{"href":"http:\/\/narodnimuzejnis.rs\/RS\/wp-json\/wp\/v2\/media?parent=71"}],"curies":[{"name":"wp","href":"https:\/\/api.w.org\/{rel}","templated":true}]}}