{"id":6780,"date":"2022-12-01T10:54:33","date_gmt":"2022-12-01T09:54:33","guid":{"rendered":"http:\/\/narodnimuzejnis.rs\/?page_id=6780"},"modified":"2022-12-01T11:00:42","modified_gmt":"2022-12-01T10:00:42","slug":"%d1%84%d0%b8%d0%bd%d0%b0%d0%bd%d1%81%d0%b8%d1%98%d1%81%d0%ba%d0%b0-%d0%b4%d0%be%d0%ba%d1%83%d0%bc%d0%b5%d0%bd%d1%82%d0%b0-%d0%b7%d0%b0-2021-%d0%b3%d0%be%d0%b4%d0%b8%d0%bd%d1%83","status":"publish","type":"page","link":"http:\/\/narodnimuzejnis.rs\/RS\/o-muzeju\/%d0%b4%d0%be%d0%ba%d1%83%d0%bc%d0%b5%d0%bd%d1%82%d0%b0\/%d1%84%d0%b8%d0%bd%d0%b0%d0%bd%d1%81%d0%b8%d1%98%d1%81%d0%ba%d0%b0-%d0%b4%d0%be%d0%ba%d1%83%d0%bc%d0%b5%d0%bd%d1%82%d0%b0\/%d1%84%d0%b8%d0%bd%d0%b0%d0%bd%d1%81%d0%b8%d1%98%d1%81%d0%ba%d0%b0-%d0%b4%d0%be%d0%ba%d1%83%d0%bc%d0%b5%d0%bd%d1%82%d0%b0-%d0%b7%d0%b0-2021-%d0%b3%d0%be%d0%b4%d0%b8%d0%bd%d1%83\/","title":{"rendered":"Finansijska dokumenta za 2021. godinu"},"content":{"rendered":"<p><\/p>\n\n\n\n<p><a href=\"http:\/\/narodnimuzejnis.rs\/wp-content\/uploads\/2022\/12\/bilans-stanja.pdf\" target=\"_blank\" rel=\"noreferrer noopener\">Bilans stanja<\/a><\/p>\n\n\n\n<p><a href=\"http:\/\/narodnimuzejnis.rs\/wp-content\/uploads\/2022\/12\/bilans-prihoda-i-rashoda.pdf\" target=\"_blank\" rel=\"noreferrer noopener\">Bilans prihoda i rashoda<\/a><\/p>\n\n\n\n<p><a href=\"http:\/\/narodnimuzejnis.rs\/wp-content\/uploads\/2022\/12\/izvestaj-o-izvrsenju-budzeta.pdf\" target=\"_blank\" rel=\"noreferrer noopener\">Izve\u0161taj o izvr\u0161enju bud\u017eeta<\/a><\/p>\n\n\n\n<p><a href=\"http:\/\/narodnimuzejnis.rs\/wp-content\/uploads\/2022\/12\/izvestaj-o-kapitalnim-izdacima-i-primanjima.pdf\" target=\"_blank\" rel=\"noreferrer noopener\">Izve\u0161taj o kapitalnim izdacima i primanjima<\/a><\/p>\n\n\n\n<p><a href=\"http:\/\/narodnimuzejnis.rs\/wp-content\/uploads\/2022\/12\/izvestaj-o-novcanim-tokovima.pdf\" target=\"_blank\" rel=\"noreferrer noopener\">Izve\u0161taj o nov\u010danim tokovima<\/a><\/p>\n\n\n\n<p><a href=\"http:\/\/narodnimuzejnis.rs\/wp-content\/uploads\/2022\/12\/izvestaj-o-poslovanju-2021.pdf\" target=\"_blank\" rel=\"noreferrer noopener\">Izve\u0161taj o poslovanju za 2021. godinu<\/a><\/p>\n\n\n\n<p><\/p>","protected":false},"excerpt":{"rendered":"<p>Bilans stanja Bilans prihoda i rashoda Izve\u0161taj o izvr\u0161enju bud\u017eeta Izve\u0161taj o kapitalnim izdacima i primanjima Izve\u0161taj o nov\u010danim tokovima Izve\u0161taj o poslovanju za 2021. &hellip;<\/p>\n","protected":false},"author":1,"featured_media":0,"parent":5755,"menu_order":3,"comment_status":"closed","ping_status":"closed","template":"","meta":{"ngg_post_thumbnail":0,"_links_to":"","_links_to_target":""},"_links":{"self":[{"href":"http:\/\/narodnimuzejnis.rs\/RS\/wp-json\/wp\/v2\/pages\/6780"}],"collection":[{"href":"http:\/\/narodnimuzejnis.rs\/RS\/wp-json\/wp\/v2\/pages"}],"about":[{"href":"http:\/\/narodnimuzejnis.rs\/RS\/wp-json\/wp\/v2\/types\/page"}],"author":[{"embeddable":true,"href":"http:\/\/narodnimuzejnis.rs\/RS\/wp-json\/wp\/v2\/users\/1"}],"replies":[{"embeddable":true,"href":"http:\/\/narodnimuzejnis.rs\/RS\/wp-json\/wp\/v2\/comments?post=6780"}],"version-history":[{"count":7,"href":"http:\/\/narodnimuzejnis.rs\/RS\/wp-json\/wp\/v2\/pages\/6780\/revisions"}],"predecessor-version":[{"id":6796,"href":"http:\/\/narodnimuzejnis.rs\/RS\/wp-json\/wp\/v2\/pages\/6780\/revisions\/6796"}],"up":[{"embeddable":true,"href":"http:\/\/narodnimuzejnis.rs\/RS\/wp-json\/wp\/v2\/pages\/5755"}],"wp:attachment":[{"href":"http:\/\/narodnimuzejnis.rs\/RS\/wp-json\/wp\/v2\/media?parent=6780"}],"curies":[{"name":"wp","href":"https:\/\/api.w.org\/{rel}","templated":true}]}}