{"id":63,"date":"2015-02-04T10:00:38","date_gmt":"2015-02-04T10:00:38","guid":{"rendered":"http:\/\/narodnimuzejnis.rs\/?page_id=63"},"modified":"2023-02-27T10:57:32","modified_gmt":"2023-02-27T09:57:32","slug":"odeljenje-istorije-umetnosti","status":"publish","type":"page","link":"http:\/\/narodnimuzejnis.rs\/RS\/o-muzeju\/odeljenja\/odeljenje-istorije-umetnosti\/","title":{"rendered":"Odeljenje istorije umetnosti"},"content":{"rendered":"<p><\/p>\n\n\n\n\n\n<div class=\"ngg-galleryoverview ngg-slideshow\"\n\t id=\"ngg-slideshow-4c57dc8f8dc13abd16df7d904e876ec1-14713629230\"\n     data-gallery-id=\"4c57dc8f8dc13abd16df7d904e876ec1\"\n     style=\"max-width: 600px; max-height: 400px;\">\n\n \t<div id=\"ngg-image-0\" class=\"ngg-gallery-slideshow-image\" style=\"height:400px\">\n\n        <a href=\"http:\/\/narodnimuzejnis.rs\/wp-content\/gallery\/istorija-umetnosti\/iu1.fw_.png\"\n           title=\"\"\n           data-src=\"http:\/\/narodnimuzejnis.rs\/wp-content\/gallery\/istorija-umetnosti\/iu1.fw_.png\"\n           data-thumbnail=\"http:\/\/narodnimuzejnis.rs\/wp-content\/gallery\/istorija-umetnosti\/thumbs\/thumbs_iu1.fw_.png\"\n           data-image-id=\"1223\"\n           data-title=\"iu1.fw_\"\n           data-description=\"\"\n           class=\"ngg-fancybox\" rel=\"4c57dc8f8dc13abd16df7d904e876ec1\">\n\n            <img data-image-id='1223'\n                 title=\"\"\n                 alt=\"iu1.fw_\"\n                 src=\"http:\/\/narodnimuzejnis.rs\/wp-content\/gallery\/istorija-umetnosti\/iu1.fw_.png\"\n                 style=\"max-height: 380px;\"\/>\n        <\/a>\n\n        <\/div> \n<div id=\"ngg-image-1\" class=\"ngg-gallery-slideshow-image\" style=\"height:400px\">\n\n        <a href=\"http:\/\/narodnimuzejnis.rs\/wp-content\/gallery\/istorija-umetnosti\/iu6.fw_.png\"\n           title=\"\"\n           data-src=\"http:\/\/narodnimuzejnis.rs\/wp-content\/gallery\/istorija-umetnosti\/iu6.fw_.png\"\n           data-thumbnail=\"http:\/\/narodnimuzejnis.rs\/wp-content\/gallery\/istorija-umetnosti\/thumbs\/thumbs_iu6.fw_.png\"\n           data-image-id=\"1224\"\n           data-title=\"iu6.fw_\"\n           data-description=\"\"\n           class=\"ngg-fancybox\" rel=\"4c57dc8f8dc13abd16df7d904e876ec1\">\n\n            <img data-image-id='1224'\n                 title=\"\"\n                 alt=\"iu6.fw_\"\n                 src=\"http:\/\/narodnimuzejnis.rs\/wp-content\/gallery\/istorija-umetnosti\/iu6.fw_.png\"\n                 style=\"max-height: 380px;\"\/>\n        <\/a>\n\n        <\/div> \n<div id=\"ngg-image-2\" class=\"ngg-gallery-slideshow-image\" style=\"height:400px\">\n\n        <a href=\"http:\/\/narodnimuzejnis.rs\/wp-content\/gallery\/istorija-umetnosti\/iu2.fw_.png\"\n           title=\"\"\n           data-src=\"http:\/\/narodnimuzejnis.rs\/wp-content\/gallery\/istorija-umetnosti\/iu2.fw_.png\"\n           data-thumbnail=\"http:\/\/narodnimuzejnis.rs\/wp-content\/gallery\/istorija-umetnosti\/thumbs\/thumbs_iu2.fw_.png\"\n           data-image-id=\"1225\"\n           data-title=\"iu2.fw_\"\n           data-description=\"\"\n           class=\"ngg-fancybox\" rel=\"4c57dc8f8dc13abd16df7d904e876ec1\">\n\n            <img data-image-id='1225'\n                 title=\"\"\n                 alt=\"iu2.fw_\"\n                 src=\"http:\/\/narodnimuzejnis.rs\/wp-content\/gallery\/istorija-umetnosti\/iu2.fw_.png\"\n                 style=\"max-height: 380px;\"\/>\n        <\/a>\n\n        <\/div> \n<div id=\"ngg-image-3\" class=\"ngg-gallery-slideshow-image\" style=\"height:400px\">\n\n        <a href=\"http:\/\/narodnimuzejnis.rs\/wp-content\/gallery\/istorija-umetnosti\/iu5.fw_.png\"\n           title=\"\"\n           data-src=\"http:\/\/narodnimuzejnis.rs\/wp-content\/gallery\/istorija-umetnosti\/iu5.fw_.png\"\n           data-thumbnail=\"http:\/\/narodnimuzejnis.rs\/wp-content\/gallery\/istorija-umetnosti\/thumbs\/thumbs_iu5.fw_.png\"\n           data-image-id=\"1226\"\n           data-title=\"iu5.fw_\"\n           data-description=\"\"\n           class=\"ngg-fancybox\" rel=\"4c57dc8f8dc13abd16df7d904e876ec1\">\n\n            <img data-image-id='1226'\n                 title=\"\"\n                 alt=\"iu5.fw_\"\n                 src=\"http:\/\/narodnimuzejnis.rs\/wp-content\/gallery\/istorija-umetnosti\/iu5.fw_.png\"\n                 style=\"max-height: 380px;\"\/>\n        <\/a>\n\n        <\/div> \n<div id=\"ngg-image-4\" class=\"ngg-gallery-slideshow-image\" style=\"height:400px\">\n\n        <a href=\"http:\/\/narodnimuzejnis.rs\/wp-content\/gallery\/istorija-umetnosti\/iu3.fw_.png\"\n           title=\"\"\n           data-src=\"http:\/\/narodnimuzejnis.rs\/wp-content\/gallery\/istorija-umetnosti\/iu3.fw_.png\"\n           data-thumbnail=\"http:\/\/narodnimuzejnis.rs\/wp-content\/gallery\/istorija-umetnosti\/thumbs\/thumbs_iu3.fw_.png\"\n           data-image-id=\"1227\"\n           data-title=\"iu3.fw_\"\n           data-description=\"\"\n           class=\"ngg-fancybox\" rel=\"4c57dc8f8dc13abd16df7d904e876ec1\">\n\n            <img data-image-id='1227'\n                 title=\"\"\n                 alt=\"iu3.fw_\"\n                 src=\"http:\/\/narodnimuzejnis.rs\/wp-content\/gallery\/istorija-umetnosti\/iu3.fw_.png\"\n                 style=\"max-height: 380px;\"\/>\n        <\/a>\n\n        <\/div> \n<div id=\"ngg-image-5\" class=\"ngg-gallery-slideshow-image\" style=\"height:400px\">\n\n        <a href=\"http:\/\/narodnimuzejnis.rs\/wp-content\/gallery\/istorija-umetnosti\/iu4.fw_.png\"\n           title=\"\"\n           data-src=\"http:\/\/narodnimuzejnis.rs\/wp-content\/gallery\/istorija-umetnosti\/iu4.fw_.png\"\n           data-thumbnail=\"http:\/\/narodnimuzejnis.rs\/wp-content\/gallery\/istorija-umetnosti\/thumbs\/thumbs_iu4.fw_.png\"\n           data-image-id=\"1228\"\n           data-title=\"iu4.fw_\"\n           data-description=\"\"\n           class=\"ngg-fancybox\" rel=\"4c57dc8f8dc13abd16df7d904e876ec1\">\n\n            <img data-image-id='1228'\n                 title=\"\"\n                 alt=\"iu4.fw_\"\n                 src=\"http:\/\/narodnimuzejnis.rs\/wp-content\/gallery\/istorija-umetnosti\/iu4.fw_.png\"\n                 style=\"max-height: 380px;\"\/>\n        <\/a>\n\n        <\/div> \n<div id=\"ngg-image-6\" class=\"ngg-gallery-slideshow-image\" style=\"height:400px\">\n\n        <a href=\"http:\/\/narodnimuzejnis.rs\/wp-content\/gallery\/istorija-umetnosti\/iu7.fw_.png\"\n           title=\"\"\n           data-src=\"http:\/\/narodnimuzejnis.rs\/wp-content\/gallery\/istorija-umetnosti\/iu7.fw_.png\"\n           data-thumbnail=\"http:\/\/narodnimuzejnis.rs\/wp-content\/gallery\/istorija-umetnosti\/thumbs\/thumbs_iu7.fw_.png\"\n           data-image-id=\"1229\"\n           data-title=\"iu7.fw_\"\n           data-description=\"\"\n           class=\"ngg-fancybox\" rel=\"4c57dc8f8dc13abd16df7d904e876ec1\">\n\n            <img data-image-id='1229'\n                 title=\"\"\n                 alt=\"iu7.fw_\"\n                 src=\"http:\/\/narodnimuzejnis.rs\/wp-content\/gallery\/istorija-umetnosti\/iu7.fw_.png\"\n                 style=\"max-height: 380px;\"\/>\n        <\/a>\n\n        <\/div> \n<div id=\"ngg-image-7\" class=\"ngg-gallery-slideshow-image\" style=\"height:400px\">\n\n        <a href=\"http:\/\/narodnimuzejnis.rs\/wp-content\/gallery\/istorija-umetnosti\/iu9.fw_.png\"\n           title=\"\"\n           data-src=\"http:\/\/narodnimuzejnis.rs\/wp-content\/gallery\/istorija-umetnosti\/iu9.fw_.png\"\n           data-thumbnail=\"http:\/\/narodnimuzejnis.rs\/wp-content\/gallery\/istorija-umetnosti\/thumbs\/thumbs_iu9.fw_.png\"\n           data-image-id=\"1230\"\n           data-title=\"iu9.fw_\"\n           data-description=\"\"\n           class=\"ngg-fancybox\" rel=\"4c57dc8f8dc13abd16df7d904e876ec1\">\n\n            <img data-image-id='1230'\n                 title=\"\"\n                 alt=\"iu9.fw_\"\n                 src=\"http:\/\/narodnimuzejnis.rs\/wp-content\/gallery\/istorija-umetnosti\/iu9.fw_.png\"\n                 style=\"max-height: 380px;\"\/>\n        <\/a>\n\n        <\/div> \n<div id=\"ngg-image-8\" class=\"ngg-gallery-slideshow-image\" style=\"height:400px\">\n\n        <a href=\"http:\/\/narodnimuzejnis.rs\/wp-content\/gallery\/istorija-umetnosti\/iu10.fw_.png\"\n           title=\"\"\n           data-src=\"http:\/\/narodnimuzejnis.rs\/wp-content\/gallery\/istorija-umetnosti\/iu10.fw_.png\"\n           data-thumbnail=\"http:\/\/narodnimuzejnis.rs\/wp-content\/gallery\/istorija-umetnosti\/thumbs\/thumbs_iu10.fw_.png\"\n           data-image-id=\"1231\"\n           data-title=\"iu10.fw_\"\n           data-description=\"\"\n           class=\"ngg-fancybox\" rel=\"4c57dc8f8dc13abd16df7d904e876ec1\">\n\n            <img data-image-id='1231'\n                 title=\"\"\n                 alt=\"iu10.fw_\"\n                 src=\"http:\/\/narodnimuzejnis.rs\/wp-content\/gallery\/istorija-umetnosti\/iu10.fw_.png\"\n                 style=\"max-height: 380px;\"\/>\n        <\/a>\n\n        <\/div> \n<div id=\"ngg-image-9\" class=\"ngg-gallery-slideshow-image\" style=\"height:400px\">\n\n        <a href=\"http:\/\/narodnimuzejnis.rs\/wp-content\/gallery\/istorija-umetnosti\/iu11.fw_.png\"\n           title=\"\"\n           data-src=\"http:\/\/narodnimuzejnis.rs\/wp-content\/gallery\/istorija-umetnosti\/iu11.fw_.png\"\n           data-thumbnail=\"http:\/\/narodnimuzejnis.rs\/wp-content\/gallery\/istorija-umetnosti\/thumbs\/thumbs_iu11.fw_.png\"\n           data-image-id=\"1232\"\n           data-title=\"iu11.fw_\"\n           data-description=\"\"\n           class=\"ngg-fancybox\" rel=\"4c57dc8f8dc13abd16df7d904e876ec1\">\n\n            <img data-image-id='1232'\n                 title=\"\"\n                 alt=\"iu11.fw_\"\n                 src=\"http:\/\/narodnimuzejnis.rs\/wp-content\/gallery\/istorija-umetnosti\/iu11.fw_.png\"\n                 style=\"max-height: 380px;\"\/>\n        <\/a>\n\n        <\/div> \n<div id=\"ngg-image-10\" class=\"ngg-gallery-slideshow-image\" style=\"height:400px\">\n\n        <a href=\"http:\/\/narodnimuzejnis.rs\/wp-content\/gallery\/istorija-umetnosti\/iu8.fw_.png\"\n           title=\"\"\n           data-src=\"http:\/\/narodnimuzejnis.rs\/wp-content\/gallery\/istorija-umetnosti\/iu8.fw_.png\"\n           data-thumbnail=\"http:\/\/narodnimuzejnis.rs\/wp-content\/gallery\/istorija-umetnosti\/thumbs\/thumbs_iu8.fw_.png\"\n           data-image-id=\"1233\"\n           data-title=\"iu8.fw_\"\n           data-description=\"\"\n           class=\"ngg-fancybox\" rel=\"4c57dc8f8dc13abd16df7d904e876ec1\">\n\n            <img data-image-id='1233'\n                 title=\"\"\n                 alt=\"iu8.fw_\"\n                 src=\"http:\/\/narodnimuzejnis.rs\/wp-content\/gallery\/istorija-umetnosti\/iu8.fw_.png\"\n                 style=\"max-height: 380px;\"\/>\n        <\/a>\n\n        <\/div> \n<div id=\"ngg-image-11\" class=\"ngg-gallery-slideshow-image\" style=\"height:400px\">\n\n        <a href=\"http:\/\/narodnimuzejnis.rs\/wp-content\/gallery\/istorija-umetnosti\/iu12.fw_.png\"\n           title=\"\"\n           data-src=\"http:\/\/narodnimuzejnis.rs\/wp-content\/gallery\/istorija-umetnosti\/iu12.fw_.png\"\n           data-thumbnail=\"http:\/\/narodnimuzejnis.rs\/wp-content\/gallery\/istorija-umetnosti\/thumbs\/thumbs_iu12.fw_.png\"\n           data-image-id=\"1234\"\n           data-title=\"iu12.fw_\"\n           data-description=\"\"\n           class=\"ngg-fancybox\" rel=\"4c57dc8f8dc13abd16df7d904e876ec1\">\n\n            <img data-image-id='1234'\n                 title=\"\"\n                 alt=\"iu12.fw_\"\n                 src=\"http:\/\/narodnimuzejnis.rs\/wp-content\/gallery\/istorija-umetnosti\/iu12.fw_.png\"\n                 style=\"max-height: 380px;\"\/>\n        <\/a>\n\n        <\/div> \n<div id=\"ngg-image-12\" class=\"ngg-gallery-slideshow-image\" style=\"height:400px\">\n\n        <a href=\"http:\/\/narodnimuzejnis.rs\/wp-content\/gallery\/istorija-umetnosti\/iu13.fw_.png\"\n           title=\"\"\n           data-src=\"http:\/\/narodnimuzejnis.rs\/wp-content\/gallery\/istorija-umetnosti\/iu13.fw_.png\"\n           data-thumbnail=\"http:\/\/narodnimuzejnis.rs\/wp-content\/gallery\/istorija-umetnosti\/thumbs\/thumbs_iu13.fw_.png\"\n           data-image-id=\"1235\"\n           data-title=\"iu13.fw_\"\n           data-description=\"\"\n           class=\"ngg-fancybox\" rel=\"4c57dc8f8dc13abd16df7d904e876ec1\">\n\n            <img data-image-id='1235'\n                 title=\"\"\n                 alt=\"iu13.fw_\"\n                 src=\"http:\/\/narodnimuzejnis.rs\/wp-content\/gallery\/istorija-umetnosti\/iu13.fw_.png\"\n                 style=\"max-height: 380px;\"\/>\n        <\/a>\n\n        <\/div> \n<div id=\"ngg-image-13\" class=\"ngg-gallery-slideshow-image\" style=\"height:400px\">\n\n        <a href=\"http:\/\/narodnimuzejnis.rs\/wp-content\/gallery\/istorija-umetnosti\/iu15.fw_.png\"\n           title=\"\"\n           data-src=\"http:\/\/narodnimuzejnis.rs\/wp-content\/gallery\/istorija-umetnosti\/iu15.fw_.png\"\n           data-thumbnail=\"http:\/\/narodnimuzejnis.rs\/wp-content\/gallery\/istorija-umetnosti\/thumbs\/thumbs_iu15.fw_.png\"\n           data-image-id=\"1236\"\n           data-title=\"iu15.fw_\"\n           data-description=\"\"\n           class=\"ngg-fancybox\" rel=\"4c57dc8f8dc13abd16df7d904e876ec1\">\n\n            <img data-image-id='1236'\n                 title=\"\"\n                 alt=\"iu15.fw_\"\n                 src=\"http:\/\/narodnimuzejnis.rs\/wp-content\/gallery\/istorija-umetnosti\/iu15.fw_.png\"\n                 style=\"max-height: 380px;\"\/>\n        <\/a>\n\n        <\/div> \n<div id=\"ngg-image-14\" class=\"ngg-gallery-slideshow-image\" style=\"height:400px\">\n\n        <a href=\"http:\/\/narodnimuzejnis.rs\/wp-content\/gallery\/istorija-umetnosti\/iu14.fw_.png\"\n           title=\"\"\n           data-src=\"http:\/\/narodnimuzejnis.rs\/wp-content\/gallery\/istorija-umetnosti\/iu14.fw_.png\"\n           data-thumbnail=\"http:\/\/narodnimuzejnis.rs\/wp-content\/gallery\/istorija-umetnosti\/thumbs\/thumbs_iu14.fw_.png\"\n           data-image-id=\"1237\"\n           data-title=\"iu14.fw_\"\n           data-description=\"\"\n           class=\"ngg-fancybox\" rel=\"4c57dc8f8dc13abd16df7d904e876ec1\">\n\n            <img data-image-id='1237'\n                 title=\"\"\n                 alt=\"iu14.fw_\"\n                 src=\"http:\/\/narodnimuzejnis.rs\/wp-content\/gallery\/istorija-umetnosti\/iu14.fw_.png\"\n                 style=\"max-height: 380px;\"\/>\n        <\/a>\n\n        <\/div> \n<div id=\"ngg-image-15\" class=\"ngg-gallery-slideshow-image\" style=\"height:400px\">\n\n        <a href=\"http:\/\/narodnimuzejnis.rs\/wp-content\/gallery\/istorija-umetnosti\/iu16.fw_.png\"\n           title=\"\"\n           data-src=\"http:\/\/narodnimuzejnis.rs\/wp-content\/gallery\/istorija-umetnosti\/iu16.fw_.png\"\n           data-thumbnail=\"http:\/\/narodnimuzejnis.rs\/wp-content\/gallery\/istorija-umetnosti\/thumbs\/thumbs_iu16.fw_.png\"\n           data-image-id=\"1238\"\n           data-title=\"iu16.fw_\"\n           data-description=\"\"\n           class=\"ngg-fancybox\" rel=\"4c57dc8f8dc13abd16df7d904e876ec1\">\n\n            <img data-image-id='1238'\n                 title=\"\"\n                 alt=\"iu16.fw_\"\n                 src=\"http:\/\/narodnimuzejnis.rs\/wp-content\/gallery\/istorija-umetnosti\/iu16.fw_.png\"\n                 style=\"max-height: 380px;\"\/>\n        <\/a>\n\n        <\/div> \n<div id=\"ngg-image-16\" class=\"ngg-gallery-slideshow-image\" style=\"height:400px\">\n\n        <a href=\"http:\/\/narodnimuzejnis.rs\/wp-content\/gallery\/istorija-umetnosti\/iu17.fw_.png\"\n           title=\"\"\n           data-src=\"http:\/\/narodnimuzejnis.rs\/wp-content\/gallery\/istorija-umetnosti\/iu17.fw_.png\"\n           data-thumbnail=\"http:\/\/narodnimuzejnis.rs\/wp-content\/gallery\/istorija-umetnosti\/thumbs\/thumbs_iu17.fw_.png\"\n           data-image-id=\"1239\"\n           data-title=\"iu17.fw_\"\n           data-description=\"\"\n           class=\"ngg-fancybox\" rel=\"4c57dc8f8dc13abd16df7d904e876ec1\">\n\n            <img data-image-id='1239'\n                 title=\"\"\n                 alt=\"iu17.fw_\"\n                 src=\"http:\/\/narodnimuzejnis.rs\/wp-content\/gallery\/istorija-umetnosti\/iu17.fw_.png\"\n                 style=\"max-height: 380px;\"\/>\n        <\/a>\n\n        <\/div> \n<\/div>\n\n\n\n\n\n\n\n<p>Nakon osnivanja Muzeja 1933, odmah se pristupilo i formiranju zbirke umetni\u010dkih dela, uglavnom od poklona vi\u0111enijih Ni\u0161lija, ali i samih autora. Me\u0111u njima isti\u010du se vredne slike Borivoja Stevanovi\u0107a, Vasilija Rudonovskog, Ljubomira Vernera&#8230; Budu\u0107i jednim delom izgubljen u bombardovanju 1944, fond slika po\u010dinje da se obnavlja odmah po oslobo\u0111enju i ve\u0107 1951. zbirka je uve\u0107ana kolekcijom zna\u010dajnih srpskih autora iz prve polovine 19. i po\u010detka 20. veka. Orijentacija ka delima autora sa \u010ditavog nekada\u0161njeg jugoslovenskog prostora ispoljila se naro\u010dito od 1964. godine, kada je obnovljen rad Likovne kolonije u Si\u0107evu, \u010dija su dela dospevala u Muzej. Posebno mesto u ovoj zbirci zauzima zavi\u010dajna zbirka savremenih ni\u0161kih umetnika.&nbsp; Danas, Zbirka&nbsp;istorije umetnosti&nbsp;broji&nbsp;1058 dela (slika, skulptura, crte\u017ea, grafika).<\/p>\n\n\n\n<p><\/p>","protected":false},"excerpt":{"rendered":"<p>Nakon osnivanja Muzeja 1933, odmah se pristupilo i formiranju zbirke umetni\u010dkih dela, uglavnom od poklona vi\u0111enijih Ni\u0161lija, ali i samih autora. Me\u0111u njima isti\u010du se &hellip;<\/p>\n","protected":false},"author":1,"featured_media":0,"parent":47,"menu_order":5,"comment_status":"closed","ping_status":"closed","template":"","meta":{"ngg_post_thumbnail":0,"_links_to":"","_links_to_target":""},"_links":{"self":[{"href":"http:\/\/narodnimuzejnis.rs\/RS\/wp-json\/wp\/v2\/pages\/63"}],"collection":[{"href":"http:\/\/narodnimuzejnis.rs\/RS\/wp-json\/wp\/v2\/pages"}],"about":[{"href":"http:\/\/narodnimuzejnis.rs\/RS\/wp-json\/wp\/v2\/types\/page"}],"author":[{"embeddable":true,"href":"http:\/\/narodnimuzejnis.rs\/RS\/wp-json\/wp\/v2\/users\/1"}],"replies":[{"embeddable":true,"href":"http:\/\/narodnimuzejnis.rs\/RS\/wp-json\/wp\/v2\/comments?post=63"}],"version-history":[{"count":7,"href":"http:\/\/narodnimuzejnis.rs\/RS\/wp-json\/wp\/v2\/pages\/63\/revisions"}],"predecessor-version":[{"id":7664,"href":"http:\/\/narodnimuzejnis.rs\/RS\/wp-json\/wp\/v2\/pages\/63\/revisions\/7664"}],"up":[{"embeddable":true,"href":"http:\/\/narodnimuzejnis.rs\/RS\/wp-json\/wp\/v2\/pages\/47"}],"wp:attachment":[{"href":"http:\/\/narodnimuzejnis.rs\/RS\/wp-json\/wp\/v2\/media?parent=63"}],"curies":[{"name":"wp","href":"https:\/\/api.w.org\/{rel}","templated":true}]}}