{"id":51,"date":"2015-02-04T09:56:29","date_gmt":"2015-02-04T09:56:29","guid":{"rendered":"http:\/\/narodnimuzejnis.rs\/?page_id=51"},"modified":"2023-02-23T13:58:29","modified_gmt":"2023-02-23T12:58:29","slug":"odsek-praistorija","status":"publish","type":"page","link":"http:\/\/narodnimuzejnis.rs\/RS\/o-muzeju\/odeljenja\/odeljenje-arheologije\/odsek-praistorija\/","title":{"rendered":"Praistorija"},"content":{"rendered":"<p><\/p>\n\n\n\n\n\n<div class=\"ngg-galleryoverview ngg-slideshow\"\n\t id=\"ngg-slideshow-a1848d6ad539e0bf7005a6624e16dd18-5396952360\"\n     data-gallery-id=\"a1848d6ad539e0bf7005a6624e16dd18\"\n     style=\"max-width: 600px; max-height: 400px;\">\n\n \t<div id=\"ngg-image-0\" class=\"ngg-gallery-slideshow-image\" style=\"height:400px\">\n\n        <a href=\"http:\/\/narodnimuzejnis.rs\/wp-content\/gallery\/praistorija\/BOZ_0247.fw_.png\"\n           title=\"\"\n           data-src=\"http:\/\/narodnimuzejnis.rs\/wp-content\/gallery\/praistorija\/BOZ_0247.fw_.png\"\n           data-thumbnail=\"http:\/\/narodnimuzejnis.rs\/wp-content\/gallery\/praistorija\/thumbs\/thumbs_BOZ_0247.fw_.png\"\n           data-image-id=\"1140\"\n           data-title=\"BOZ_0247.fw_\"\n           data-description=\"\"\n           class=\"ngg-fancybox\" rel=\"a1848d6ad539e0bf7005a6624e16dd18\">\n\n            <img data-image-id='1140'\n                 title=\"\"\n                 alt=\"BOZ_0247.fw_\"\n                 src=\"http:\/\/narodnimuzejnis.rs\/wp-content\/gallery\/praistorija\/BOZ_0247.fw_.png\"\n                 style=\"max-height: 380px;\"\/>\n        <\/a>\n\n        <\/div> \n<div id=\"ngg-image-1\" class=\"ngg-gallery-slideshow-image\" style=\"height:400px\">\n\n        <a href=\"http:\/\/narodnimuzejnis.rs\/wp-content\/gallery\/praistorija\/IMG_0368.fw_.png\"\n           title=\"\"\n           data-src=\"http:\/\/narodnimuzejnis.rs\/wp-content\/gallery\/praistorija\/IMG_0368.fw_.png\"\n           data-thumbnail=\"http:\/\/narodnimuzejnis.rs\/wp-content\/gallery\/praistorija\/thumbs\/thumbs_IMG_0368.fw_.png\"\n           data-image-id=\"1141\"\n           data-title=\"IMG_0368.fw_\"\n           data-description=\"\"\n           class=\"ngg-fancybox\" rel=\"a1848d6ad539e0bf7005a6624e16dd18\">\n\n            <img data-image-id='1141'\n                 title=\"\"\n                 alt=\"IMG_0368.fw_\"\n                 src=\"http:\/\/narodnimuzejnis.rs\/wp-content\/gallery\/praistorija\/IMG_0368.fw_.png\"\n                 style=\"max-height: 380px;\"\/>\n        <\/a>\n\n        <\/div> \n<div id=\"ngg-image-2\" class=\"ngg-gallery-slideshow-image\" style=\"height:400px\">\n\n        <a href=\"http:\/\/narodnimuzejnis.rs\/wp-content\/gallery\/praistorija\/IMG_0369.fw_.png\"\n           title=\"\"\n           data-src=\"http:\/\/narodnimuzejnis.rs\/wp-content\/gallery\/praistorija\/IMG_0369.fw_.png\"\n           data-thumbnail=\"http:\/\/narodnimuzejnis.rs\/wp-content\/gallery\/praistorija\/thumbs\/thumbs_IMG_0369.fw_.png\"\n           data-image-id=\"1142\"\n           data-title=\"IMG_0369.fw_\"\n           data-description=\"\"\n           class=\"ngg-fancybox\" rel=\"a1848d6ad539e0bf7005a6624e16dd18\">\n\n            <img data-image-id='1142'\n                 title=\"\"\n                 alt=\"IMG_0369.fw_\"\n                 src=\"http:\/\/narodnimuzejnis.rs\/wp-content\/gallery\/praistorija\/IMG_0369.fw_.png\"\n                 style=\"max-height: 380px;\"\/>\n        <\/a>\n\n        <\/div> \n<div id=\"ngg-image-3\" class=\"ngg-gallery-slideshow-image\" style=\"height:400px\">\n\n        <a href=\"http:\/\/narodnimuzejnis.rs\/wp-content\/gallery\/praistorija\/D1000091.fw_.png\"\n           title=\"\"\n           data-src=\"http:\/\/narodnimuzejnis.rs\/wp-content\/gallery\/praistorija\/D1000091.fw_.png\"\n           data-thumbnail=\"http:\/\/narodnimuzejnis.rs\/wp-content\/gallery\/praistorija\/thumbs\/thumbs_D1000091.fw_.png\"\n           data-image-id=\"1143\"\n           data-title=\"D1000091.fw_\"\n           data-description=\"\"\n           class=\"ngg-fancybox\" rel=\"a1848d6ad539e0bf7005a6624e16dd18\">\n\n            <img data-image-id='1143'\n                 title=\"\"\n                 alt=\"D1000091.fw_\"\n                 src=\"http:\/\/narodnimuzejnis.rs\/wp-content\/gallery\/praistorija\/D1000091.fw_.png\"\n                 style=\"max-height: 380px;\"\/>\n        <\/a>\n\n        <\/div> \n<div id=\"ngg-image-4\" class=\"ngg-gallery-slideshow-image\" style=\"height:400px\">\n\n        <a href=\"http:\/\/narodnimuzejnis.rs\/wp-content\/gallery\/praistorija\/BOZ_0250.fw_.png\"\n           title=\"\"\n           data-src=\"http:\/\/narodnimuzejnis.rs\/wp-content\/gallery\/praistorija\/BOZ_0250.fw_.png\"\n           data-thumbnail=\"http:\/\/narodnimuzejnis.rs\/wp-content\/gallery\/praistorija\/thumbs\/thumbs_BOZ_0250.fw_.png\"\n           data-image-id=\"1144\"\n           data-title=\"BOZ_0250.fw_\"\n           data-description=\"\"\n           class=\"ngg-fancybox\" rel=\"a1848d6ad539e0bf7005a6624e16dd18\">\n\n            <img data-image-id='1144'\n                 title=\"\"\n                 alt=\"BOZ_0250.fw_\"\n                 src=\"http:\/\/narodnimuzejnis.rs\/wp-content\/gallery\/praistorija\/BOZ_0250.fw_.png\"\n                 style=\"max-height: 380px;\"\/>\n        <\/a>\n\n        <\/div> \n<div id=\"ngg-image-5\" class=\"ngg-gallery-slideshow-image\" style=\"height:400px\">\n\n        <a href=\"http:\/\/narodnimuzejnis.rs\/wp-content\/gallery\/praistorija\/bubanj2.fw_.png\"\n           title=\"\"\n           data-src=\"http:\/\/narodnimuzejnis.rs\/wp-content\/gallery\/praistorija\/bubanj2.fw_.png\"\n           data-thumbnail=\"http:\/\/narodnimuzejnis.rs\/wp-content\/gallery\/praistorija\/thumbs\/thumbs_bubanj2.fw_.png\"\n           data-image-id=\"1145\"\n           data-title=\"bubanj2.fw_\"\n           data-description=\"\"\n           class=\"ngg-fancybox\" rel=\"a1848d6ad539e0bf7005a6624e16dd18\">\n\n            <img data-image-id='1145'\n                 title=\"\"\n                 alt=\"bubanj2.fw_\"\n                 src=\"http:\/\/narodnimuzejnis.rs\/wp-content\/gallery\/praistorija\/bubanj2.fw_.png\"\n                 style=\"max-height: 380px;\"\/>\n        <\/a>\n\n        <\/div> \n<div id=\"ngg-image-6\" class=\"ngg-gallery-slideshow-image\" style=\"height:400px\">\n\n        <a href=\"http:\/\/narodnimuzejnis.rs\/wp-content\/gallery\/praistorija\/IMG_0371.fw_.png\"\n           title=\"\"\n           data-src=\"http:\/\/narodnimuzejnis.rs\/wp-content\/gallery\/praistorija\/IMG_0371.fw_.png\"\n           data-thumbnail=\"http:\/\/narodnimuzejnis.rs\/wp-content\/gallery\/praistorija\/thumbs\/thumbs_IMG_0371.fw_.png\"\n           data-image-id=\"1146\"\n           data-title=\"IMG_0371.fw_\"\n           data-description=\"\"\n           class=\"ngg-fancybox\" rel=\"a1848d6ad539e0bf7005a6624e16dd18\">\n\n            <img data-image-id='1146'\n                 title=\"\"\n                 alt=\"IMG_0371.fw_\"\n                 src=\"http:\/\/narodnimuzejnis.rs\/wp-content\/gallery\/praistorija\/IMG_0371.fw_.png\"\n                 style=\"max-height: 380px;\"\/>\n        <\/a>\n\n        <\/div> \n<div id=\"ngg-image-7\" class=\"ngg-gallery-slideshow-image\" style=\"height:400px\">\n\n        <a href=\"http:\/\/narodnimuzejnis.rs\/wp-content\/gallery\/praistorija\/IMG_0378.fw_.png\"\n           title=\"\"\n           data-src=\"http:\/\/narodnimuzejnis.rs\/wp-content\/gallery\/praistorija\/IMG_0378.fw_.png\"\n           data-thumbnail=\"http:\/\/narodnimuzejnis.rs\/wp-content\/gallery\/praistorija\/thumbs\/thumbs_IMG_0378.fw_.png\"\n           data-image-id=\"1147\"\n           data-title=\"IMG_0378.fw_\"\n           data-description=\"\"\n           class=\"ngg-fancybox\" rel=\"a1848d6ad539e0bf7005a6624e16dd18\">\n\n            <img data-image-id='1147'\n                 title=\"\"\n                 alt=\"IMG_0378.fw_\"\n                 src=\"http:\/\/narodnimuzejnis.rs\/wp-content\/gallery\/praistorija\/IMG_0378.fw_.png\"\n                 style=\"max-height: 380px;\"\/>\n        <\/a>\n\n        <\/div> \n<div id=\"ngg-image-8\" class=\"ngg-gallery-slideshow-image\" style=\"height:400px\">\n\n        <a href=\"http:\/\/narodnimuzejnis.rs\/wp-content\/gallery\/praistorija\/IMG_0374.fw_.png\"\n           title=\"\"\n           data-src=\"http:\/\/narodnimuzejnis.rs\/wp-content\/gallery\/praistorija\/IMG_0374.fw_.png\"\n           data-thumbnail=\"http:\/\/narodnimuzejnis.rs\/wp-content\/gallery\/praistorija\/thumbs\/thumbs_IMG_0374.fw_.png\"\n           data-image-id=\"1148\"\n           data-title=\"IMG_0374.fw_\"\n           data-description=\"\"\n           class=\"ngg-fancybox\" rel=\"a1848d6ad539e0bf7005a6624e16dd18\">\n\n            <img data-image-id='1148'\n                 title=\"\"\n                 alt=\"IMG_0374.fw_\"\n                 src=\"http:\/\/narodnimuzejnis.rs\/wp-content\/gallery\/praistorija\/IMG_0374.fw_.png\"\n                 style=\"max-height: 380px;\"\/>\n        <\/a>\n\n        <\/div> \n<div id=\"ngg-image-9\" class=\"ngg-gallery-slideshow-image\" style=\"height:400px\">\n\n        <a href=\"http:\/\/narodnimuzejnis.rs\/wp-content\/gallery\/praistorija\/IMG_0379.fw_.png\"\n           title=\"\"\n           data-src=\"http:\/\/narodnimuzejnis.rs\/wp-content\/gallery\/praistorija\/IMG_0379.fw_.png\"\n           data-thumbnail=\"http:\/\/narodnimuzejnis.rs\/wp-content\/gallery\/praistorija\/thumbs\/thumbs_IMG_0379.fw_.png\"\n           data-image-id=\"1149\"\n           data-title=\"IMG_0379.fw_\"\n           data-description=\"\"\n           class=\"ngg-fancybox\" rel=\"a1848d6ad539e0bf7005a6624e16dd18\">\n\n            <img data-image-id='1149'\n                 title=\"\"\n                 alt=\"IMG_0379.fw_\"\n                 src=\"http:\/\/narodnimuzejnis.rs\/wp-content\/gallery\/praistorija\/IMG_0379.fw_.png\"\n                 style=\"max-height: 380px;\"\/>\n        <\/a>\n\n        <\/div> \n<div id=\"ngg-image-10\" class=\"ngg-gallery-slideshow-image\" style=\"height:400px\">\n\n        <a href=\"http:\/\/narodnimuzejnis.rs\/wp-content\/gallery\/praistorija\/IMG_0373.fw_.png\"\n           title=\"\"\n           data-src=\"http:\/\/narodnimuzejnis.rs\/wp-content\/gallery\/praistorija\/IMG_0373.fw_.png\"\n           data-thumbnail=\"http:\/\/narodnimuzejnis.rs\/wp-content\/gallery\/praistorija\/thumbs\/thumbs_IMG_0373.fw_.png\"\n           data-image-id=\"1150\"\n           data-title=\"IMG_0373.fw_\"\n           data-description=\"\"\n           class=\"ngg-fancybox\" rel=\"a1848d6ad539e0bf7005a6624e16dd18\">\n\n            <img data-image-id='1150'\n                 title=\"\"\n                 alt=\"IMG_0373.fw_\"\n                 src=\"http:\/\/narodnimuzejnis.rs\/wp-content\/gallery\/praistorija\/IMG_0373.fw_.png\"\n                 style=\"max-height: 380px;\"\/>\n        <\/a>\n\n        <\/div> \n<div id=\"ngg-image-11\" class=\"ngg-gallery-slideshow-image\" style=\"height:400px\">\n\n        <a href=\"http:\/\/narodnimuzejnis.rs\/wp-content\/gallery\/praistorija\/IMG_0380.fw_.png\"\n           title=\"\"\n           data-src=\"http:\/\/narodnimuzejnis.rs\/wp-content\/gallery\/praistorija\/IMG_0380.fw_.png\"\n           data-thumbnail=\"http:\/\/narodnimuzejnis.rs\/wp-content\/gallery\/praistorija\/thumbs\/thumbs_IMG_0380.fw_.png\"\n           data-image-id=\"1151\"\n           data-title=\"IMG_0380.fw_\"\n           data-description=\"\"\n           class=\"ngg-fancybox\" rel=\"a1848d6ad539e0bf7005a6624e16dd18\">\n\n            <img data-image-id='1151'\n                 title=\"\"\n                 alt=\"IMG_0380.fw_\"\n                 src=\"http:\/\/narodnimuzejnis.rs\/wp-content\/gallery\/praistorija\/IMG_0380.fw_.png\"\n                 style=\"max-height: 380px;\"\/>\n        <\/a>\n\n        <\/div> \n<div id=\"ngg-image-12\" class=\"ngg-gallery-slideshow-image\" style=\"height:400px\">\n\n        <a href=\"http:\/\/narodnimuzejnis.rs\/wp-content\/gallery\/praistorija\/IMG_0386.fw_.png\"\n           title=\"\"\n           data-src=\"http:\/\/narodnimuzejnis.rs\/wp-content\/gallery\/praistorija\/IMG_0386.fw_.png\"\n           data-thumbnail=\"http:\/\/narodnimuzejnis.rs\/wp-content\/gallery\/praistorija\/thumbs\/thumbs_IMG_0386.fw_.png\"\n           data-image-id=\"1152\"\n           data-title=\"IMG_0386.fw_\"\n           data-description=\"\"\n           class=\"ngg-fancybox\" rel=\"a1848d6ad539e0bf7005a6624e16dd18\">\n\n            <img data-image-id='1152'\n                 title=\"\"\n                 alt=\"IMG_0386.fw_\"\n                 src=\"http:\/\/narodnimuzejnis.rs\/wp-content\/gallery\/praistorija\/IMG_0386.fw_.png\"\n                 style=\"max-height: 380px;\"\/>\n        <\/a>\n\n        <\/div> \n<div id=\"ngg-image-13\" class=\"ngg-gallery-slideshow-image\" style=\"height:400px\">\n\n        <a href=\"http:\/\/narodnimuzejnis.rs\/wp-content\/gallery\/praistorija\/IMG_2916.fw_.png\"\n           title=\"\"\n           data-src=\"http:\/\/narodnimuzejnis.rs\/wp-content\/gallery\/praistorija\/IMG_2916.fw_.png\"\n           data-thumbnail=\"http:\/\/narodnimuzejnis.rs\/wp-content\/gallery\/praistorija\/thumbs\/thumbs_IMG_2916.fw_.png\"\n           data-image-id=\"1153\"\n           data-title=\"IMG_2916.fw_\"\n           data-description=\"\"\n           class=\"ngg-fancybox\" rel=\"a1848d6ad539e0bf7005a6624e16dd18\">\n\n            <img data-image-id='1153'\n                 title=\"\"\n                 alt=\"IMG_2916.fw_\"\n                 src=\"http:\/\/narodnimuzejnis.rs\/wp-content\/gallery\/praistorija\/IMG_2916.fw_.png\"\n                 style=\"max-height: 380px;\"\/>\n        <\/a>\n\n        <\/div> \n<div id=\"ngg-image-14\" class=\"ngg-gallery-slideshow-image\" style=\"height:400px\">\n\n        <a href=\"http:\/\/narodnimuzejnis.rs\/wp-content\/gallery\/praistorija\/IMG_2918.fw_.png\"\n           title=\"\"\n           data-src=\"http:\/\/narodnimuzejnis.rs\/wp-content\/gallery\/praistorija\/IMG_2918.fw_.png\"\n           data-thumbnail=\"http:\/\/narodnimuzejnis.rs\/wp-content\/gallery\/praistorija\/thumbs\/thumbs_IMG_2918.fw_.png\"\n           data-image-id=\"1154\"\n           data-title=\"IMG_2918.fw_\"\n           data-description=\"\"\n           class=\"ngg-fancybox\" rel=\"a1848d6ad539e0bf7005a6624e16dd18\">\n\n            <img data-image-id='1154'\n                 title=\"\"\n                 alt=\"IMG_2918.fw_\"\n                 src=\"http:\/\/narodnimuzejnis.rs\/wp-content\/gallery\/praistorija\/IMG_2918.fw_.png\"\n                 style=\"max-height: 380px;\"\/>\n        <\/a>\n\n        <\/div> \n<div id=\"ngg-image-15\" class=\"ngg-gallery-slideshow-image\" style=\"height:400px\">\n\n        <a href=\"http:\/\/narodnimuzejnis.rs\/wp-content\/gallery\/praistorija\/p1.fw_.png\"\n           title=\"\"\n           data-src=\"http:\/\/narodnimuzejnis.rs\/wp-content\/gallery\/praistorija\/p1.fw_.png\"\n           data-thumbnail=\"http:\/\/narodnimuzejnis.rs\/wp-content\/gallery\/praistorija\/thumbs\/thumbs_p1.fw_.png\"\n           data-image-id=\"1155\"\n           data-title=\"p1.fw_\"\n           data-description=\"\"\n           class=\"ngg-fancybox\" rel=\"a1848d6ad539e0bf7005a6624e16dd18\">\n\n            <img data-image-id='1155'\n                 title=\"\"\n                 alt=\"p1.fw_\"\n                 src=\"http:\/\/narodnimuzejnis.rs\/wp-content\/gallery\/praistorija\/p1.fw_.png\"\n                 style=\"max-height: 380px;\"\/>\n        <\/a>\n\n        <\/div> \n<div id=\"ngg-image-16\" class=\"ngg-gallery-slideshow-image\" style=\"height:400px\">\n\n        <a href=\"http:\/\/narodnimuzejnis.rs\/wp-content\/gallery\/praistorija\/p2.fw_.png\"\n           title=\"\"\n           data-src=\"http:\/\/narodnimuzejnis.rs\/wp-content\/gallery\/praistorija\/p2.fw_.png\"\n           data-thumbnail=\"http:\/\/narodnimuzejnis.rs\/wp-content\/gallery\/praistorija\/thumbs\/thumbs_p2.fw_.png\"\n           data-image-id=\"1156\"\n           data-title=\"p2.fw_\"\n           data-description=\"\"\n           class=\"ngg-fancybox\" rel=\"a1848d6ad539e0bf7005a6624e16dd18\">\n\n            <img data-image-id='1156'\n                 title=\"\"\n                 alt=\"p2.fw_\"\n                 src=\"http:\/\/narodnimuzejnis.rs\/wp-content\/gallery\/praistorija\/p2.fw_.png\"\n                 style=\"max-height: 380px;\"\/>\n        <\/a>\n\n        <\/div> \n<div id=\"ngg-image-17\" class=\"ngg-gallery-slideshow-image\" style=\"height:400px\">\n\n        <a href=\"http:\/\/narodnimuzejnis.rs\/wp-content\/gallery\/praistorija\/p3.fw_.png\"\n           title=\"\"\n           data-src=\"http:\/\/narodnimuzejnis.rs\/wp-content\/gallery\/praistorija\/p3.fw_.png\"\n           data-thumbnail=\"http:\/\/narodnimuzejnis.rs\/wp-content\/gallery\/praistorija\/thumbs\/thumbs_p3.fw_.png\"\n           data-image-id=\"1157\"\n           data-title=\"p3.fw_\"\n           data-description=\"\"\n           class=\"ngg-fancybox\" rel=\"a1848d6ad539e0bf7005a6624e16dd18\">\n\n            <img data-image-id='1157'\n                 title=\"\"\n                 alt=\"p3.fw_\"\n                 src=\"http:\/\/narodnimuzejnis.rs\/wp-content\/gallery\/praistorija\/p3.fw_.png\"\n                 style=\"max-height: 380px;\"\/>\n        <\/a>\n\n        <\/div> \n<div id=\"ngg-image-18\" class=\"ngg-gallery-slideshow-image\" style=\"height:400px\">\n\n        <a href=\"http:\/\/narodnimuzejnis.rs\/wp-content\/gallery\/praistorija\/s.fw_.png\"\n           title=\"\"\n           data-src=\"http:\/\/narodnimuzejnis.rs\/wp-content\/gallery\/praistorija\/s.fw_.png\"\n           data-thumbnail=\"http:\/\/narodnimuzejnis.rs\/wp-content\/gallery\/praistorija\/thumbs\/thumbs_s.fw_.png\"\n           data-image-id=\"1158\"\n           data-title=\"s.fw_\"\n           data-description=\"\"\n           class=\"ngg-fancybox\" rel=\"a1848d6ad539e0bf7005a6624e16dd18\">\n\n            <img data-image-id='1158'\n                 title=\"\"\n                 alt=\"s.fw_\"\n                 src=\"http:\/\/narodnimuzejnis.rs\/wp-content\/gallery\/praistorija\/s.fw_.png\"\n                 style=\"max-height: 380px;\"\/>\n        <\/a>\n\n        <\/div> \n<\/div>\n\n\n\n\n\n\n\n<p>U zbirci praistorije \u010duvaju se predmeti koji svedo\u010de o kontinuiranom trajanju \u017eivota od ranog neolita do dolaska Rimljana. Zbirka sadr\u017ei preko 5000 artefakata, od kojih je oko 1500 o\u010duvano u celosti ili sa manjim o\u0161te\u0107enjima, ili je pak rekonstruisano. Najve\u0107i broj predmeta od keramike, kamena, metala i kosti, dospeo je u zbirku sistematskim i revizionim iskopavanjima, rekognosciranjem, ili kao slu\u010dajni nalaz putem poklona ili otkupom. Prezentacijom najvrednijih arheolo\u0161kih eksponata i primenom fragmentovane rekonstrukcije pojedinih objekata, upotrebom savremene tehnologije, fotografija, i sintezom razli\u010ditih umetnosti, do\u010darava se na\u010din \u017eivota stanovni\u0161tva, ekonomski razvoj, dru\u0161tvena struktura, umetnost i duhovnost \u2013 religijska misao od po\u010detka naseljavanja \u010doveka na ovim prostorima.<\/p>\n\n\n\n<p><\/p>","protected":false},"excerpt":{"rendered":"<p>U zbirci praistorije \u010duvaju se predmeti koji svedo\u010de o kontinuiranom trajanju \u017eivota od ranog neolita do dolaska Rimljana. Zbirka sadr\u017ei preko 5000 artefakata, od kojih &hellip;<\/p>\n","protected":false},"author":1,"featured_media":0,"parent":49,"menu_order":1,"comment_status":"closed","ping_status":"closed","template":"","meta":{"ngg_post_thumbnail":0,"_links_to":"","_links_to_target":""},"_links":{"self":[{"href":"http:\/\/narodnimuzejnis.rs\/RS\/wp-json\/wp\/v2\/pages\/51"}],"collection":[{"href":"http:\/\/narodnimuzejnis.rs\/RS\/wp-json\/wp\/v2\/pages"}],"about":[{"href":"http:\/\/narodnimuzejnis.rs\/RS\/wp-json\/wp\/v2\/types\/page"}],"author":[{"embeddable":true,"href":"http:\/\/narodnimuzejnis.rs\/RS\/wp-json\/wp\/v2\/users\/1"}],"replies":[{"embeddable":true,"href":"http:\/\/narodnimuzejnis.rs\/RS\/wp-json\/wp\/v2\/comments?post=51"}],"version-history":[{"count":14,"href":"http:\/\/narodnimuzejnis.rs\/RS\/wp-json\/wp\/v2\/pages\/51\/revisions"}],"predecessor-version":[{"id":7618,"href":"http:\/\/narodnimuzejnis.rs\/RS\/wp-json\/wp\/v2\/pages\/51\/revisions\/7618"}],"up":[{"embeddable":true,"href":"http:\/\/narodnimuzejnis.rs\/RS\/wp-json\/wp\/v2\/pages\/49"}],"wp:attachment":[{"href":"http:\/\/narodnimuzejnis.rs\/RS\/wp-json\/wp\/v2\/media?parent=51"}],"curies":[{"name":"wp","href":"https:\/\/api.w.org\/{rel}","templated":true}]}}