{"id":3334,"date":"2018-10-31T14:38:39","date_gmt":"2018-10-31T13:38:39","guid":{"rendered":"http:\/\/narodnimuzejnis.rs\/?page_id=3334"},"modified":"2023-02-23T12:18:18","modified_gmt":"2023-02-23T11:18:18","slug":"http-narodnimuzejnis-rs-o-muzeju-objekti-%d0%ba%d1%9a%d0%b8%d0%b6%d0%b5%d0%b2%d0%bd%d0%be-%d0%bc%d0%b5%d0%bc%d0%be%d1%80%d0%b8%d1%98%d0%b0%d0%bb%d0%bd%d0%b0-%d0%bf%d0%be%d1%81%d1%82%d0%b0%d0%b2%d0%ba","status":"publish","type":"page","link":"http:\/\/narodnimuzejnis.rs\/RS\/o-muzeju\/objekti\/http-narodnimuzejnis-rs-o-muzeju-objekti-%d0%ba%d1%9a%d0%b8%d0%b6%d0%b5%d0%b2%d0%bd%d0%be-%d0%bc%d0%b5%d0%bc%d0%be%d1%80%d0%b8%d1%98%d0%b0%d0%bb%d0%bd%d0%b0-%d0%bf%d0%be%d1%81%d1%82%d0%b0%d0%b2%d0%ba\/","title":{"rendered":"Knji\u017eevno-memorijalna postavka \u201eStevan Sremac\/Branko Miljkovi\u0107\u201d"},"content":{"rendered":"<p><\/p>\n\n\n\n<p>Dugi niz godina, tokom kojih su stalne postavke spomen-soba Stevana Sremca i Branka Miljkovi\u0107a, zbog nedostatka prostora bile uskra\u0107ene javnosti, u aprilu 2018. godine, otvorene su za publiku. Zalaganjem \u010delnika Grada Ni\u0161a, Narodnom muzeju je dodeljen prostor u ulici Aleksandra Nenadovi\u0107a 2a.<\/p>\n\n\n\n<p>Zaostav\u0161tina Stevana Sremca se u Muzeju nalazi od 1951. godine zahvaljuju\u0107i dvojici Ni\u0161lija, Aleksandru Nenadovi\u0107u (upravniku Muzeja) i Bori Gojkovi\u0107u (advokatu iz Ni\u0161a). Od Srem\u010devog prijatelja Milorada Pavlovi\u0107a Krpe, otkupljena je skoro celokupna zaostav\u0161tina i predata Muzeju, koji se do danas o njoj brine. Zaostav\u0161tina sadr\u017ei li\u010dne predmete, rukopise, pi\u0161\u010devu biblioteku i ne\u0161to rukopisa Srem\u010devog ujaka Jovana \u0110or\u0111evi\u0107a. Na stalnoj postavci se mo\u017ee videti rekonstruisani ambijent radne sobe Stevana Sremca kao i originali rukopisa ovog slavnog pisca.<\/p>\n\n\n\n<p>Porodica Branka Miljkovi\u0107a je 1971. godine, Narodnom muzeju Ni\u0161, poklonila pesnikovu zaostav\u0161tinu,&nbsp;sa napomenom:&nbsp;&nbsp;<em>Drage Ni\u0161lije, Branko nije stigao da vam se vrati, ali se vratilo njegovo delo i radna soba. \u010cuvajte i jedno i drugo, jer je od danas&nbsp;to va\u0161e<\/em>&nbsp;(majka Marija, otac Gligorije, brat Dragi\u0161a Miljkovi\u0107).<\/p>\n\n\n\n<p>U zaostav\u0161tini se nalaze li\u010dni predmeti, fotografije, rukopisi, kao i pesnikova biblioteka. Izlo\u017eena je rekonstruisana radna soba pesnika, kao i jedan deo pomenutih rukopisa, biblioteke i li\u010dnih predmeta.<\/p>\n\n\n\n<!-- index.php -->\n<div\n\tclass=\"ngg-galleryoverview ngg-ajax-pagination-none\"\n\tid=\"ngg-gallery-6c9e26a80a051ae7d9de4ef890597934-1\">\n\n    \t\t<!-- Thumbnails -->\n\t\t\t\t<div id=\"ngg-image-0\" class=\"ngg-gallery-thumbnail-box\" >\n\t\t\t\t        <div class=\"ngg-gallery-thumbnail\">\n            <a href=\"http:\/\/narodnimuzejnis.rs\/wp-content\/uploads\/sites\/1\/nggallery\/ss-bm\/1.jpg\"\n               title=\"\"\n               data-src=\"http:\/\/narodnimuzejnis.rs\/wp-content\/uploads\/sites\/1\/nggallery\/ss-bm\/1.jpg\"\n               data-thumbnail=\"http:\/\/narodnimuzejnis.rs\/wp-content\/uploads\/sites\/1\/nggallery\/ss-bm\/thumbs\/thumbs_1.jpg\"\n               data-image-id=\"466\"\n               data-title=\"1\"\n               data-description=\"\"\n               data-image-slug=\"1-16\"\n               class=\"ngg-fancybox\" rel=\"6c9e26a80a051ae7d9de4ef890597934\">\n                <img\n                    title=\"1\"\n                    alt=\"1\"\n                    src=\"http:\/\/narodnimuzejnis.rs\/wp-content\/uploads\/sites\/1\/nggallery\/ss-bm\/cache\/1.jpg-nggid03466-ngg0dyn-220x165x100-00f0w010c011r110f110r010t010.jpg\"\n                    width=\"220\"\n                    height=\"165\"\n                    style=\"max-width:100%;\"\n                \/>\n            <\/a>\n        <\/div>\n\t\t\t\t\t\t\t<\/div> \n\t\t\t\n        \n\t\t\t\t<div id=\"ngg-image-1\" class=\"ngg-gallery-thumbnail-box\" >\n\t\t\t\t        <div class=\"ngg-gallery-thumbnail\">\n            <a href=\"http:\/\/narodnimuzejnis.rs\/wp-content\/uploads\/sites\/1\/nggallery\/ss-bm\/2.jpg\"\n               title=\"\"\n               data-src=\"http:\/\/narodnimuzejnis.rs\/wp-content\/uploads\/sites\/1\/nggallery\/ss-bm\/2.jpg\"\n               data-thumbnail=\"http:\/\/narodnimuzejnis.rs\/wp-content\/uploads\/sites\/1\/nggallery\/ss-bm\/thumbs\/thumbs_2.jpg\"\n               data-image-id=\"467\"\n               data-title=\"2\"\n               data-description=\"\"\n               data-image-slug=\"2-15\"\n               class=\"ngg-fancybox\" rel=\"6c9e26a80a051ae7d9de4ef890597934\">\n                <img\n                    title=\"2\"\n                    alt=\"2\"\n                    src=\"http:\/\/narodnimuzejnis.rs\/wp-content\/uploads\/sites\/1\/nggallery\/ss-bm\/cache\/2.jpg-nggid03467-ngg0dyn-220x165x100-00f0w010c011r110f110r010t010.jpg\"\n                    width=\"220\"\n                    height=\"165\"\n                    style=\"max-width:100%;\"\n                \/>\n            <\/a>\n        <\/div>\n\t\t\t\t\t\t\t<\/div> \n\t\t\t\n        \n\t\t\t\t<div id=\"ngg-image-2\" class=\"ngg-gallery-thumbnail-box\" >\n\t\t\t\t        <div class=\"ngg-gallery-thumbnail\">\n            <a href=\"http:\/\/narodnimuzejnis.rs\/wp-content\/uploads\/sites\/1\/nggallery\/ss-bm\/3.jpg\"\n               title=\"\"\n               data-src=\"http:\/\/narodnimuzejnis.rs\/wp-content\/uploads\/sites\/1\/nggallery\/ss-bm\/3.jpg\"\n               data-thumbnail=\"http:\/\/narodnimuzejnis.rs\/wp-content\/uploads\/sites\/1\/nggallery\/ss-bm\/thumbs\/thumbs_3.jpg\"\n               data-image-id=\"468\"\n               data-title=\"3\"\n               data-description=\"\"\n               data-image-slug=\"3-15\"\n               class=\"ngg-fancybox\" rel=\"6c9e26a80a051ae7d9de4ef890597934\">\n                <img\n                    title=\"3\"\n                    alt=\"3\"\n                    src=\"http:\/\/narodnimuzejnis.rs\/wp-content\/uploads\/sites\/1\/nggallery\/ss-bm\/cache\/3.jpg-nggid03468-ngg0dyn-220x165x100-00f0w010c011r110f110r010t010.jpg\"\n                    width=\"220\"\n                    height=\"165\"\n                    style=\"max-width:100%;\"\n                \/>\n            <\/a>\n        <\/div>\n\t\t\t\t\t\t\t<\/div> \n\t\t\t\n        \n\t\t\t\t<div id=\"ngg-image-3\" class=\"ngg-gallery-thumbnail-box\" style=\"display: none;\">\n\t\t\t\t        <div class=\"ngg-gallery-thumbnail\">\n            <a href=\"http:\/\/narodnimuzejnis.rs\/wp-content\/uploads\/sites\/1\/nggallery\/ss-bm\/4.jpg\"\n               title=\"\"\n               data-src=\"http:\/\/narodnimuzejnis.rs\/wp-content\/uploads\/sites\/1\/nggallery\/ss-bm\/4.jpg\"\n               data-thumbnail=\"http:\/\/narodnimuzejnis.rs\/wp-content\/uploads\/sites\/1\/nggallery\/ss-bm\/thumbs\/thumbs_4.jpg\"\n               data-image-id=\"469\"\n               data-title=\"4\"\n               data-description=\"\"\n               data-image-slug=\"4-13\"\n               class=\"ngg-fancybox\" rel=\"6c9e26a80a051ae7d9de4ef890597934\">\n                <img\n                    title=\"4\"\n                    alt=\"4\"\n                    src=\"http:\/\/narodnimuzejnis.rs\/wp-content\/uploads\/sites\/1\/nggallery\/ss-bm\/cache\/4.jpg-nggid03469-ngg0dyn-220x165x100-00f0w010c011r110f110r010t010.jpg\"\n                    width=\"220\"\n                    height=\"165\"\n                    style=\"max-width:100%;\"\n                \/>\n            <\/a>\n        <\/div>\n\t\t\t\t\t\t\t<\/div> \n\t\t\t\n        \n\t\t\t\t<div id=\"ngg-image-4\" class=\"ngg-gallery-thumbnail-box\" style=\"display: none;\">\n\t\t\t\t        <div class=\"ngg-gallery-thumbnail\">\n            <a href=\"http:\/\/narodnimuzejnis.rs\/wp-content\/uploads\/sites\/1\/nggallery\/ss-bm\/5.jpg\"\n               title=\"\"\n               data-src=\"http:\/\/narodnimuzejnis.rs\/wp-content\/uploads\/sites\/1\/nggallery\/ss-bm\/5.jpg\"\n               data-thumbnail=\"http:\/\/narodnimuzejnis.rs\/wp-content\/uploads\/sites\/1\/nggallery\/ss-bm\/thumbs\/thumbs_5.jpg\"\n               data-image-id=\"1006\"\n               data-title=\"5\"\n               data-description=\"\"\n               data-image-slug=\"5-17\"\n               class=\"ngg-fancybox\" rel=\"6c9e26a80a051ae7d9de4ef890597934\">\n                <img\n                    title=\"5\"\n                    alt=\"5\"\n                    src=\"http:\/\/narodnimuzejnis.rs\/wp-content\/uploads\/sites\/1\/nggallery\/ss-bm\/cache\/5.jpg-nggid041006-ngg0dyn-220x165x100-00f0w010c011r110f110r010t010.jpg\"\n                    width=\"220\"\n                    height=\"165\"\n                    style=\"max-width:100%;\"\n                \/>\n            <\/a>\n        <\/div>\n\t\t\t\t\t\t\t<\/div> \n\t\t\t\n        \n\t\t\t\t<div id=\"ngg-image-5\" class=\"ngg-gallery-thumbnail-box\" style=\"display: none;\">\n\t\t\t\t        <div class=\"ngg-gallery-thumbnail\">\n            <a href=\"http:\/\/narodnimuzejnis.rs\/wp-content\/uploads\/sites\/1\/nggallery\/ss-bm\/6.jpg\"\n               title=\"\"\n               data-src=\"http:\/\/narodnimuzejnis.rs\/wp-content\/uploads\/sites\/1\/nggallery\/ss-bm\/6.jpg\"\n               data-thumbnail=\"http:\/\/narodnimuzejnis.rs\/wp-content\/uploads\/sites\/1\/nggallery\/ss-bm\/thumbs\/thumbs_6.jpg\"\n               data-image-id=\"1007\"\n               data-title=\"6\"\n               data-description=\"\"\n               data-image-slug=\"6-11\"\n               class=\"ngg-fancybox\" rel=\"6c9e26a80a051ae7d9de4ef890597934\">\n                <img\n                    title=\"6\"\n                    alt=\"6\"\n                    src=\"http:\/\/narodnimuzejnis.rs\/wp-content\/uploads\/sites\/1\/nggallery\/ss-bm\/cache\/6.jpg-nggid041007-ngg0dyn-220x165x100-00f0w010c011r110f110r010t010.jpg\"\n                    width=\"220\"\n                    height=\"165\"\n                    style=\"max-width:100%;\"\n                \/>\n            <\/a>\n        <\/div>\n\t\t\t\t\t\t\t<\/div> \n\t\t\t\n        \n\t\t\t\t<div id=\"ngg-image-6\" class=\"ngg-gallery-thumbnail-box\" style=\"display: none;\">\n\t\t\t\t        <div class=\"ngg-gallery-thumbnail\">\n            <a href=\"http:\/\/narodnimuzejnis.rs\/wp-content\/uploads\/sites\/1\/nggallery\/ss-bm\/7.jpg\"\n               title=\"\"\n               data-src=\"http:\/\/narodnimuzejnis.rs\/wp-content\/uploads\/sites\/1\/nggallery\/ss-bm\/7.jpg\"\n               data-thumbnail=\"http:\/\/narodnimuzejnis.rs\/wp-content\/uploads\/sites\/1\/nggallery\/ss-bm\/thumbs\/thumbs_7.jpg\"\n               data-image-id=\"1008\"\n               data-title=\"7\"\n               data-description=\"\"\n               data-image-slug=\"7-7\"\n               class=\"ngg-fancybox\" rel=\"6c9e26a80a051ae7d9de4ef890597934\">\n                <img\n                    title=\"7\"\n                    alt=\"7\"\n                    src=\"http:\/\/narodnimuzejnis.rs\/wp-content\/uploads\/sites\/1\/nggallery\/ss-bm\/cache\/7.jpg-nggid041008-ngg0dyn-220x165x100-00f0w010c011r110f110r010t010.jpg\"\n                    width=\"220\"\n                    height=\"165\"\n                    style=\"max-width:100%;\"\n                \/>\n            <\/a>\n        <\/div>\n\t\t\t\t\t\t\t<\/div> \n\t\t\t\n        \n\t\t\t\t<div id=\"ngg-image-7\" class=\"ngg-gallery-thumbnail-box\" style=\"display: none;\">\n\t\t\t\t        <div class=\"ngg-gallery-thumbnail\">\n            <a href=\"http:\/\/narodnimuzejnis.rs\/wp-content\/uploads\/sites\/1\/nggallery\/ss-bm\/8.jpg\"\n               title=\"\"\n               data-src=\"http:\/\/narodnimuzejnis.rs\/wp-content\/uploads\/sites\/1\/nggallery\/ss-bm\/8.jpg\"\n               data-thumbnail=\"http:\/\/narodnimuzejnis.rs\/wp-content\/uploads\/sites\/1\/nggallery\/ss-bm\/thumbs\/thumbs_8.jpg\"\n               data-image-id=\"1009\"\n               data-title=\"8\"\n               data-description=\"\"\n               data-image-slug=\"8-4\"\n               class=\"ngg-fancybox\" rel=\"6c9e26a80a051ae7d9de4ef890597934\">\n                <img\n                    title=\"8\"\n                    alt=\"8\"\n                    src=\"http:\/\/narodnimuzejnis.rs\/wp-content\/uploads\/sites\/1\/nggallery\/ss-bm\/cache\/8.jpg-nggid041009-ngg0dyn-220x165x100-00f0w010c011r110f110r010t010.jpg\"\n                    width=\"220\"\n                    height=\"165\"\n                    style=\"max-width:100%;\"\n                \/>\n            <\/a>\n        <\/div>\n\t\t\t\t\t\t\t<\/div> \n\t\t\t\n        \n\t\t\t\t<div id=\"ngg-image-8\" class=\"ngg-gallery-thumbnail-box\" style=\"display: none;\">\n\t\t\t\t        <div class=\"ngg-gallery-thumbnail\">\n            <a href=\"http:\/\/narodnimuzejnis.rs\/wp-content\/uploads\/sites\/1\/nggallery\/ss-bm\/9.jpg\"\n               title=\"\"\n               data-src=\"http:\/\/narodnimuzejnis.rs\/wp-content\/uploads\/sites\/1\/nggallery\/ss-bm\/9.jpg\"\n               data-thumbnail=\"http:\/\/narodnimuzejnis.rs\/wp-content\/uploads\/sites\/1\/nggallery\/ss-bm\/thumbs\/thumbs_9.jpg\"\n               data-image-id=\"1010\"\n               data-title=\"9\"\n               data-description=\"\"\n               data-image-slug=\"9-2\"\n               class=\"ngg-fancybox\" rel=\"6c9e26a80a051ae7d9de4ef890597934\">\n                <img\n                    title=\"9\"\n                    alt=\"9\"\n                    src=\"http:\/\/narodnimuzejnis.rs\/wp-content\/uploads\/sites\/1\/nggallery\/ss-bm\/cache\/9.jpg-nggid041010-ngg0dyn-220x165x100-00f0w010c011r110f110r010t010.jpg\"\n                    width=\"220\"\n                    height=\"165\"\n                    style=\"max-width:100%;\"\n                \/>\n            <\/a>\n        <\/div>\n\t\t\t\t\t\t\t<\/div> \n\t\t\t\n        \n\t\t\n\t\t<!-- Pagination -->\n\t<div class='ngg-navigation'><span class='current'>1<\/span>\n<a class='page-numbers' data-pageid='2' href='http:\/\/narodnimuzejnis.rs\/RS\/o-muzeju\/objekti\/http-narodnimuzejnis-rs-o-muzeju-objekti-%d0%ba%d1%9a%d0%b8%d0%b6%d0%b5%d0%b2%d0%bd%d0%be-%d0%bc%d0%b5%d0%bc%d0%be%d1%80%d0%b8%d1%98%d0%b0%d0%bb%d0%bd%d0%b0-%d0%bf%d0%be%d1%81%d1%82%d0%b0%d0%b2%d0%ba\/nggallery\/page\/2'>2<\/a>\n<a class='page-numbers' data-pageid='3' href='http:\/\/narodnimuzejnis.rs\/RS\/o-muzeju\/objekti\/http-narodnimuzejnis-rs-o-muzeju-objekti-%d0%ba%d1%9a%d0%b8%d0%b6%d0%b5%d0%b2%d0%bd%d0%be-%d0%bc%d0%b5%d0%bc%d0%be%d1%80%d0%b8%d1%98%d0%b0%d0%bb%d0%bd%d0%b0-%d0%bf%d0%be%d1%81%d1%82%d0%b0%d0%b2%d0%ba\/nggallery\/page\/3'>3<\/a>\n<a class='prev' href='http:\/\/narodnimuzejnis.rs\/RS\/o-muzeju\/objekti\/http-narodnimuzejnis-rs-o-muzeju-objekti-%d0%ba%d1%9a%d0%b8%d0%b6%d0%b5%d0%b2%d0%bd%d0%be-%d0%bc%d0%b5%d0%bc%d0%be%d1%80%d0%b8%d1%98%d0%b0%d0%bb%d0%bd%d0%b0-%d0%bf%d0%be%d1%81%d1%82%d0%b0%d0%b2%d0%ba\/nggallery\/page\/2' data-pageid=2>&#9658;<\/a><\/div>\t<\/div>\n\n\n\n\n<p><\/p>","protected":false},"excerpt":{"rendered":"<p>Dugi niz godina, tokom kojih su stalne postavke spomen-soba Stevana Sremca i Branka Miljkovi\u0107a, zbog nedostatka prostora bile uskra\u0107ene javnosti, u aprilu 2018. godine, otvorene &hellip;<\/p>\n","protected":false},"author":1,"featured_media":0,"parent":45,"menu_order":6,"comment_status":"closed","ping_status":"closed","template":"","meta":{"ngg_post_thumbnail":0,"_links_to":"","_links_to_target":""},"_links":{"self":[{"href":"http:\/\/narodnimuzejnis.rs\/RS\/wp-json\/wp\/v2\/pages\/3334"}],"collection":[{"href":"http:\/\/narodnimuzejnis.rs\/RS\/wp-json\/wp\/v2\/pages"}],"about":[{"href":"http:\/\/narodnimuzejnis.rs\/RS\/wp-json\/wp\/v2\/types\/page"}],"author":[{"embeddable":true,"href":"http:\/\/narodnimuzejnis.rs\/RS\/wp-json\/wp\/v2\/users\/1"}],"replies":[{"embeddable":true,"href":"http:\/\/narodnimuzejnis.rs\/RS\/wp-json\/wp\/v2\/comments?post=3334"}],"version-history":[{"count":5,"href":"http:\/\/narodnimuzejnis.rs\/RS\/wp-json\/wp\/v2\/pages\/3334\/revisions"}],"predecessor-version":[{"id":7581,"href":"http:\/\/narodnimuzejnis.rs\/RS\/wp-json\/wp\/v2\/pages\/3334\/revisions\/7581"}],"up":[{"embeddable":true,"href":"http:\/\/narodnimuzejnis.rs\/RS\/wp-json\/wp\/v2\/pages\/45"}],"wp:attachment":[{"href":"http:\/\/narodnimuzejnis.rs\/RS\/wp-json\/wp\/v2\/media?parent=3334"}],"curies":[{"name":"wp","href":"https:\/\/api.w.org\/{rel}","templated":true}]}}