{"id":3080,"date":"2018-06-06T14:26:17","date_gmt":"2018-06-06T12:26:17","guid":{"rendered":"http:\/\/narodnimuzejnis.rs\/?page_id=3080"},"modified":"2020-02-19T08:43:48","modified_gmt":"2020-02-19T07:43:48","slug":"%d1%98%d0%b0%d0%b2%d0%bd%d0%b5-%d0%bd%d0%b0%d0%b1%d0%b0%d0%b2%d0%ba%d0%b5-2018","status":"publish","type":"page","link":"http:\/\/narodnimuzejnis.rs\/RS\/o-muzeju\/%d0%b4%d0%be%d0%ba%d1%83%d0%bc%d0%b5%d0%bd%d1%82%d0%b0\/%d1%98%d0%b0%d0%b2%d0%bd%d0%b5-%d0%bd%d0%b0%d0%b1%d0%b2%d0%ba%d0%b5\/%d1%98%d0%b0%d0%b2%d0%bd%d0%b5-%d0%bd%d0%b0%d0%b1%d0%b0%d0%b2%d0%ba%d0%b5-2018\/","title":{"rendered":"Javne nabavke 2018"},"content":{"rendered":"<p><a href=\"http:\/\/narodnimuzejnis.rs\/?p=3094\">Javna nabavka &#8211; Ure\u0111enje toaleta Logora na Crvenom krstu<\/a><\/p>\n<p><a href=\"http:\/\/narodnimuzejnis.rs\/?p=3106\" rel=\"noopener\">Javna nabavka &#8211; Ra\u010dunarska i elektronska oprema<\/a><\/p>\n<p><a href=\"http:\/\/narodnimuzejnis.rs\/?p=3151\">Javna nabavka &#8211; Usluge \u0161tampanja kataloga i publikacija<\/a><\/p>\n<p><a href=\"http:\/\/narodnimuzejnis.rs\/?p=3393\">Javna nabavka &#8211; Usluge \u0161tampanja publikacij\u0435<\/a><\/p>\n<p><a href=\"http:\/\/narodnimuzejnis.rs\/?p=3407\">Javna nabavka &#8211; Nabavka putni\u010dkog automobila<\/a><\/p>\n<p><a href=\"http:\/\/narodnimuzejnis.rs\/?p=3404\">Javna nabavka &#8211; Nabavka ra\u010dunarske i elektronske opreme<\/a><\/p>","protected":false},"excerpt":{"rendered":"<p>Javna nabavka &#8211; Ure\u0111enje toaleta Logora na Crvenom krstu Javna nabavka &#8211; Ra\u010dunarska i elektronska oprema Javna nabavka &#8211; Usluge \u0161tampanja kataloga i publikacija Javna &hellip;<\/p>\n","protected":false},"author":1,"featured_media":0,"parent":2031,"menu_order":3,"comment_status":"closed","ping_status":"closed","template":"","meta":{"ngg_post_thumbnail":0,"_links_to":"","_links_to_target":""},"_links":{"self":[{"href":"http:\/\/narodnimuzejnis.rs\/RS\/wp-json\/wp\/v2\/pages\/3080"}],"collection":[{"href":"http:\/\/narodnimuzejnis.rs\/RS\/wp-json\/wp\/v2\/pages"}],"about":[{"href":"http:\/\/narodnimuzejnis.rs\/RS\/wp-json\/wp\/v2\/types\/page"}],"author":[{"embeddable":true,"href":"http:\/\/narodnimuzejnis.rs\/RS\/wp-json\/wp\/v2\/users\/1"}],"replies":[{"embeddable":true,"href":"http:\/\/narodnimuzejnis.rs\/RS\/wp-json\/wp\/v2\/comments?post=3080"}],"version-history":[{"count":10,"href":"http:\/\/narodnimuzejnis.rs\/RS\/wp-json\/wp\/v2\/pages\/3080\/revisions"}],"predecessor-version":[{"id":5492,"href":"http:\/\/narodnimuzejnis.rs\/RS\/wp-json\/wp\/v2\/pages\/3080\/revisions\/5492"}],"up":[{"embeddable":true,"href":"http:\/\/narodnimuzejnis.rs\/RS\/wp-json\/wp\/v2\/pages\/2031"}],"wp:attachment":[{"href":"http:\/\/narodnimuzejnis.rs\/RS\/wp-json\/wp\/v2\/media?parent=3080"}],"curies":[{"name":"wp","href":"https:\/\/api.w.org\/{rel}","templated":true}]}}