{"id":2469,"date":"2017-08-29T09:42:58","date_gmt":"2017-08-29T07:42:58","guid":{"rendered":"http:\/\/narodnimuzejnis.rs\/?page_id=2469"},"modified":"2017-11-20T13:09:30","modified_gmt":"2017-11-20T12:09:30","slug":"%d1%98%d0%b0%d0%b2%d0%bd%d0%b0-%d0%bd%d0%b0%d0%b1%d0%b0%d0%b2%d0%ba%d0%b0-%d0%b8%d0%b7%d1%80%d0%b0%d0%b4%d0%b0-%d0%b8%d0%b4%d0%b5%d1%98%d0%bd%d0%be%d0%b3-%d1%80%d0%b5%d1%88%d0%b5%d1%9a%d0%b0-%d0%bd","status":"publish","type":"page","link":"http:\/\/narodnimuzejnis.rs\/RS\/o-muzeju\/%d0%b4%d0%be%d0%ba%d1%83%d0%bc%d0%b5%d0%bd%d1%82%d0%b0\/%d1%98%d0%b0%d0%b2%d0%bd%d0%b5-%d0%bd%d0%b0%d0%b1%d0%b2%d0%ba%d0%b5\/%d1%98%d0%b0%d0%b2%d0%bd%d0%b5-%d0%bd%d0%b0%d0%b1%d0%b0%d0%b2%d0%ba%d0%b5-2017\/%d1%98%d0%b0%d0%b2%d0%bd%d0%b0-%d0%bd%d0%b0%d0%b1%d0%b0%d0%b2%d0%ba%d0%b0-%d0%b8%d0%b7%d1%80%d0%b0%d0%b4%d0%b0-%d0%b8%d0%b4%d0%b5%d1%98%d0%bd%d0%be%d0%b3-%d1%80%d0%b5%d1%88%d0%b5%d1%9a%d0%b0-%d0%bd\/","title":{"rendered":"Javna nabavka &#8211; Izrada idejnog re\u0161enja na arhitektonskom konkursu za rekonstrukciju zgrade muzeja na arheolo\u0161kom nalazi\u0161tu Medijana"},"content":{"rendered":"<p>Preuzmite <a href=\"http:\/\/narodnimuzejnis.rs\/wp-content\/uploads\/2017\/08\/Javni-poziv-za-konkurs-za-dizajn.pdf\" target=\"_blank\" rel=\"noopener\">Javni poziv<\/a><\/p>\n<p>Preuzmite <a href=\"http:\/\/narodnimuzejnis.rs\/wp-content\/uploads\/2017\/08\/Konkursna-dokumentacija-dizajn.pdf\" target=\"_blank\" rel=\"noopener\">Konkursnu dokumentaciju<\/a><\/p>\n<p>Preuzmite <a href=\"http:\/\/narodnimuzejnis.rs\/wp-content\/uploads\/2017\/08\/PRILOZI-ZA-KONKURSNU-DOKUMENTACIJU.zip\" target=\"_blank\" rel=\"noopener\">Priloge za konkursnu dokumentaciju<\/a><\/p>\n<p>Preuzmite <a href=\"http:\/\/narodnimuzejnis.rs\/wp-content\/uploads\/2017\/08\/model-ugovora-konkurs-za-dizajn.docx\" target=\"_blank\" rel=\"noopener\">Model ugovora<\/a><\/p>\n<p>Preuzmite <a href=\"http:\/\/narodnimuzejnis.rs\/wp-content\/uploads\/2017\/09\/Odgovori-za-JN-2-2017.doc\" target=\"_blank\" rel=\"noopener\">Odgovore na pitanja zainteresovanih lica<\/a><\/p>\n<p>Preuzmite <a href=\"http:\/\/narodnimuzejnis.rs\/wp-content\/uploads\/2017\/10\/obavestenje-o-rezultatima-konkursa-Medijana.pdf\" target=\"_blank\" rel=\"noopener\">Obave\u0161tenje o rezultatima konkursa<\/a><\/p>\n<p>Preuzmite <a href=\"http:\/\/narodnimuzejnis.rs\/wp-content\/uploads\/2017\/11\/KATALOG-KONKURSNIH-RADOVA.pdf\" target=\"_blank\" rel=\"noopener\">Katalog konkursnih radova<\/a><\/p>","protected":false},"excerpt":{"rendered":"<p>Preuzmite Javni poziv Preuzmite Konkursnu dokumentaciju Preuzmite Priloge za konkursnu dokumentaciju Preuzmite Model ugovora Preuzmite Odgovore na pitanja zainteresovanih lica Preuzmite Obave\u0161tenje o rezultatima konkursa &hellip;<\/p>\n","protected":false},"author":1,"featured_media":0,"parent":2506,"menu_order":2,"comment_status":"closed","ping_status":"closed","template":"","meta":{"ngg_post_thumbnail":0,"_links_to":"","_links_to_target":""},"_links":{"self":[{"href":"http:\/\/narodnimuzejnis.rs\/RS\/wp-json\/wp\/v2\/pages\/2469"}],"collection":[{"href":"http:\/\/narodnimuzejnis.rs\/RS\/wp-json\/wp\/v2\/pages"}],"about":[{"href":"http:\/\/narodnimuzejnis.rs\/RS\/wp-json\/wp\/v2\/types\/page"}],"author":[{"embeddable":true,"href":"http:\/\/narodnimuzejnis.rs\/RS\/wp-json\/wp\/v2\/users\/1"}],"replies":[{"embeddable":true,"href":"http:\/\/narodnimuzejnis.rs\/RS\/wp-json\/wp\/v2\/comments?post=2469"}],"version-history":[{"count":7,"href":"http:\/\/narodnimuzejnis.rs\/RS\/wp-json\/wp\/v2\/pages\/2469\/revisions"}],"predecessor-version":[{"id":2657,"href":"http:\/\/narodnimuzejnis.rs\/RS\/wp-json\/wp\/v2\/pages\/2469\/revisions\/2657"}],"up":[{"embeddable":true,"href":"http:\/\/narodnimuzejnis.rs\/RS\/wp-json\/wp\/v2\/pages\/2506"}],"wp:attachment":[{"href":"http:\/\/narodnimuzejnis.rs\/RS\/wp-json\/wp\/v2\/media?parent=2469"}],"curies":[{"name":"wp","href":"https:\/\/api.w.org\/{rel}","templated":true}]}}