{"id":170,"date":"2015-02-04T10:47:54","date_gmt":"2015-02-04T10:47:54","guid":{"rendered":"http:\/\/narodnimuzejnis.rs\/?page_id=170"},"modified":"2023-02-23T12:08:00","modified_gmt":"2023-02-23T11:08:00","slug":"arheoloska-sala","status":"publish","type":"page","link":"http:\/\/narodnimuzejnis.rs\/RS\/o-muzeju\/objekti\/arheoloska-sala\/","title":{"rendered":"Arheolo\u0161ka sala"},"content":{"rendered":"<p><\/p>\n\n\n\n<p>Izlo\u017ebom Arheolo\u0161ko blago Ni\u0161a od neolita do srednjeg veka Narodni muzej \u017eeli da upozna javnost sa najlep\u0161im i najzna\u010dajnijim predmetima koje \u010duva u svojim zbirkama. Oni poti\u010du iz najstarijih razdoblja duge istorije grada Ni\u0161a, \u010diju pro\u0161lost Muzej prati i prou\u010dava. Izlo\u017ebom je obuhva\u0107en dug period od oko 6000. godine pre nove ere do kraja XV veka.&nbsp;<\/p>\n\n\n\n<p>U tom dugom periodu \u017eivot se na ovom prostoru neprekidno odvijao, o \u010demu svedo\u010de mnogi predmeti prona\u0111eni slu\u010dajno ili prilikom arheolo\u0161kih istra\u017eivanja: oru\u0111e, oru\u017eje, kerami\u010dke i staklene posude, figurine, nakit, skulpture, epigrafski spomenici, freske, mozaici, novac, itd.<\/p>\n\n\n\n<p><\/p>","protected":false},"excerpt":{"rendered":"<p>Izlo\u017ebom Arheolo\u0161ko blago Ni\u0161a od neolita do srednjeg veka Narodni muzej \u017eeli da upozna javnost sa najlep\u0161im i najzna\u010dajnijim predmetima koje \u010duva u svojim zbirkama. &hellip;<\/p>\n","protected":false},"author":1,"featured_media":0,"parent":45,"menu_order":5,"comment_status":"closed","ping_status":"closed","template":"","meta":{"ngg_post_thumbnail":0,"_links_to":"","_links_to_target":""},"_links":{"self":[{"href":"http:\/\/narodnimuzejnis.rs\/RS\/wp-json\/wp\/v2\/pages\/170"}],"collection":[{"href":"http:\/\/narodnimuzejnis.rs\/RS\/wp-json\/wp\/v2\/pages"}],"about":[{"href":"http:\/\/narodnimuzejnis.rs\/RS\/wp-json\/wp\/v2\/types\/page"}],"author":[{"embeddable":true,"href":"http:\/\/narodnimuzejnis.rs\/RS\/wp-json\/wp\/v2\/users\/1"}],"replies":[{"embeddable":true,"href":"http:\/\/narodnimuzejnis.rs\/RS\/wp-json\/wp\/v2\/comments?post=170"}],"version-history":[{"count":12,"href":"http:\/\/narodnimuzejnis.rs\/RS\/wp-json\/wp\/v2\/pages\/170\/revisions"}],"predecessor-version":[{"id":7578,"href":"http:\/\/narodnimuzejnis.rs\/RS\/wp-json\/wp\/v2\/pages\/170\/revisions\/7578"}],"up":[{"embeddable":true,"href":"http:\/\/narodnimuzejnis.rs\/RS\/wp-json\/wp\/v2\/pages\/45"}],"wp:attachment":[{"href":"http:\/\/narodnimuzejnis.rs\/RS\/wp-json\/wp\/v2\/media?parent=170"}],"curies":[{"name":"wp","href":"https:\/\/api.w.org\/{rel}","templated":true}]}}