{"id":162,"date":"2015-02-04T10:45:08","date_gmt":"2015-02-04T10:45:08","guid":{"rendered":"http:\/\/narodnimuzejnis.rs\/?page_id=162"},"modified":"2023-02-23T10:02:49","modified_gmt":"2023-02-23T09:02:49","slug":"cele-kula","status":"publish","type":"page","link":"http:\/\/narodnimuzejnis.rs\/RS\/o-muzeju\/objekti\/cele-kula\/","title":{"rendered":"\u0106ele-kula"},"content":{"rendered":"<p><\/p>\n\n\n\n<p>Posle \u010cegarske bitke Turci su \u017eeleli da se na najsvirepiji na\u010din osvete srpskom narodu. Oni su na periferiji Ni\u0161a, na putu koji vodi ka Carigradu, odlu\u010dili da podignu kulu od glava izginulih srpskih vojnika. Turski zapovednik Ni\u0161a (1809\u20131812), Hur\u0161id-pa\u0161a, naredio je Srbima \u0107ur\u010dijama da oderu glave i ko\u017ee ispune pamukom. Za taj posao bili su pla\u0107eni po 25 gro\u0161a. Ko\u017ee ispunjene pamukom poslate su sultanu u Carigrad, u znak pobede. Od lobanja je podignuta \u0106ele-kula, \u0161to na turskom jeziku zna\u010di kula od ljudskih lobanja. \u0106ele-kula je gra\u0111evina \u010detvorougaonog oblika, visine oko 4 metra. Glave su bile okrenute napolje, a bile su utvr\u0111ene kre\u010dom i peskom. Bilo je 952 lobanja, u 14 redova sa svake strane.<\/p>\n\n\n\n<p>Ovaj jezivi spomenik ostavljao je mu\u010dan i te\u017eak utisak na sve one koji su ga videli, a naro\u010dito na srpski \u017eivalj u gradu i okolini. Iz humanih i religioznih razloga hri\u0161\u0107ani iz Ni\u0161a su no\u0107u skidali lobanje sa kule i sahranjivali ih na groblju. Saznav\u0161i za ovo, Turci su stali na put daljem uru\u0161avanju spomenika. Vremenom se, me\u0111utim, promenilo mi\u0161ljenje o \u0106ele-kuli i kod trezvenijih Turaka.<\/p>\n\n\n\n<p>Za vreme svoje uprave u Ni\u0161u (1861\u20131866), Mithad-pa\u0161a, \u0161kolovan u Parizu, nameravao je da poru\u0161i ovaj varvarski spomenik, ali je nai\u0161ao na otpor ni\u0161kih Turaka. Na taj na\u010din kula je sa\u010duvana, \u010dime je u\u010dinjena velika usluga na\u0161em narodu. Do oslobo\u0111enja Ni\u0161a od Turaka 1878. godine kula je bila otkrivena. Iste godine je ogra\u0111ena i natkrivena. \u010cetrnaest godina kasnije, dobrovoljnim prilozima stanovnika \u010ditave Srbije, ozidana je kapela koja i danas postoji. Nakon oslobo\u0111enja Ni\u0161a broj lobanja na kuli vidno je smanjen.<\/p>\n\n\n\n<p>Danas je od zaborava sa\u010duvano 58 lobanja. Za\u0161tita i ure\u0111enje \u0106ele-kule, preduzete prvih godina posle oslobo\u0111enja grada, nastavljeni su i kasnije. Prilikom proslave 60-godi\u0161njice oslobo\u0111enja Ni\u0161a od Turaka (1937), oko kule je podignuta gvozdena ograda. Godinu dana kasnije, ispred \u0106ele-kule postavljen je spomenik sa bistom Stevana Sin\u0111eli\u0107a i reljefom na kome je prikazana bitka na \u010cegru. Spomenik je delo vajara Slavka Mileti\u0107a. Povodom proslave 180-godi\u0161njice \u010cegarske bitke 31. maja 1989. godine, ure\u0111en je prostor oko \u0106ele-kule i obnovljena je sama kapela.<\/p>\n\n\n\n<p>Podigav\u0161i \u0106ele-kulu u Ni\u0161u, gradu koji spaja srednju sa jugoisto\u010dnom Evropom i Bliskim istokom, Turci su \u017eeleli da taj spomenik bude opomena balkanskim narodima \u2013 da \u0107e ih sna\u0107i grozna smrt ako poku\u0161aju da se dignu protiv turske vlasti. Spomenik, me\u0111utim, nije odigrao tu ulogu. On je, naprotiv, bio podsticaj za kona\u010dno oslobo\u0111enje.<\/p>\n\n\n\n<p>Kada je 1833. godine francuski pesnik i akademik Alfons de Lamartin (1790\u20121869) izdao u Parizu svoje delo <em>Put na Istok<\/em>, on je u posebnom poglavlju \u201eBele\u0161ke o Srbiji\u201d, duboko potresen onim \u0161to je video u \u0106ele-kuli, izme\u0111u ostalog zabele\u017eio i slede\u0107e: \u201ePozdravih okom i srcem ostatke ovih hrabrih ljudi, \u010dije su odse\u010dene glave postale kamen temeljac nezavisnosti njihove otad\u017ebine\u201d.<\/p>\n\n\n\n<!-- index.php -->\n<div\n\tclass=\"ngg-galleryoverview ngg-ajax-pagination-none\"\n\tid=\"ngg-gallery-a24ce8f802089ec29c5c20f247d4cac7-1\">\n\n    \t\t<!-- Thumbnails -->\n\t\t\t\t<div id=\"ngg-image-0\" class=\"ngg-gallery-thumbnail-box\" >\n\t\t\t\t        <div class=\"ngg-gallery-thumbnail\">\n            <a href=\"http:\/\/narodnimuzejnis.rs\/wp-content\/gallery\/cele-kula\/1.fw_.png\"\n               title=\"\"\n               data-src=\"http:\/\/narodnimuzejnis.rs\/wp-content\/gallery\/cele-kula\/1.fw_.png\"\n               data-thumbnail=\"http:\/\/narodnimuzejnis.rs\/wp-content\/gallery\/cele-kula\/thumbs\/thumbs_1.fw_.png\"\n               data-image-id=\"1288\"\n               data-title=\"1.fw_\"\n               data-description=\"\"\n               data-image-slug=\"1-fw_-3\"\n               class=\"ngg-fancybox\" rel=\"a24ce8f802089ec29c5c20f247d4cac7\">\n                <img\n                    title=\"1.fw_\"\n                    alt=\"1.fw_\"\n                    src=\"http:\/\/narodnimuzejnis.rs\/wp-content\/gallery\/cele-kula\/cache\/1.fw_.png-nggid041288-ngg0dyn-220x165x100-00f0w010c011r110f110r010t010.png\"\n                    width=\"220\"\n                    height=\"165\"\n                    style=\"max-width:100%;\"\n                \/>\n            <\/a>\n        <\/div>\n\t\t\t\t\t\t\t<\/div> \n\t\t\t\n        \n\t\t\t\t<div id=\"ngg-image-1\" class=\"ngg-gallery-thumbnail-box\" >\n\t\t\t\t        <div class=\"ngg-gallery-thumbnail\">\n            <a href=\"http:\/\/narodnimuzejnis.rs\/wp-content\/gallery\/cele-kula\/2.fw_.png\"\n               title=\"\"\n               data-src=\"http:\/\/narodnimuzejnis.rs\/wp-content\/gallery\/cele-kula\/2.fw_.png\"\n               data-thumbnail=\"http:\/\/narodnimuzejnis.rs\/wp-content\/gallery\/cele-kula\/thumbs\/thumbs_2.fw_.png\"\n               data-image-id=\"1289\"\n               data-title=\"2.fw_\"\n               data-description=\"\"\n               data-image-slug=\"2-fw_-1\"\n               class=\"ngg-fancybox\" rel=\"a24ce8f802089ec29c5c20f247d4cac7\">\n                <img\n                    title=\"2.fw_\"\n                    alt=\"2.fw_\"\n                    src=\"http:\/\/narodnimuzejnis.rs\/wp-content\/gallery\/cele-kula\/cache\/2.fw_.png-nggid041289-ngg0dyn-220x165x100-00f0w010c011r110f110r010t010.png\"\n                    width=\"220\"\n                    height=\"165\"\n                    style=\"max-width:100%;\"\n                \/>\n            <\/a>\n        <\/div>\n\t\t\t\t\t\t\t<\/div> \n\t\t\t\n        \n\t\t\t\t<div id=\"ngg-image-2\" class=\"ngg-gallery-thumbnail-box\" >\n\t\t\t\t        <div class=\"ngg-gallery-thumbnail\">\n            <a href=\"http:\/\/narodnimuzejnis.rs\/wp-content\/gallery\/cele-kula\/3.fw_.png\"\n               title=\"\"\n               data-src=\"http:\/\/narodnimuzejnis.rs\/wp-content\/gallery\/cele-kula\/3.fw_.png\"\n               data-thumbnail=\"http:\/\/narodnimuzejnis.rs\/wp-content\/gallery\/cele-kula\/thumbs\/thumbs_3.fw_.png\"\n               data-image-id=\"1290\"\n               data-title=\"3.fw_\"\n               data-description=\"\"\n               data-image-slug=\"3-fw_-1\"\n               class=\"ngg-fancybox\" rel=\"a24ce8f802089ec29c5c20f247d4cac7\">\n                <img\n                    title=\"3.fw_\"\n                    alt=\"3.fw_\"\n                    src=\"http:\/\/narodnimuzejnis.rs\/wp-content\/gallery\/cele-kula\/cache\/3.fw_.png-nggid041290-ngg0dyn-220x165x100-00f0w010c011r110f110r010t010.png\"\n                    width=\"220\"\n                    height=\"165\"\n                    style=\"max-width:100%;\"\n                \/>\n            <\/a>\n        <\/div>\n\t\t\t\t\t\t\t<\/div> \n\t\t\t\n        \n\t\t\n\t\t<!-- Pagination -->\n\t<div class='ngg-clear'><\/div>\t<\/div>\n\n\n\n\n<p><\/p>","protected":false},"excerpt":{"rendered":"<p>Posle \u010cegarske bitke Turci su \u017eeleli da se na najsvirepiji na\u010din osvete srpskom narodu. Oni su na periferiji Ni\u0161a, na putu koji vodi ka Carigradu, &hellip;<\/p>\n","protected":false},"author":1,"featured_media":0,"parent":45,"menu_order":1,"comment_status":"closed","ping_status":"closed","template":"","meta":{"ngg_post_thumbnail":0,"_links_to":"","_links_to_target":""},"_links":{"self":[{"href":"http:\/\/narodnimuzejnis.rs\/RS\/wp-json\/wp\/v2\/pages\/162"}],"collection":[{"href":"http:\/\/narodnimuzejnis.rs\/RS\/wp-json\/wp\/v2\/pages"}],"about":[{"href":"http:\/\/narodnimuzejnis.rs\/RS\/wp-json\/wp\/v2\/types\/page"}],"author":[{"embeddable":true,"href":"http:\/\/narodnimuzejnis.rs\/RS\/wp-json\/wp\/v2\/users\/1"}],"replies":[{"embeddable":true,"href":"http:\/\/narodnimuzejnis.rs\/RS\/wp-json\/wp\/v2\/comments?post=162"}],"version-history":[{"count":13,"href":"http:\/\/narodnimuzejnis.rs\/RS\/wp-json\/wp\/v2\/pages\/162\/revisions"}],"predecessor-version":[{"id":7553,"href":"http:\/\/narodnimuzejnis.rs\/RS\/wp-json\/wp\/v2\/pages\/162\/revisions\/7553"}],"up":[{"embeddable":true,"href":"http:\/\/narodnimuzejnis.rs\/RS\/wp-json\/wp\/v2\/pages\/45"}],"wp:attachment":[{"href":"http:\/\/narodnimuzejnis.rs\/RS\/wp-json\/wp\/v2\/media?parent=162"}],"curies":[{"name":"wp","href":"https:\/\/api.w.org\/{rel}","templated":true}]}}